{"id":8489,"date":"2025-08-17T21:19:20","date_gmt":"2025-08-17T19:19:20","guid":{"rendered":"https:\/\/gmracketsports.us\/?page_id=8489"},"modified":"2025-08-17T21:19:22","modified_gmt":"2025-08-17T19:19:22","slug":"iplayme2-video-vision-general","status":"publish","type":"page","link":"https:\/\/gmracketsports.us\/es\/iplayme2-video-vision-general\/","title":{"rendered":"iPlayMe2 video &#8211; Visi\u00f3n general"},"content":{"rendered":"\n<figure class=\"wp-block-video\"><video height=\"1080\" style=\"aspect-ratio: 1920 \/ 1080;\" width=\"1920\" autoplay controls muted src=\"https:\/\/gmracketsports.us\/wp-content\/uploads\/2025\/08\/iplayme2-1-overview.mp4\"><\/video><\/figure>\n\n\n\n<p><\/p>\n","protected":false},"excerpt":{"rendered":"","protected":false},"author":5,"featured_media":0,"parent":0,"menu_order":0,"comment_status":"closed","ping_status":"closed","template":"","meta":{"footnotes":""},"class_list":["post-8489","page","type-page","status-publish"],"yoast_head":"<!-- This site is optimized with the Yoast SEO plugin v24.0 - https:\/\/yoast.com\/wordpress\/plugins\/seo\/ -->\n<title>iPlayMe2 video - Visi\u00f3n general &#171; GM Racket Sports<\/title>\n<meta name=\"description\" content=\"Consultor\u00eda deportiva de deportes de pala o raqueta, en especial con p\u00e1del y pickleball. Te asesoramos a nivel nacional e internacional.\" \/>\n<meta name=\"robots\" content=\"index, follow, max-snippet:-1, max-image-preview:large, max-video-preview:-1\" \/>\n<link rel=\"canonical\" href=\"https:\/\/gmracketsports.us\/es\/iplayme2-video-vision-general\/\" \/>\n<meta property=\"og:locale\" content=\"es_ES\" \/>\n<meta property=\"og:type\" content=\"article\" \/>\n<meta property=\"og:title\" content=\"iPlayMe2 video - Visi\u00f3n general &#171; GM Racket Sports\" \/>\n<meta property=\"og:description\" content=\"Consultor\u00eda deportiva de deportes de pala o raqueta, en especial con p\u00e1del y pickleball. Te asesoramos a nivel nacional e internacional.\" \/>\n<meta property=\"og:url\" content=\"https:\/\/gmracketsports.us\/es\/iplayme2-video-vision-general\/\" \/>\n<meta property=\"og:site_name\" content=\"GM Racket Sports\" \/>\n<meta property=\"article:modified_time\" content=\"2025-08-17T19:19:22+00:00\" \/>\n<meta name=\"twitter:card\" content=\"summary_large_image\" \/>\n<script type=\"application\/ld+json\" class=\"yoast-schema-graph\">{\"@context\":\"https:\/\/schema.org\",\"@graph\":[{\"@type\":\"WebPage\",\"@id\":\"https:\/\/gmracketsports.us\/es\/iplayme2-video-vision-general\/\",\"url\":\"https:\/\/gmracketsports.us\/es\/iplayme2-video-vision-general\/\",\"name\":\"iPlayMe2 video - Visi\u00f3n general &#171; GM Racket Sports\",\"isPartOf\":{\"@id\":\"https:\/\/gmracketsports.us\/es\/#website\"},\"datePublished\":\"2025-08-17T19:19:20+00:00\",\"dateModified\":\"2025-08-17T19:19:22+00:00\",\"description\":\"Consultor\u00eda deportiva de deportes de pala o raqueta, en especial con p\u00e1del y pickleball. Te asesoramos a nivel nacional e internacional.\",\"breadcrumb\":{\"@id\":\"https:\/\/gmracketsports.us\/es\/iplayme2-video-vision-general\/#breadcrumb\"},\"inLanguage\":\"es\",\"potentialAction\":[{\"@type\":\"ReadAction\",\"target\":[\"https:\/\/gmracketsports.us\/es\/iplayme2-video-vision-general\/\"]}]},{\"@type\":\"BreadcrumbList\",\"@id\":\"https:\/\/gmracketsports.us\/es\/iplayme2-video-vision-general\/#breadcrumb\",\"itemListElement\":[{\"@type\":\"ListItem\",\"position\":1,\"name\":\"Portada\",\"item\":\"https:\/\/gmracketsports.us\/es\/\"},{\"@type\":\"ListItem\",\"position\":2,\"name\":\"iPlayMe2 video &#8211; Visi\u00f3n general\"}]},{\"@type\":\"WebSite\",\"@id\":\"https:\/\/gmracketsports.us\/es\/#website\",\"url\":\"https:\/\/gmracketsports.us\/es\/\",\"name\":\"GM Racket Sports\",\"description\":\"GM Racket Sports\",\"publisher\":{\"@id\":\"https:\/\/gmracketsports.us\/es\/#organization\"},\"potentialAction\":[{\"@type\":\"SearchAction\",\"target\":{\"@type\":\"EntryPoint\",\"urlTemplate\":\"https:\/\/gmracketsports.us\/es\/?s={search_term_string}\"},\"query-input\":{\"@type\":\"PropertyValueSpecification\",\"valueRequired\":true,\"valueName\":\"search_term_string\"}}],\"inLanguage\":\"es\"},{\"@type\":\"Organization\",\"@id\":\"https:\/\/gmracketsports.us\/es\/#organization\",\"name\":\"GM Racket Sports\",\"url\":\"https:\/\/gmracketsports.us\/es\/\",\"logo\":{\"@type\":\"ImageObject\",\"inLanguage\":\"es\",\"@id\":\"https:\/\/gmracketsports.us\/es\/#\/schema\/logo\/image\/\",\"url\":\"https:\/\/gmracketsports.us\/wp-content\/uploads\/2021\/11\/gmrsescudo-y-nombrergb-e1637684202102.png\",\"contentUrl\":\"https:\/\/gmracketsports.us\/wp-content\/uploads\/2021\/11\/gmrsescudo-y-nombrergb-e1637684202102.png\",\"width\":1000,\"height\":567,\"caption\":\"GM Racket Sports\"},\"image\":{\"@id\":\"https:\/\/gmracketsports.us\/es\/#\/schema\/logo\/image\/\"}}]}<\/script>\n<!-- \/ Yoast SEO plugin. -->","yoast_head_json":{"title":"iPlayMe2 video - Visi\u00f3n general &#171; GM Racket Sports","description":"Consultor\u00eda deportiva de deportes de pala o raqueta, en especial con p\u00e1del y pickleball. Te asesoramos a nivel nacional e internacional.","robots":{"index":"index","follow":"follow","max-snippet":"max-snippet:-1","max-image-preview":"max-image-preview:large","max-video-preview":"max-video-preview:-1"},"canonical":"https:\/\/gmracketsports.us\/es\/iplayme2-video-vision-general\/","og_locale":"es_ES","og_type":"article","og_title":"iPlayMe2 video - Visi\u00f3n general &#171; GM Racket Sports","og_description":"Consultor\u00eda deportiva de deportes de pala o raqueta, en especial con p\u00e1del y pickleball. Te asesoramos a nivel nacional e internacional.","og_url":"https:\/\/gmracketsports.us\/es\/iplayme2-video-vision-general\/","og_site_name":"GM Racket Sports","article_modified_time":"2025-08-17T19:19:22+00:00","twitter_card":"summary_large_image","schema":{"@context":"https:\/\/schema.org","@graph":[{"@type":"WebPage","@id":"https:\/\/gmracketsports.us\/es\/iplayme2-video-vision-general\/","url":"https:\/\/gmracketsports.us\/es\/iplayme2-video-vision-general\/","name":"iPlayMe2 video - Visi\u00f3n general &#171; GM Racket Sports","isPartOf":{"@id":"https:\/\/gmracketsports.us\/es\/#website"},"datePublished":"2025-08-17T19:19:20+00:00","dateModified":"2025-08-17T19:19:22+00:00","description":"Consultor\u00eda deportiva de deportes de pala o raqueta, en especial con p\u00e1del y pickleball. Te asesoramos a nivel nacional e internacional.","breadcrumb":{"@id":"https:\/\/gmracketsports.us\/es\/iplayme2-video-vision-general\/#breadcrumb"},"inLanguage":"es","potentialAction":[{"@type":"ReadAction","target":["https:\/\/gmracketsports.us\/es\/iplayme2-video-vision-general\/"]}]},{"@type":"BreadcrumbList","@id":"https:\/\/gmracketsports.us\/es\/iplayme2-video-vision-general\/#breadcrumb","itemListElement":[{"@type":"ListItem","position":1,"name":"Portada","item":"https:\/\/gmracketsports.us\/es\/"},{"@type":"ListItem","position":2,"name":"iPlayMe2 video &#8211; Visi\u00f3n general"}]},{"@type":"WebSite","@id":"https:\/\/gmracketsports.us\/es\/#website","url":"https:\/\/gmracketsports.us\/es\/","name":"GM Racket Sports","description":"GM Racket Sports","publisher":{"@id":"https:\/\/gmracketsports.us\/es\/#organization"},"potentialAction":[{"@type":"SearchAction","target":{"@type":"EntryPoint","urlTemplate":"https:\/\/gmracketsports.us\/es\/?s={search_term_string}"},"query-input":{"@type":"PropertyValueSpecification","valueRequired":true,"valueName":"search_term_string"}}],"inLanguage":"es"},{"@type":"Organization","@id":"https:\/\/gmracketsports.us\/es\/#organization","name":"GM Racket Sports","url":"https:\/\/gmracketsports.us\/es\/","logo":{"@type":"ImageObject","inLanguage":"es","@id":"https:\/\/gmracketsports.us\/es\/#\/schema\/logo\/image\/","url":"https:\/\/gmracketsports.us\/wp-content\/uploads\/2021\/11\/gmrsescudo-y-nombrergb-e1637684202102.png","contentUrl":"https:\/\/gmracketsports.us\/wp-content\/uploads\/2021\/11\/gmrsescudo-y-nombrergb-e1637684202102.png","width":1000,"height":567,"caption":"GM Racket Sports"},"image":{"@id":"https:\/\/gmracketsports.us\/es\/#\/schema\/logo\/image\/"}}]}},"_links":{"self":[{"href":"https:\/\/gmracketsports.us\/es\/wp-json\/wp\/v2\/pages\/8489","targetHints":{"allow":["GET"]}}],"collection":[{"href":"https:\/\/gmracketsports.us\/es\/wp-json\/wp\/v2\/pages"}],"about":[{"href":"https:\/\/gmracketsports.us\/es\/wp-json\/wp\/v2\/types\/page"}],"author":[{"embeddable":true,"href":"https:\/\/gmracketsports.us\/es\/wp-json\/wp\/v2\/users\/5"}],"replies":[{"embeddable":true,"href":"https:\/\/gmracketsports.us\/es\/wp-json\/wp\/v2\/comments?post=8489"}],"version-history":[{"count":1,"href":"https:\/\/gmracketsports.us\/es\/wp-json\/wp\/v2\/pages\/8489\/revisions"}],"predecessor-version":[{"id":8492,"href":"https:\/\/gmracketsports.us\/es\/wp-json\/wp\/v2\/pages\/8489\/revisions\/8492"}],"wp:attachment":[{"href":"https:\/\/gmracketsports.us\/es\/wp-json\/wp\/v2\/media?parent=8489"}],"curies":[{"name":"wp","href":"https:\/\/api.w.org\/{rel}","templated":true}]}}