{"id":8425,"date":"2025-08-09T23:22:48","date_gmt":"2025-08-09T21:22:48","guid":{"rendered":"https:\/\/gmracketsports.us\/?page_id=8425"},"modified":"2025-08-09T23:32:38","modified_gmt":"2025-08-09T21:32:38","slug":"1er-torneo-padel-real-madrid-miami-blanco","status":"publish","type":"page","link":"https:\/\/gmracketsports.us\/es\/1er-torneo-padel-real-madrid-miami-blanco\/","title":{"rendered":"1er Torneo de padel Real Madrid Miami Blanco"},"content":{"rendered":"\n<p>El 20 de septiembre de 2024, tuvimos la oportunidad de ser sponsors del 1er torneo de padel Real Madrid Miami Blanco.<\/p>\n\n\n\n<p>El torneo tuve lugar en las instalaciones indoor de i95 Padel Club, localizado junto a la ic\u00f3nica interestatal. <\/p>\n\n\n\n<p>La celebraci\u00f3n del torneo estuvo gestionada por la propia Pe\u00f1a y desde GM Racket Sports USA esponsorizamos todos los trofeos que se entregaron a los campeones y subcampeones en las diferentes categor\u00edas que tuvo el campeonato.  <\/p>\n\n\n\n<p>A continuaci\u00f3n, pod\u00e9is ver algunas im\u00e1genes del 1er torneo de padel Real Madrid Miami blanco que tuvo muy buena acogida y nos permiti\u00f3 vivir una jornada puramente deportiva en un clima inmejorable.<\/p>\n\n\n\n<figure class=\"wp-block-gallery has-nested-images columns-default is-cropped wp-block-gallery-1 is-layout-flex wp-block-gallery-is-layout-flex\">\n<figure class=\"wp-block-image size-large\"><a href=\"https:\/\/gmracketsports.us\/wp-content\/uploads\/2025\/01\/2025-01-16-204535.jpg\"><img fetchpriority=\"high\" decoding=\"async\" width=\"818\" height=\"1024\" data-id=\"8292\" src=\"https:\/\/gmracketsports.us\/wp-content\/uploads\/2025\/01\/2025-01-16-204535-818x1024.jpg\" alt=\"\" class=\"wp-image-8292\" srcset=\"https:\/\/gmracketsports.us\/wp-content\/uploads\/2025\/01\/2025-01-16-204535-818x1024.jpg 818w, https:\/\/gmracketsports.us\/wp-content\/uploads\/2025\/01\/2025-01-16-204535-240x300.jpg 240w, https:\/\/gmracketsports.us\/wp-content\/uploads\/2025\/01\/2025-01-16-204535-768x961.jpg 768w, https:\/\/gmracketsports.us\/wp-content\/uploads\/2025\/01\/2025-01-16-204535.jpg 1023w\" sizes=\"(max-width: 818px) 100vw, 818px\" \/><\/a><\/figure>\n\n\n\n<figure class=\"wp-block-image size-large\"><a href=\"https:\/\/gmracketsports.us\/wp-content\/uploads\/2025\/01\/2025-01-16-204458.jpg\"><img decoding=\"async\" width=\"1024\" height=\"576\" data-id=\"8294\" src=\"https:\/\/gmracketsports.us\/wp-content\/uploads\/2025\/01\/2025-01-16-204458-1024x576.jpg\" alt=\"\" class=\"wp-image-8294\" srcset=\"https:\/\/gmracketsports.us\/wp-content\/uploads\/2025\/01\/2025-01-16-204458-1024x576.jpg 1024w, https:\/\/gmracketsports.us\/wp-content\/uploads\/2025\/01\/2025-01-16-204458-300x169.jpg 300w, https:\/\/gmracketsports.us\/wp-content\/uploads\/2025\/01\/2025-01-16-204458-768x432.jpg 768w, https:\/\/gmracketsports.us\/wp-content\/uploads\/2025\/01\/2025-01-16-204458.jpg 1280w\" sizes=\"(max-width: 1024px) 100vw, 1024px\" \/><\/a><\/figure>\n\n\n\n<figure class=\"wp-block-image size-large\"><a href=\"https:\/\/gmracketsports.us\/wp-content\/uploads\/2025\/01\/2025-01-16-204523.jpg\"><img decoding=\"async\" width=\"576\" height=\"1024\" data-id=\"8296\" src=\"https:\/\/gmracketsports.us\/wp-content\/uploads\/2025\/01\/2025-01-16-204523-576x1024.jpg\" alt=\"\" class=\"wp-image-8296\" srcset=\"https:\/\/gmracketsports.us\/wp-content\/uploads\/2025\/01\/2025-01-16-204523-576x1024.jpg 576w, https:\/\/gmracketsports.us\/wp-content\/uploads\/2025\/01\/2025-01-16-204523-169x300.jpg 169w, https:\/\/gmracketsports.us\/wp-content\/uploads\/2025\/01\/2025-01-16-204523.jpg 720w\" sizes=\"(max-width: 576px) 100vw, 576px\" \/><\/a><\/figure>\n\n\n\n<figure class=\"wp-block-image size-large\"><a href=\"https:\/\/gmracketsports.us\/wp-content\/uploads\/2025\/01\/2025-01-16-204549.jpg\"><img loading=\"lazy\" decoding=\"async\" width=\"816\" height=\"1024\" data-id=\"8298\" src=\"https:\/\/gmracketsports.us\/wp-content\/uploads\/2025\/01\/2025-01-16-204549-816x1024.jpg\" alt=\"\" class=\"wp-image-8298\" srcset=\"https:\/\/gmracketsports.us\/wp-content\/uploads\/2025\/01\/2025-01-16-204549-816x1024.jpg 816w, https:\/\/gmracketsports.us\/wp-content\/uploads\/2025\/01\/2025-01-16-204549-239x300.jpg 239w, https:\/\/gmracketsports.us\/wp-content\/uploads\/2025\/01\/2025-01-16-204549-768x964.jpg 768w, https:\/\/gmracketsports.us\/wp-content\/uploads\/2025\/01\/2025-01-16-204549.jpg 1020w\" sizes=\"(max-width: 816px) 100vw, 816px\" \/><\/a><\/figure>\n\n\n\n<figure class=\"wp-block-image size-large\"><a href=\"https:\/\/gmracketsports.us\/wp-content\/uploads\/2025\/01\/2025-01-16-204542.jpg\"><img loading=\"lazy\" decoding=\"async\" width=\"1024\" height=\"1014\" data-id=\"8300\" src=\"https:\/\/gmracketsports.us\/wp-content\/uploads\/2025\/01\/2025-01-16-204542-1024x1014.jpg\" alt=\"\" class=\"wp-image-8300\" srcset=\"https:\/\/gmracketsports.us\/wp-content\/uploads\/2025\/01\/2025-01-16-204542-1024x1014.jpg 1024w, https:\/\/gmracketsports.us\/wp-content\/uploads\/2025\/01\/2025-01-16-204542-300x297.jpg 300w, https:\/\/gmracketsports.us\/wp-content\/uploads\/2025\/01\/2025-01-16-204542-150x150.jpg 150w, https:\/\/gmracketsports.us\/wp-content\/uploads\/2025\/01\/2025-01-16-204542-768x761.jpg 768w, https:\/\/gmracketsports.us\/wp-content\/uploads\/2025\/01\/2025-01-16-204542.jpg 1170w\" sizes=\"(max-width: 1024px) 100vw, 1024px\" \/><\/a><\/figure>\n<\/figure>\n\n\n\n<p><\/p>\n","protected":false},"excerpt":{"rendered":"<p>El 20 de septiembre de 2024, tuvimos la oportunidad de ser sponsors del 1er torneo de padel Real Madrid Miami Blanco. El torneo tuve lugar en las instalaciones indoor de i95 Padel Club, localizado junto a la ic\u00f3nica interestatal. La celebraci\u00f3n del torneo estuvo gestionada por la propia Pe\u00f1a y desde GM Racket Sports USA &#8230; <a title=\"1er Torneo de padel Real Madrid Miami Blanco\" class=\"read-more\" href=\"https:\/\/gmracketsports.us\/es\/1er-torneo-padel-real-madrid-miami-blanco\/\" aria-label=\"M\u00e1s en 1er Torneo de padel Real Madrid Miami Blanco\">Leer m\u00e1s<\/a><\/p>\n","protected":false},"author":5,"featured_media":8298,"parent":0,"menu_order":0,"comment_status":"closed","ping_status":"closed","template":"","meta":{"footnotes":""},"class_list":["post-8425","page","type-page","status-publish","has-post-thumbnail"],"yoast_head":"<!-- This site is optimized with the Yoast SEO plugin v24.0 - https:\/\/yoast.com\/wordpress\/plugins\/seo\/ -->\n<title>1er Torneo de padel Real Madrid Miami Blanco &#171; GM Racket Sports<\/title>\n<meta name=\"description\" content=\"1st Real Madrid Miami Blanco padel tournament\" \/>\n<meta name=\"robots\" content=\"index, follow, max-snippet:-1, max-image-preview:large, max-video-preview:-1\" \/>\n<link rel=\"canonical\" href=\"https:\/\/gmracketsports.us\/es\/1er-torneo-padel-real-madrid-miami-blanco\/\" \/>\n<meta property=\"og:locale\" content=\"es_ES\" \/>\n<meta property=\"og:type\" content=\"article\" \/>\n<meta property=\"og:title\" content=\"1er Torneo de padel Real Madrid Miami Blanco &#171; GM Racket Sports\" \/>\n<meta property=\"og:description\" content=\"1st Real Madrid Miami Blanco padel tournament\" \/>\n<meta property=\"og:url\" content=\"https:\/\/gmracketsports.us\/es\/1er-torneo-padel-real-madrid-miami-blanco\/\" \/>\n<meta property=\"og:site_name\" content=\"GM Racket Sports\" \/>\n<meta property=\"article:modified_time\" content=\"2025-08-09T21:32:38+00:00\" \/>\n<meta property=\"og:image\" content=\"https:\/\/gmracketsports.us\/wp-content\/uploads\/2025\/01\/2025-01-16-204549.jpg\" \/>\n\t<meta property=\"og:image:width\" content=\"1020\" \/>\n\t<meta property=\"og:image:height\" content=\"1280\" \/>\n\t<meta property=\"og:image:type\" content=\"image\/jpeg\" \/>\n<meta name=\"twitter:card\" content=\"summary_large_image\" \/>\n<meta name=\"twitter:label1\" content=\"Tiempo de lectura\" \/>\n\t<meta name=\"twitter:data1\" content=\"2 minutos\" \/>\n<script type=\"application\/ld+json\" class=\"yoast-schema-graph\">{\"@context\":\"https:\/\/schema.org\",\"@graph\":[{\"@type\":\"WebPage\",\"@id\":\"https:\/\/gmracketsports.us\/es\/1er-torneo-padel-real-madrid-miami-blanco\/\",\"url\":\"https:\/\/gmracketsports.us\/es\/1er-torneo-padel-real-madrid-miami-blanco\/\",\"name\":\"1er Torneo de padel Real Madrid Miami Blanco &#171; GM Racket Sports\",\"isPartOf\":{\"@id\":\"https:\/\/gmracketsports.us\/es\/#website\"},\"primaryImageOfPage\":{\"@id\":\"https:\/\/gmracketsports.us\/es\/1er-torneo-padel-real-madrid-miami-blanco\/#primaryimage\"},\"image\":{\"@id\":\"https:\/\/gmracketsports.us\/es\/1er-torneo-padel-real-madrid-miami-blanco\/#primaryimage\"},\"thumbnailUrl\":\"https:\/\/gmracketsports.us\/wp-content\/uploads\/2025\/01\/2025-01-16-204549.jpg\",\"datePublished\":\"2025-08-09T21:22:48+00:00\",\"dateModified\":\"2025-08-09T21:32:38+00:00\",\"description\":\"1st Real Madrid Miami Blanco padel tournament\",\"breadcrumb\":{\"@id\":\"https:\/\/gmracketsports.us\/es\/1er-torneo-padel-real-madrid-miami-blanco\/#breadcrumb\"},\"inLanguage\":\"es\",\"potentialAction\":[{\"@type\":\"ReadAction\",\"target\":[\"https:\/\/gmracketsports.us\/es\/1er-torneo-padel-real-madrid-miami-blanco\/\"]}]},{\"@type\":\"ImageObject\",\"inLanguage\":\"es\",\"@id\":\"https:\/\/gmracketsports.us\/es\/1er-torneo-padel-real-madrid-miami-blanco\/#primaryimage\",\"url\":\"https:\/\/gmracketsports.us\/wp-content\/uploads\/2025\/01\/2025-01-16-204549.jpg\",\"contentUrl\":\"https:\/\/gmracketsports.us\/wp-content\/uploads\/2025\/01\/2025-01-16-204549.jpg\",\"width\":1020,\"height\":1280},{\"@type\":\"BreadcrumbList\",\"@id\":\"https:\/\/gmracketsports.us\/es\/1er-torneo-padel-real-madrid-miami-blanco\/#breadcrumb\",\"itemListElement\":[{\"@type\":\"ListItem\",\"position\":1,\"name\":\"Portada\",\"item\":\"https:\/\/gmracketsports.us\/es\/\"},{\"@type\":\"ListItem\",\"position\":2,\"name\":\"1er Torneo de padel Real Madrid Miami Blanco\"}]},{\"@type\":\"WebSite\",\"@id\":\"https:\/\/gmracketsports.us\/es\/#website\",\"url\":\"https:\/\/gmracketsports.us\/es\/\",\"name\":\"GM Racket Sports\",\"description\":\"GM Racket Sports\",\"publisher\":{\"@id\":\"https:\/\/gmracketsports.us\/es\/#organization\"},\"potentialAction\":[{\"@type\":\"SearchAction\",\"target\":{\"@type\":\"EntryPoint\",\"urlTemplate\":\"https:\/\/gmracketsports.us\/es\/?s={search_term_string}\"},\"query-input\":{\"@type\":\"PropertyValueSpecification\",\"valueRequired\":true,\"valueName\":\"search_term_string\"}}],\"inLanguage\":\"es\"},{\"@type\":\"Organization\",\"@id\":\"https:\/\/gmracketsports.us\/es\/#organization\",\"name\":\"GM Racket Sports\",\"url\":\"https:\/\/gmracketsports.us\/es\/\",\"logo\":{\"@type\":\"ImageObject\",\"inLanguage\":\"es\",\"@id\":\"https:\/\/gmracketsports.us\/es\/#\/schema\/logo\/image\/\",\"url\":\"https:\/\/gmracketsports.us\/wp-content\/uploads\/2021\/11\/gmrsescudo-y-nombrergb-e1637684202102.png\",\"contentUrl\":\"https:\/\/gmracketsports.us\/wp-content\/uploads\/2021\/11\/gmrsescudo-y-nombrergb-e1637684202102.png\",\"width\":1000,\"height\":567,\"caption\":\"GM Racket Sports\"},\"image\":{\"@id\":\"https:\/\/gmracketsports.us\/es\/#\/schema\/logo\/image\/\"}}]}<\/script>\n<!-- \/ Yoast SEO plugin. -->","yoast_head_json":{"title":"1er Torneo de padel Real Madrid Miami Blanco &#171; GM Racket Sports","description":"1st Real Madrid Miami Blanco padel tournament","robots":{"index":"index","follow":"follow","max-snippet":"max-snippet:-1","max-image-preview":"max-image-preview:large","max-video-preview":"max-video-preview:-1"},"canonical":"https:\/\/gmracketsports.us\/es\/1er-torneo-padel-real-madrid-miami-blanco\/","og_locale":"es_ES","og_type":"article","og_title":"1er Torneo de padel Real Madrid Miami Blanco &#171; GM Racket Sports","og_description":"1st Real Madrid Miami Blanco padel tournament","og_url":"https:\/\/gmracketsports.us\/es\/1er-torneo-padel-real-madrid-miami-blanco\/","og_site_name":"GM Racket Sports","article_modified_time":"2025-08-09T21:32:38+00:00","og_image":[{"width":1020,"height":1280,"url":"https:\/\/gmracketsports.us\/wp-content\/uploads\/2025\/01\/2025-01-16-204549.jpg","type":"image\/jpeg"}],"twitter_card":"summary_large_image","twitter_misc":{"Tiempo de lectura":"2 minutos"},"schema":{"@context":"https:\/\/schema.org","@graph":[{"@type":"WebPage","@id":"https:\/\/gmracketsports.us\/es\/1er-torneo-padel-real-madrid-miami-blanco\/","url":"https:\/\/gmracketsports.us\/es\/1er-torneo-padel-real-madrid-miami-blanco\/","name":"1er Torneo de padel Real Madrid Miami Blanco &#171; GM Racket Sports","isPartOf":{"@id":"https:\/\/gmracketsports.us\/es\/#website"},"primaryImageOfPage":{"@id":"https:\/\/gmracketsports.us\/es\/1er-torneo-padel-real-madrid-miami-blanco\/#primaryimage"},"image":{"@id":"https:\/\/gmracketsports.us\/es\/1er-torneo-padel-real-madrid-miami-blanco\/#primaryimage"},"thumbnailUrl":"https:\/\/gmracketsports.us\/wp-content\/uploads\/2025\/01\/2025-01-16-204549.jpg","datePublished":"2025-08-09T21:22:48+00:00","dateModified":"2025-08-09T21:32:38+00:00","description":"1st Real Madrid Miami Blanco padel tournament","breadcrumb":{"@id":"https:\/\/gmracketsports.us\/es\/1er-torneo-padel-real-madrid-miami-blanco\/#breadcrumb"},"inLanguage":"es","potentialAction":[{"@type":"ReadAction","target":["https:\/\/gmracketsports.us\/es\/1er-torneo-padel-real-madrid-miami-blanco\/"]}]},{"@type":"ImageObject","inLanguage":"es","@id":"https:\/\/gmracketsports.us\/es\/1er-torneo-padel-real-madrid-miami-blanco\/#primaryimage","url":"https:\/\/gmracketsports.us\/wp-content\/uploads\/2025\/01\/2025-01-16-204549.jpg","contentUrl":"https:\/\/gmracketsports.us\/wp-content\/uploads\/2025\/01\/2025-01-16-204549.jpg","width":1020,"height":1280},{"@type":"BreadcrumbList","@id":"https:\/\/gmracketsports.us\/es\/1er-torneo-padel-real-madrid-miami-blanco\/#breadcrumb","itemListElement":[{"@type":"ListItem","position":1,"name":"Portada","item":"https:\/\/gmracketsports.us\/es\/"},{"@type":"ListItem","position":2,"name":"1er Torneo de padel Real Madrid Miami Blanco"}]},{"@type":"WebSite","@id":"https:\/\/gmracketsports.us\/es\/#website","url":"https:\/\/gmracketsports.us\/es\/","name":"GM Racket Sports","description":"GM Racket Sports","publisher":{"@id":"https:\/\/gmracketsports.us\/es\/#organization"},"potentialAction":[{"@type":"SearchAction","target":{"@type":"EntryPoint","urlTemplate":"https:\/\/gmracketsports.us\/es\/?s={search_term_string}"},"query-input":{"@type":"PropertyValueSpecification","valueRequired":true,"valueName":"search_term_string"}}],"inLanguage":"es"},{"@type":"Organization","@id":"https:\/\/gmracketsports.us\/es\/#organization","name":"GM Racket Sports","url":"https:\/\/gmracketsports.us\/es\/","logo":{"@type":"ImageObject","inLanguage":"es","@id":"https:\/\/gmracketsports.us\/es\/#\/schema\/logo\/image\/","url":"https:\/\/gmracketsports.us\/wp-content\/uploads\/2021\/11\/gmrsescudo-y-nombrergb-e1637684202102.png","contentUrl":"https:\/\/gmracketsports.us\/wp-content\/uploads\/2021\/11\/gmrsescudo-y-nombrergb-e1637684202102.png","width":1000,"height":567,"caption":"GM Racket Sports"},"image":{"@id":"https:\/\/gmracketsports.us\/es\/#\/schema\/logo\/image\/"}}]}},"_links":{"self":[{"href":"https:\/\/gmracketsports.us\/es\/wp-json\/wp\/v2\/pages\/8425","targetHints":{"allow":["GET"]}}],"collection":[{"href":"https:\/\/gmracketsports.us\/es\/wp-json\/wp\/v2\/pages"}],"about":[{"href":"https:\/\/gmracketsports.us\/es\/wp-json\/wp\/v2\/types\/page"}],"author":[{"embeddable":true,"href":"https:\/\/gmracketsports.us\/es\/wp-json\/wp\/v2\/users\/5"}],"replies":[{"embeddable":true,"href":"https:\/\/gmracketsports.us\/es\/wp-json\/wp\/v2\/comments?post=8425"}],"version-history":[{"count":2,"href":"https:\/\/gmracketsports.us\/es\/wp-json\/wp\/v2\/pages\/8425\/revisions"}],"predecessor-version":[{"id":8430,"href":"https:\/\/gmracketsports.us\/es\/wp-json\/wp\/v2\/pages\/8425\/revisions\/8430"}],"wp:featuredmedia":[{"embeddable":true,"href":"https:\/\/gmracketsports.us\/es\/wp-json\/wp\/v2\/media\/8298"}],"wp:attachment":[{"href":"https:\/\/gmracketsports.us\/es\/wp-json\/wp\/v2\/media?parent=8425"}],"curies":[{"name":"wp","href":"https:\/\/api.w.org\/{rel}","templated":true}]}}