{"id":7921,"date":"2024-02-24T20:08:32","date_gmt":"2024-02-24T19:08:32","guid":{"rendered":"https:\/\/gmracketsports.us\/?page_id=7921"},"modified":"2024-12-15T03:40:28","modified_gmt":"2024-12-15T02:40:28","slug":"consultoria-deportiva-padel-pickleball","status":"publish","type":"page","link":"https:\/\/gmracketsports.us\/es\/consultoria-deportiva-padel-pickleball\/","title":{"rendered":"Consultor\u00eda"},"content":{"rendered":"\n<p>GM Racket Sports USA ofrece una consultor\u00eda integral para aquellos que desean adentrarse en el emocionante mundo de los deportes de raqueta, especialmente el p\u00e1del y el pickleball. Ya seas un inversor buscando nuevas oportunidades, un propietario de un club deportivo o un gestor de instalaciones, nuestro equipo de expertos te acompa\u00f1ar\u00e1 en cada etapa de tu proyecto, desde la concepci\u00f3n hasta su ejecuci\u00f3n.<\/p>\n\n\n\n<p>Con el p\u00e1del como el deporte de m\u00e1s r\u00e1pido crecimiento en el mundo y el pickleball liderando el crecimiento en Estados Unidos, GM Racket Sports USA se posiciona como el aliado perfecto para aquellos que desean aprovechar esta tendencia. Nuestra profunda comprensi\u00f3n de estos deportes, combinada con nuestra amplia experiencia en la industria, nos permite ofrecer soluciones personalizadas y efectivas.<\/p>\n\n\n\n<p>Nuestra consultor\u00eda se adapta a las necesidades espec\u00edficas de cada cliente. Ofrecemos servicios integrales que abarcan desde la planificaci\u00f3n estrat\u00e9gica hasta la ejecuci\u00f3n operativa. Esto incluye estudios de mercado, dise\u00f1o de instalaciones, selecci\u00f3n de equipamiento, desarrollo de programas deportivos, gesti\u00f3n de operaciones y mucho m\u00e1s. Asimismo, si necesitas apoyo en una fase espec\u00edfica de tu proyecto, estamos preparados para brindarte soluciones a medida.<\/p>\n\n\n\n<p>Con un enfoque en Estados Unidos y el resto de Am\u00e9rica, GM Racket Sports USA te ayuda a aprovechar las oportunidades que ofrecen estos mercados en auge. Nuestro equipo de expertos te guiar\u00e1 en cada paso del camino, asegur\u00e1ndonos de que tu proyecto sea un \u00e9xito rotundo. Creemos en construir relaciones duraderas con nuestros clientes, por lo que ofrecemos un servicio personalizado y cercano que va m\u00e1s all\u00e1 de la simple consultor\u00eda.<\/p>\n\n\n\n<p>Escr\u00edbenos a info@gmracketsports.com y nos pondremos en contacto contigo.<\/p>\n","protected":false},"excerpt":{"rendered":"<p>GM Racket Sports USA ofrece una consultor\u00eda integral para aquellos que desean adentrarse en el emocionante mundo de los deportes de raqueta, especialmente el p\u00e1del y el pickleball. Ya seas un inversor buscando nuevas oportunidades, un propietario de un club deportivo o un gestor de instalaciones, nuestro equipo de expertos te acompa\u00f1ar\u00e1 en cada etapa &#8230; <a title=\"Consultor\u00eda\" class=\"read-more\" href=\"https:\/\/gmracketsports.us\/es\/consultoria-deportiva-padel-pickleball\/\" aria-label=\"M\u00e1s en Consultor\u00eda\">Leer m\u00e1s<\/a><\/p>\n","protected":false},"author":5,"featured_media":0,"parent":0,"menu_order":0,"comment_status":"closed","ping_status":"closed","template":"","meta":{"footnotes":""},"class_list":["post-7921","page","type-page","status-publish"],"yoast_head":"<!-- This site is optimized with the Yoast SEO plugin v24.0 - https:\/\/yoast.com\/wordpress\/plugins\/seo\/ -->\n<title>Consultor\u00eda &#171; GM Racket Sports<\/title>\n<meta name=\"description\" content=\"Consultor\u00eda deportiva de deportes de pala o raqueta, en especial con p\u00e1del y pickleball. Te asesoramos a nivel nacional e internacional.\" \/>\n<meta name=\"robots\" content=\"index, follow, max-snippet:-1, max-image-preview:large, max-video-preview:-1\" \/>\n<link rel=\"canonical\" href=\"https:\/\/gmracketsports.us\/es\/consultoria-deportiva-padel-pickleball\/\" \/>\n<meta property=\"og:locale\" content=\"es_ES\" \/>\n<meta property=\"og:type\" content=\"article\" \/>\n<meta property=\"og:title\" content=\"Consultor\u00eda &#171; GM Racket Sports\" \/>\n<meta property=\"og:description\" content=\"Consultor\u00eda deportiva de deportes de pala o raqueta, en especial con p\u00e1del y pickleball. Te asesoramos a nivel nacional e internacional.\" \/>\n<meta property=\"og:url\" content=\"https:\/\/gmracketsports.us\/es\/consultoria-deportiva-padel-pickleball\/\" \/>\n<meta property=\"og:site_name\" content=\"GM Racket Sports\" \/>\n<meta property=\"article:modified_time\" content=\"2024-12-15T02:40:28+00:00\" \/>\n<meta name=\"twitter:card\" content=\"summary_large_image\" \/>\n<meta name=\"twitter:label1\" content=\"Tiempo de lectura\" \/>\n\t<meta name=\"twitter:data1\" content=\"2 minutos\" \/>\n<script type=\"application\/ld+json\" class=\"yoast-schema-graph\">{\"@context\":\"https:\/\/schema.org\",\"@graph\":[{\"@type\":\"WebPage\",\"@id\":\"https:\/\/gmracketsports.us\/es\/consultoria-deportiva-padel-pickleball\/\",\"url\":\"https:\/\/gmracketsports.us\/es\/consultoria-deportiva-padel-pickleball\/\",\"name\":\"Consultor\u00eda &#171; GM Racket Sports\",\"isPartOf\":{\"@id\":\"https:\/\/gmracketsports.us\/es\/#website\"},\"datePublished\":\"2024-02-24T19:08:32+00:00\",\"dateModified\":\"2024-12-15T02:40:28+00:00\",\"description\":\"Consultor\u00eda deportiva de deportes de pala o raqueta, en especial con p\u00e1del y pickleball. Te asesoramos a nivel nacional e internacional.\",\"breadcrumb\":{\"@id\":\"https:\/\/gmracketsports.us\/es\/consultoria-deportiva-padel-pickleball\/#breadcrumb\"},\"inLanguage\":\"es\",\"potentialAction\":[{\"@type\":\"ReadAction\",\"target\":[\"https:\/\/gmracketsports.us\/es\/consultoria-deportiva-padel-pickleball\/\"]}]},{\"@type\":\"BreadcrumbList\",\"@id\":\"https:\/\/gmracketsports.us\/es\/consultoria-deportiva-padel-pickleball\/#breadcrumb\",\"itemListElement\":[{\"@type\":\"ListItem\",\"position\":1,\"name\":\"Portada\",\"item\":\"https:\/\/gmracketsports.us\/es\/\"},{\"@type\":\"ListItem\",\"position\":2,\"name\":\"Consultor\u00eda\"}]},{\"@type\":\"WebSite\",\"@id\":\"https:\/\/gmracketsports.us\/es\/#website\",\"url\":\"https:\/\/gmracketsports.us\/es\/\",\"name\":\"GM Racket Sports\",\"description\":\"GM Racket Sports\",\"publisher\":{\"@id\":\"https:\/\/gmracketsports.us\/es\/#organization\"},\"potentialAction\":[{\"@type\":\"SearchAction\",\"target\":{\"@type\":\"EntryPoint\",\"urlTemplate\":\"https:\/\/gmracketsports.us\/es\/?s={search_term_string}\"},\"query-input\":{\"@type\":\"PropertyValueSpecification\",\"valueRequired\":true,\"valueName\":\"search_term_string\"}}],\"inLanguage\":\"es\"},{\"@type\":\"Organization\",\"@id\":\"https:\/\/gmracketsports.us\/es\/#organization\",\"name\":\"GM Racket Sports\",\"url\":\"https:\/\/gmracketsports.us\/es\/\",\"logo\":{\"@type\":\"ImageObject\",\"inLanguage\":\"es\",\"@id\":\"https:\/\/gmracketsports.us\/es\/#\/schema\/logo\/image\/\",\"url\":\"https:\/\/gmracketsports.us\/wp-content\/uploads\/2021\/11\/gmrsescudo-y-nombrergb-e1637684202102.png\",\"contentUrl\":\"https:\/\/gmracketsports.us\/wp-content\/uploads\/2021\/11\/gmrsescudo-y-nombrergb-e1637684202102.png\",\"width\":1000,\"height\":567,\"caption\":\"GM Racket Sports\"},\"image\":{\"@id\":\"https:\/\/gmracketsports.us\/es\/#\/schema\/logo\/image\/\"}}]}<\/script>\n<!-- \/ Yoast SEO plugin. -->","yoast_head_json":{"title":"Consultor\u00eda &#171; GM Racket Sports","description":"Consultor\u00eda deportiva de deportes de pala o raqueta, en especial con p\u00e1del y pickleball. Te asesoramos a nivel nacional e internacional.","robots":{"index":"index","follow":"follow","max-snippet":"max-snippet:-1","max-image-preview":"max-image-preview:large","max-video-preview":"max-video-preview:-1"},"canonical":"https:\/\/gmracketsports.us\/es\/consultoria-deportiva-padel-pickleball\/","og_locale":"es_ES","og_type":"article","og_title":"Consultor\u00eda &#171; GM Racket Sports","og_description":"Consultor\u00eda deportiva de deportes de pala o raqueta, en especial con p\u00e1del y pickleball. Te asesoramos a nivel nacional e internacional.","og_url":"https:\/\/gmracketsports.us\/es\/consultoria-deportiva-padel-pickleball\/","og_site_name":"GM Racket Sports","article_modified_time":"2024-12-15T02:40:28+00:00","twitter_card":"summary_large_image","twitter_misc":{"Tiempo de lectura":"2 minutos"},"schema":{"@context":"https:\/\/schema.org","@graph":[{"@type":"WebPage","@id":"https:\/\/gmracketsports.us\/es\/consultoria-deportiva-padel-pickleball\/","url":"https:\/\/gmracketsports.us\/es\/consultoria-deportiva-padel-pickleball\/","name":"Consultor\u00eda &#171; GM Racket Sports","isPartOf":{"@id":"https:\/\/gmracketsports.us\/es\/#website"},"datePublished":"2024-02-24T19:08:32+00:00","dateModified":"2024-12-15T02:40:28+00:00","description":"Consultor\u00eda deportiva de deportes de pala o raqueta, en especial con p\u00e1del y pickleball. Te asesoramos a nivel nacional e internacional.","breadcrumb":{"@id":"https:\/\/gmracketsports.us\/es\/consultoria-deportiva-padel-pickleball\/#breadcrumb"},"inLanguage":"es","potentialAction":[{"@type":"ReadAction","target":["https:\/\/gmracketsports.us\/es\/consultoria-deportiva-padel-pickleball\/"]}]},{"@type":"BreadcrumbList","@id":"https:\/\/gmracketsports.us\/es\/consultoria-deportiva-padel-pickleball\/#breadcrumb","itemListElement":[{"@type":"ListItem","position":1,"name":"Portada","item":"https:\/\/gmracketsports.us\/es\/"},{"@type":"ListItem","position":2,"name":"Consultor\u00eda"}]},{"@type":"WebSite","@id":"https:\/\/gmracketsports.us\/es\/#website","url":"https:\/\/gmracketsports.us\/es\/","name":"GM Racket Sports","description":"GM Racket Sports","publisher":{"@id":"https:\/\/gmracketsports.us\/es\/#organization"},"potentialAction":[{"@type":"SearchAction","target":{"@type":"EntryPoint","urlTemplate":"https:\/\/gmracketsports.us\/es\/?s={search_term_string}"},"query-input":{"@type":"PropertyValueSpecification","valueRequired":true,"valueName":"search_term_string"}}],"inLanguage":"es"},{"@type":"Organization","@id":"https:\/\/gmracketsports.us\/es\/#organization","name":"GM Racket Sports","url":"https:\/\/gmracketsports.us\/es\/","logo":{"@type":"ImageObject","inLanguage":"es","@id":"https:\/\/gmracketsports.us\/es\/#\/schema\/logo\/image\/","url":"https:\/\/gmracketsports.us\/wp-content\/uploads\/2021\/11\/gmrsescudo-y-nombrergb-e1637684202102.png","contentUrl":"https:\/\/gmracketsports.us\/wp-content\/uploads\/2021\/11\/gmrsescudo-y-nombrergb-e1637684202102.png","width":1000,"height":567,"caption":"GM Racket Sports"},"image":{"@id":"https:\/\/gmracketsports.us\/es\/#\/schema\/logo\/image\/"}}]}},"_links":{"self":[{"href":"https:\/\/gmracketsports.us\/es\/wp-json\/wp\/v2\/pages\/7921","targetHints":{"allow":["GET"]}}],"collection":[{"href":"https:\/\/gmracketsports.us\/es\/wp-json\/wp\/v2\/pages"}],"about":[{"href":"https:\/\/gmracketsports.us\/es\/wp-json\/wp\/v2\/types\/page"}],"author":[{"embeddable":true,"href":"https:\/\/gmracketsports.us\/es\/wp-json\/wp\/v2\/users\/5"}],"replies":[{"embeddable":true,"href":"https:\/\/gmracketsports.us\/es\/wp-json\/wp\/v2\/comments?post=7921"}],"version-history":[{"count":3,"href":"https:\/\/gmracketsports.us\/es\/wp-json\/wp\/v2\/pages\/7921\/revisions"}],"predecessor-version":[{"id":8193,"href":"https:\/\/gmracketsports.us\/es\/wp-json\/wp\/v2\/pages\/7921\/revisions\/8193"}],"wp:attachment":[{"href":"https:\/\/gmracketsports.us\/es\/wp-json\/wp\/v2\/media?parent=7921"}],"curies":[{"name":"wp","href":"https:\/\/api.w.org\/{rel}","templated":true}]}}