{"id":692,"date":"2021-12-10T16:03:01","date_gmt":"2021-12-10T15:03:01","guid":{"rendered":"https:\/\/gmracketsports.us\/?page_id=692"},"modified":"2024-02-18T23:51:57","modified_gmt":"2024-02-18T22:51:57","slug":"distribucion","status":"publish","type":"page","link":"https:\/\/gmracketsports.us\/es\/distribucion\/","title":{"rendered":"Distribuci\u00f3n"},"content":{"rendered":"\t\t<div data-elementor-type=\"wp-page\" data-elementor-id=\"692\" class=\"elementor elementor-692\" data-elementor-post-type=\"page\">\n\t\t\t\t\t\t<section class=\"elementor-section elementor-top-section elementor-element elementor-element-a544317 elementor-section-boxed elementor-section-height-default elementor-section-height-default\" data-id=\"a544317\" data-element_type=\"section\">\n\t\t\t\t\t\t<div class=\"elementor-container elementor-column-gap-no\">\n\t\t\t\t\t<div class=\"elementor-column elementor-col-50 elementor-top-column elementor-element elementor-element-79933a8\" data-id=\"79933a8\" data-element_type=\"column\">\n\t\t\t<div class=\"elementor-widget-wrap elementor-element-populated\">\n\t\t\t\t\t\t<div class=\"elementor-element elementor-element-7585bb5 elementor-widget elementor-widget-text-editor\" data-id=\"7585bb5\" data-element_type=\"widget\" data-widget_type=\"text-editor.default\">\n\t\t\t\t<div class=\"elementor-widget-container\">\n\t\t\t\t\t\t\t<p>Vivimos en un mundo cada vez m\u00e1s interconectado donde la digitalizaci\u00f3n de todos los sectores no es algo del futuro sino del presente. Neveras, TVs, robots de limpieza, coches, vi\u00f1edos, contenedores de basura y una largu\u00edsima lista de elementos se encuentran conectados a Internet hoy en d\u00eda.<\/p><p>El deporte no pod\u00eda quedarse al margen y cada vez existe m\u00e1s tecnolog\u00eda aplicada a los deportes de raqueta con el objetivo de potenciar el rendimiento del jugador, mejorar la experiencia del usuario, ampliar las capacidades de un entrenamiento\/partido o cuidar y controlar la salud del deportista, entre otros.<\/p><p>Eso s\u00ed, todo esto puede sonarnos muy bien pero dediqu\u00e9mosle unos minutos a configurar de manera segura nuestros dispositivos ya que el mundo digital cada vez tiene m\u00e1s amenazas que le rodean y nuestra informaci\u00f3n personal es muy valiosa.\u00a0<\/p><p>As\u00ed como cuidamos de la seguridad de nuestra vida f\u00edsica, cuidemos tambi\u00e9n de la seguridad de nuestra vida digital.<\/p>\t\t\t\t\t\t<\/div>\n\t\t\t\t<\/div>\n\t\t\t\t\t<\/div>\n\t\t<\/div>\n\t\t\t\t<div class=\"elementor-column elementor-col-50 elementor-top-column elementor-element elementor-element-215caa3\" data-id=\"215caa3\" data-element_type=\"column\">\n\t\t\t<div class=\"elementor-widget-wrap elementor-element-populated\">\n\t\t\t\t\t\t<div class=\"elementor-element elementor-element-1f014c4 elementor-widget elementor-widget-image\" data-id=\"1f014c4\" data-element_type=\"widget\" data-widget_type=\"image.default\">\n\t\t\t\t<div class=\"elementor-widget-container\">\n\t\t\t\t\t\t\t\t\t\t\t\t\t<img fetchpriority=\"high\" decoding=\"async\" width=\"1024\" height=\"1024\" src=\"https:\/\/gmracketsports.us\/wp-content\/uploads\/2024\/02\/designer-15.jpg\" class=\"attachment-large size-large wp-image-7909\" alt=\"Designer (15)\" srcset=\"https:\/\/gmracketsports.us\/wp-content\/uploads\/2024\/02\/designer-15.jpg 1024w, https:\/\/gmracketsports.us\/wp-content\/uploads\/2024\/02\/designer-15-300x300.jpg 300w, https:\/\/gmracketsports.us\/wp-content\/uploads\/2024\/02\/designer-15-150x150.jpg 150w, https:\/\/gmracketsports.us\/wp-content\/uploads\/2024\/02\/designer-15-768x768.jpg 768w, https:\/\/gmracketsports.us\/wp-content\/uploads\/2024\/02\/designer-15-600x600.jpg 600w, https:\/\/gmracketsports.us\/wp-content\/uploads\/2024\/02\/designer-15-100x100.jpg 100w\" sizes=\"(max-width: 1024px) 100vw, 1024px\" \/>\t\t\t\t\t\t\t\t\t\t\t\t\t<\/div>\n\t\t\t\t<\/div>\n\t\t\t\t\t<\/div>\n\t\t<\/div>\n\t\t\t\t\t<\/div>\n\t\t<\/section>\n\t\t\t\t<\/div>\n\t\t","protected":false},"excerpt":{"rendered":"<p>Vivimos en un mundo cada vez m\u00e1s interconectado donde la digitalizaci\u00f3n de todos los sectores no es algo del futuro sino del presente. Neveras, TVs, robots de limpieza, coches, vi\u00f1edos, contenedores de basura y una largu\u00edsima lista de elementos se encuentran conectados a Internet hoy en d\u00eda. El deporte no pod\u00eda quedarse al margen y &#8230; <a title=\"Distribuci\u00f3n\" class=\"read-more\" href=\"https:\/\/gmracketsports.us\/es\/distribucion\/\" aria-label=\"M\u00e1s en Distribuci\u00f3n\">Leer m\u00e1s<\/a><\/p>\n","protected":false},"author":1,"featured_media":0,"parent":0,"menu_order":0,"comment_status":"closed","ping_status":"closed","template":"","meta":{"footnotes":""},"class_list":["post-692","page","type-page","status-publish"],"yoast_head":"<!-- This site is optimized with the Yoast SEO plugin v24.0 - https:\/\/yoast.com\/wordpress\/plugins\/seo\/ -->\n<title>Distribuci\u00f3n &#171; GM Racket Sports<\/title>\n<meta name=\"robots\" content=\"index, follow, max-snippet:-1, max-image-preview:large, max-video-preview:-1\" \/>\n<link rel=\"canonical\" href=\"https:\/\/gmracketsports.us\/es\/distribucion\/\" \/>\n<meta property=\"og:locale\" content=\"es_ES\" \/>\n<meta property=\"og:type\" content=\"article\" \/>\n<meta property=\"og:title\" content=\"Distribuci\u00f3n &#171; GM Racket Sports\" \/>\n<meta property=\"og:description\" content=\"Vivimos en un mundo cada vez m\u00e1s interconectado donde la digitalizaci\u00f3n de todos los sectores no es algo del futuro sino del presente. Neveras, TVs, robots de limpieza, coches, vi\u00f1edos, contenedores de basura y una largu\u00edsima lista de elementos se encuentran conectados a Internet hoy en d\u00eda. El deporte no pod\u00eda quedarse al margen y ... Leer m\u00e1s\" \/>\n<meta property=\"og:url\" content=\"https:\/\/gmracketsports.us\/es\/distribucion\/\" \/>\n<meta property=\"og:site_name\" content=\"GM Racket Sports\" \/>\n<meta property=\"article:modified_time\" content=\"2024-02-18T22:51:57+00:00\" \/>\n<meta property=\"og:image\" content=\"https:\/\/gmracketsports.us\/wp-content\/uploads\/2024\/02\/designer-15.jpg\" \/>\n<meta name=\"twitter:card\" content=\"summary_large_image\" \/>\n<meta name=\"twitter:label1\" content=\"Tiempo de lectura\" \/>\n\t<meta name=\"twitter:data1\" content=\"1 minuto\" \/>\n<script type=\"application\/ld+json\" class=\"yoast-schema-graph\">{\"@context\":\"https:\/\/schema.org\",\"@graph\":[{\"@type\":\"WebPage\",\"@id\":\"https:\/\/gmracketsports.us\/es\/distribucion\/\",\"url\":\"https:\/\/gmracketsports.us\/es\/distribucion\/\",\"name\":\"Distribuci\u00f3n &#171; GM Racket Sports\",\"isPartOf\":{\"@id\":\"https:\/\/gmracketsports.us\/es\/#website\"},\"primaryImageOfPage\":{\"@id\":\"https:\/\/gmracketsports.us\/es\/distribucion\/#primaryimage\"},\"image\":{\"@id\":\"https:\/\/gmracketsports.us\/es\/distribucion\/#primaryimage\"},\"thumbnailUrl\":\"https:\/\/gmracketsports.us\/wp-content\/uploads\/2024\/02\/designer-15.jpg\",\"datePublished\":\"2021-12-10T15:03:01+00:00\",\"dateModified\":\"2024-02-18T22:51:57+00:00\",\"breadcrumb\":{\"@id\":\"https:\/\/gmracketsports.us\/es\/distribucion\/#breadcrumb\"},\"inLanguage\":\"es\",\"potentialAction\":[{\"@type\":\"ReadAction\",\"target\":[\"https:\/\/gmracketsports.us\/es\/distribucion\/\"]}]},{\"@type\":\"ImageObject\",\"inLanguage\":\"es\",\"@id\":\"https:\/\/gmracketsports.us\/es\/distribucion\/#primaryimage\",\"url\":\"https:\/\/gmracketsports.us\/wp-content\/uploads\/2024\/02\/designer-15.jpg\",\"contentUrl\":\"https:\/\/gmracketsports.us\/wp-content\/uploads\/2024\/02\/designer-15.jpg\"},{\"@type\":\"BreadcrumbList\",\"@id\":\"https:\/\/gmracketsports.us\/es\/distribucion\/#breadcrumb\",\"itemListElement\":[{\"@type\":\"ListItem\",\"position\":1,\"name\":\"Portada\",\"item\":\"https:\/\/gmracketsports.us\/es\/\"},{\"@type\":\"ListItem\",\"position\":2,\"name\":\"Distribuci\u00f3n\"}]},{\"@type\":\"WebSite\",\"@id\":\"https:\/\/gmracketsports.us\/es\/#website\",\"url\":\"https:\/\/gmracketsports.us\/es\/\",\"name\":\"GM Racket Sports\",\"description\":\"GM Racket Sports\",\"publisher\":{\"@id\":\"https:\/\/gmracketsports.us\/es\/#organization\"},\"potentialAction\":[{\"@type\":\"SearchAction\",\"target\":{\"@type\":\"EntryPoint\",\"urlTemplate\":\"https:\/\/gmracketsports.us\/es\/?s={search_term_string}\"},\"query-input\":{\"@type\":\"PropertyValueSpecification\",\"valueRequired\":true,\"valueName\":\"search_term_string\"}}],\"inLanguage\":\"es\"},{\"@type\":\"Organization\",\"@id\":\"https:\/\/gmracketsports.us\/es\/#organization\",\"name\":\"GM Racket Sports\",\"url\":\"https:\/\/gmracketsports.us\/es\/\",\"logo\":{\"@type\":\"ImageObject\",\"inLanguage\":\"es\",\"@id\":\"https:\/\/gmracketsports.us\/es\/#\/schema\/logo\/image\/\",\"url\":\"https:\/\/gmracketsports.us\/wp-content\/uploads\/2021\/11\/gmrsescudo-y-nombrergb-e1637684202102.png\",\"contentUrl\":\"https:\/\/gmracketsports.us\/wp-content\/uploads\/2021\/11\/gmrsescudo-y-nombrergb-e1637684202102.png\",\"width\":1000,\"height\":567,\"caption\":\"GM Racket Sports\"},\"image\":{\"@id\":\"https:\/\/gmracketsports.us\/es\/#\/schema\/logo\/image\/\"}}]}<\/script>\n<!-- \/ Yoast SEO plugin. -->","yoast_head_json":{"title":"Distribuci\u00f3n &#171; GM Racket Sports","robots":{"index":"index","follow":"follow","max-snippet":"max-snippet:-1","max-image-preview":"max-image-preview:large","max-video-preview":"max-video-preview:-1"},"canonical":"https:\/\/gmracketsports.us\/es\/distribucion\/","og_locale":"es_ES","og_type":"article","og_title":"Distribuci\u00f3n &#171; GM Racket Sports","og_description":"Vivimos en un mundo cada vez m\u00e1s interconectado donde la digitalizaci\u00f3n de todos los sectores no es algo del futuro sino del presente. Neveras, TVs, robots de limpieza, coches, vi\u00f1edos, contenedores de basura y una largu\u00edsima lista de elementos se encuentran conectados a Internet hoy en d\u00eda. El deporte no pod\u00eda quedarse al margen y ... Leer m\u00e1s","og_url":"https:\/\/gmracketsports.us\/es\/distribucion\/","og_site_name":"GM Racket Sports","article_modified_time":"2024-02-18T22:51:57+00:00","og_image":[{"url":"https:\/\/gmracketsports.us\/wp-content\/uploads\/2024\/02\/designer-15.jpg","type":"","width":"","height":""}],"twitter_card":"summary_large_image","twitter_misc":{"Tiempo de lectura":"1 minuto"},"schema":{"@context":"https:\/\/schema.org","@graph":[{"@type":"WebPage","@id":"https:\/\/gmracketsports.us\/es\/distribucion\/","url":"https:\/\/gmracketsports.us\/es\/distribucion\/","name":"Distribuci\u00f3n &#171; GM Racket Sports","isPartOf":{"@id":"https:\/\/gmracketsports.us\/es\/#website"},"primaryImageOfPage":{"@id":"https:\/\/gmracketsports.us\/es\/distribucion\/#primaryimage"},"image":{"@id":"https:\/\/gmracketsports.us\/es\/distribucion\/#primaryimage"},"thumbnailUrl":"https:\/\/gmracketsports.us\/wp-content\/uploads\/2024\/02\/designer-15.jpg","datePublished":"2021-12-10T15:03:01+00:00","dateModified":"2024-02-18T22:51:57+00:00","breadcrumb":{"@id":"https:\/\/gmracketsports.us\/es\/distribucion\/#breadcrumb"},"inLanguage":"es","potentialAction":[{"@type":"ReadAction","target":["https:\/\/gmracketsports.us\/es\/distribucion\/"]}]},{"@type":"ImageObject","inLanguage":"es","@id":"https:\/\/gmracketsports.us\/es\/distribucion\/#primaryimage","url":"https:\/\/gmracketsports.us\/wp-content\/uploads\/2024\/02\/designer-15.jpg","contentUrl":"https:\/\/gmracketsports.us\/wp-content\/uploads\/2024\/02\/designer-15.jpg"},{"@type":"BreadcrumbList","@id":"https:\/\/gmracketsports.us\/es\/distribucion\/#breadcrumb","itemListElement":[{"@type":"ListItem","position":1,"name":"Portada","item":"https:\/\/gmracketsports.us\/es\/"},{"@type":"ListItem","position":2,"name":"Distribuci\u00f3n"}]},{"@type":"WebSite","@id":"https:\/\/gmracketsports.us\/es\/#website","url":"https:\/\/gmracketsports.us\/es\/","name":"GM Racket Sports","description":"GM Racket Sports","publisher":{"@id":"https:\/\/gmracketsports.us\/es\/#organization"},"potentialAction":[{"@type":"SearchAction","target":{"@type":"EntryPoint","urlTemplate":"https:\/\/gmracketsports.us\/es\/?s={search_term_string}"},"query-input":{"@type":"PropertyValueSpecification","valueRequired":true,"valueName":"search_term_string"}}],"inLanguage":"es"},{"@type":"Organization","@id":"https:\/\/gmracketsports.us\/es\/#organization","name":"GM Racket Sports","url":"https:\/\/gmracketsports.us\/es\/","logo":{"@type":"ImageObject","inLanguage":"es","@id":"https:\/\/gmracketsports.us\/es\/#\/schema\/logo\/image\/","url":"https:\/\/gmracketsports.us\/wp-content\/uploads\/2021\/11\/gmrsescudo-y-nombrergb-e1637684202102.png","contentUrl":"https:\/\/gmracketsports.us\/wp-content\/uploads\/2021\/11\/gmrsescudo-y-nombrergb-e1637684202102.png","width":1000,"height":567,"caption":"GM Racket Sports"},"image":{"@id":"https:\/\/gmracketsports.us\/es\/#\/schema\/logo\/image\/"}}]}},"_links":{"self":[{"href":"https:\/\/gmracketsports.us\/es\/wp-json\/wp\/v2\/pages\/692","targetHints":{"allow":["GET"]}}],"collection":[{"href":"https:\/\/gmracketsports.us\/es\/wp-json\/wp\/v2\/pages"}],"about":[{"href":"https:\/\/gmracketsports.us\/es\/wp-json\/wp\/v2\/types\/page"}],"author":[{"embeddable":true,"href":"https:\/\/gmracketsports.us\/es\/wp-json\/wp\/v2\/users\/1"}],"replies":[{"embeddable":true,"href":"https:\/\/gmracketsports.us\/es\/wp-json\/wp\/v2\/comments?post=692"}],"version-history":[{"count":9,"href":"https:\/\/gmracketsports.us\/es\/wp-json\/wp\/v2\/pages\/692\/revisions"}],"predecessor-version":[{"id":7913,"href":"https:\/\/gmracketsports.us\/es\/wp-json\/wp\/v2\/pages\/692\/revisions\/7913"}],"wp:attachment":[{"href":"https:\/\/gmracketsports.us\/es\/wp-json\/wp\/v2\/media?parent=692"}],"curies":[{"name":"wp","href":"https:\/\/api.w.org\/{rel}","templated":true}]}}