{"id":3,"date":"2021-11-22T18:08:12","date_gmt":"2021-11-22T17:08:12","guid":{"rendered":"https:\/\/gmracketsports.us\/?page_id=3"},"modified":"2024-12-19T07:06:07","modified_gmt":"2024-12-19T06:06:07","slug":"politica-privacidad","status":"publish","type":"page","link":"https:\/\/gmracketsports.us\/es\/politica-privacidad\/","title":{"rendered":"Pol\u00edtica de privacidad"},"content":{"rendered":"\n<h3 class=\"wp-block-heading\">1. Pol\u00edtica de Privacidad<\/h3>\n\n\n\n<p>Gracias por utilizar GM Racket Sports.<\/p>\n\n\n\n<p>En GM Racket Sports valoramos mucho que conf\u00edes en nosotros cuando utilizas nuestros servicios y nos importa mucho tu privacidad; por eso nos comprometemos a proteger todos los datos personales que nos des cuando utilices nuestros servicios.<\/p>\n\n\n\n<p>Hemos preparado este documento detallando c\u00f3mo tratamos tus datos personales, para que tengas toda la informaci\u00f3n legal necesaria y sepas cu\u00e1l es la base legal que nos permite tratar tu informaci\u00f3n y los derechos que tienes para protegerlos. Por favor, lee detenidamente nuestra Pol\u00edtica de Privacidad y, en caso de tener alguna duda sobre c\u00f3mo o para qu\u00e9 utilizamos tus datos personales, m\u00e1s adelante te indicaremos c\u00f3mo puedes ponerte en contacto con nosotros.<\/p>\n\n\n\n<p>Si ya has utilizado nuestros servicios alguna vez, sabr\u00e1s que no solo ofrecemos servicios online a trav\u00e9s de nuestra propia p\u00e1gina web, sino que tambi\u00e9n lo hacemos desde otras plataformas online, como las redes sociales, adem\u00e1s de todos los servicios ofrecidos presencialmente. Toda la informaci\u00f3n que te explicaremos a continuaci\u00f3n se aplica tambi\u00e9n a todos estos entornos y a cualquier tipo de informaci\u00f3n que recopilemos a trav\u00e9s de ellos.<\/p>\n\n\n\n<p>Ten en cuenta que puede que modifiquemos la Pol\u00edtica de privacidad en alguna ocasi\u00f3n; por eso, para que est\u00e9s siempre debidamente informado sobre lo que ocurre con tu informaci\u00f3n personal, te pedimos que mires esta p\u00e1gina con cierta frecuencia. En cualquier caso \u00a1no te preocupes! Si introducimos modificaciones que te afecten de alg\u00fan modo te informaremos.<\/p>\n\n\n\n<p>Finalmente, tambi\u00e9n queremos informarte que utilizamos cookies, esto es, peque\u00f1os ficheros con informaci\u00f3n sobre tu navegaci\u00f3n en nuestra p\u00e1gina web que nos ayuda a facilitarte la navegaci\u00f3n por la misma. Puedes encontrar toda la informaci\u00f3n sobre el uso de las cookies y de los datos que recabemos mientras navegas por nuestra p\u00e1gina web en nuestra Pol\u00edtica de Cookies (accesible mediante el bot\u00f3n \u00abGestionar cookies\u00bb que ver\u00e1 en la parte inferior derecha del web). En ella te explicamos qu\u00e9 datos personales o informaci\u00f3n obtenemos, el uso que le da\u00a0<a href=\"http:\/\/www.gmracketsports.us\">www.gmracketsports.us<\/a>\u00a0y qu\u00e9 puedes hacer al respecto.<\/p>\n\n\n\n<p>Si desea obtener m\u00e1s informaci\u00f3n acerca de las cookies y c\u00f3mo evitar que se instalen, visite el siguiente sitio web:&nbsp;<a href=\"http:\/\/www.allaboutcookies.org\/\">http:\/\/www.allaboutcookies.org<\/a>.<\/p>\n\n\n\n<hr class=\"wp-block-separator has-text-color has-accent-color has-css-opacity has-accent-background-color has-background is-style-dots\"\/>\n\n\n\n<h3 class=\"wp-block-heading\">2. \u00bfQui\u00e9n es el responsable de tratar tus datos personales?<\/h3>\n\n\n\n<p>Quien tratar\u00e1 tus datos personales ser\u00e1 GM Racket Sports, LLC, empresa ubicada en Estados Unidos de Am\u00e9rica, en 1000 Brickell Avenue, Ste 715, 33131, Miami, Florida. Un e-mail de contacto es\u00a0<a href=\"mailto:info@gmracketsports.us\">info@<\/a><a href=\"mailto:info@gmracketsports.com\">gmracketsports.com<\/a>.<\/p>\n\n\n\n<hr class=\"wp-block-separator has-text-color has-accent-color has-css-opacity has-accent-background-color has-background is-style-dots\"\/>\n\n\n\n<h3 class=\"wp-block-heading\">3. \u00bfQu\u00e9 tipo de datos personales recopila GM Racket Sports?<\/h3>\n\n\n\n<p>Para poder personalizar los productos que puedas adquirir, en ocasiones necesitaremos que nos des algunos datos, b\u00e1sicamente nombre y apellidos,\u00a0pa\u00eds, ciudad y tu direcci\u00f3n de e-mail (opcionalmente tu tel\u00e9fono m\u00f3vil), as\u00ed como los datos necesarios de env\u00edo y tramitaci\u00f3n del pago en el caso que realices alguna compra. <\/p>\n\n\n\n<p>Si necesitas ponerte en contacto con nosotros lo podr\u00e1s hacer envi\u00e1ndonos un e-mail, escribi\u00e9ndonos por Whatsapp o rellenando el formulario de contacto. Estos tres m\u00e9todos los encontrar\u00e1s en el apartado <em>Contacto<\/em> de nuestra web. As\u00ed mismo, tambi\u00e9n podr\u00e1s ponerte en contacto a trav\u00e9s de nuestras redes sociales. En estos casos tambi\u00e9n estaremos recopilando tu informaci\u00f3n personal, como tu nombre y datos de contacto para poder darte respuesta.<\/p>\n\n\n\n<hr class=\"wp-block-separator has-text-color has-accent-color has-css-opacity has-accent-background-color has-background is-style-dots\"\/>\n\n\n\n<h3 class=\"wp-block-heading\">4. \u00bfC\u00f3mo tratamos los datos personales de los menores?<\/h3>\n\n\n\n<p>Entre todos los servicios que ofrece GM Racket Sports, algunos de ellos van dirigidos tanto a personas adultas como a menores de 21 a\u00f1os (como es el caso de las academias de tenis, p\u00e1del y pickleball). Para los menores de 21 a\u00f1os, el uso de nuestros servicios s\u00f3lo es posible con el consentimiento de un progenitor o un tutor.<\/p>\n\n\n\n<hr class=\"wp-block-separator has-text-color has-accent-color has-css-opacity has-accent-background-color has-background is-style-dots\"\/>\n\n\n\n<h3 class=\"wp-block-heading\">5. \u00bfPara qu\u00e9, y con qu\u00e9 base legal, recopilamos y usamos tus datos personales?<\/h3>\n\n\n\n<p>Te pedimos tus datos personales principalmente para poder ayudarte en la compra de nuestros productos y\/o servicios y darte el mejor servicio posible. Como creemos que puede ser de inter\u00e9s para ti y siempre que nos lo autorices, tambi\u00e9n podr\u00edamos usar tus datos personales para informarte de descuentos, ofertas especiales y pr\u00f3ximos torneos o eventos que vayamos a lanzar.<\/p>\n\n\n\n<p>En cualquier caso, seg\u00fan para qu\u00e9 utilicemos los datos personales que nos facilites, la base legal que nos va a permitir tratarlos ser\u00e1 distinta. M\u00e1s concretamente, podremos tratar tus datos para:<\/p>\n\n\n\n<p>a)&nbsp;    Inter\u00e9s leg\u00edtimo:<\/p>\n\n\n\n<p>Por un lado, necesitaremos que nos facilites tus datos y tratarlos para prestarte ayuda cada vez que nos lo solicites, as\u00ed como para atender a tus sugerencias, quejas o posibles reclamaciones que puedas tener. Como ya te hemos dicho, anteriormente se han detallado las diferentes formas de contacto existentes.<\/p>\n\n\n\n<p>Cuando ya hayas adquirido alg\u00fan producto y\/o servicio con nosotros, nos pondremos en contacto contigo para:<\/p>\n\n\n\n<p>(i)&nbsp;&nbsp;Enviarte informaci\u00f3n relacionada con tu compra como, por ejemplo, informaci\u00f3n sobre el env\u00edo, estado de tu pedido, retrasos o alguna otra informaci\u00f3n de tu inter\u00e9s.<\/p>\n\n\n\n<p>(ii)&nbsp;Mandarte un cuestionario para que nos des tu opini\u00f3n sobre la experiencia que has tenido con GM Racket Sports, sobre c\u00f3mo te hemos tratado.<\/p>\n\n\n\n<p>(iii)&nbsp; Como creemos que tambi\u00e9n puede ser de tu inter\u00e9s, utilizaremos tus datos de contacto para enviarte noticias sobre nuestros productos y\/o servicios. La informaci\u00f3n personal que nos hayas facilitado, as\u00ed como los datos sobre tus compras con GM Racket Sports, la utilizaremos para personalizar las ofertas que te enviamos. Por supuesto, si no quieres que te enviemos m\u00e1s estas comunicaciones podr\u00e1s darte de baja en cualquier momento, a trav\u00e9s de e-mail, de forma r\u00e1pida y sencilla.<\/p>\n\n\n\n<p>Como te decimos, en estos casos entendemos que en GM Racket Sports tenemos un inter\u00e9s leg\u00edtimo para utilizar los datos que nos facilites, y sobre todo que utilizar esta informaci\u00f3n no da\u00f1a tu privacidad ni tu intimidad.<\/p>\n\n\n\n<p>b)&nbsp;&nbsp;&nbsp;&nbsp;Cumplimiento de la relaci\u00f3n contractual:<\/p>\n\n\n\n<p>Por otro lado, tambi\u00e9n necesitaremos tratar tus datos para contratar alguno de nuestros productos y\/o servicios, as\u00ed como para llevar a cabo cualquier gesti\u00f3n que necesites hacer una vez ya los hayas contratado. Asimismo, tambi\u00e9n necesitaremos tratar tus datos para cuando tu partido, clase planificada, o alg\u00fan otro servicio, se vaya a ver afectado y debamos contactarte, por ejemplo, por correo electr\u00f3nico. Si no trat\u00e1semos estos datos no podr\u00edamos prestar el servicio que has contratado.<\/p>\n\n\n\n<p>c)&nbsp;&nbsp;&nbsp;&nbsp;Cumplimiento de una obligaci\u00f3n legal:<\/p>\n\n\n\n<p>Tambi\u00e9n habr\u00e1 ocasiones en las que lo necesitamos para cumplir determinadas obligaciones legales. Lo anterior es especialmente importante cuando alguna autoridad gubernamental, cuerpo y fuerza de seguridad de cualquier pa\u00eds donde desarrollemos alguna de nuestros servicios nos exige que le proporcionemos tus datos, por ejemplo, para la protecci\u00f3n contra el fraude u otras actividades ilegales. <\/p>\n\n\n\n<p>d)&nbsp;&nbsp;&nbsp;&nbsp;Consentimiento:<\/p>\n\n\n\n<p>Habr\u00e1 algunas cuestiones que no sean necesarias para cumplir el contrato o la compra que has hecho con nosotros, que no sean legalmente obligatorias, o para las que no tengamos un inter\u00e9s leg\u00edtimo. En estos casos, antes de hacer nada necesitaremos contar con tu consentimiento; cuando sea as\u00ed, te informaremos con detalle de para qu\u00e9 y c\u00f3mo queremos utilizar tus datos. Es la mejor manera de que tengas en todo momento controlado qu\u00e9 hacemos con tus datos, y seas t\u00fa el que decida como los podemos tratar.<\/p>\n\n\n\n<hr class=\"wp-block-separator has-text-color has-accent-color has-css-opacity has-accent-background-color has-background is-style-dots\"\/>\n\n\n\n<h3 class=\"wp-block-heading\">6. \u00bfGM Racket Sports comparte con alguien tus datos personales?<\/h3>\n\n\n\n<p>Siempre y cuando nosotros recabemos tus datos personales, nosotros seremos&nbsp;la entidad legalmente responsable de recoger, utilizar, conservar y, cuando proceda, eliminar tus datos personales. Por eso, por regla general solo utilizaremos sus datos en GM Racket Sports y no los compartiremos con nadie m\u00e1s, salvo que sea preciso para prestar el servicio que has contratado y siempre de acuerdo con los t\u00e9rminos y condiciones de la presente Pol\u00edtica de Privacidad.<\/p>\n\n\n\n<p>Aun as\u00ed, como te hemos explicado, puede haber ocasiones en las que tengamos la obligaci\u00f3n legal de comunicarnos, por ejemplo, con autoridades gubernamentales o Tribunales de Justicia. Tambi\u00e9n podremos compartir tus datos cuando nos lo hayas autorizado expresamente o cuando tengamos un inter\u00e9s leg\u00edtimo para ello. Por ello, creemos que es importante que sepas que para poder proporcionarte nuestros servicios, compartiremos tus datos con los siguientes terceros para los fines descritos en esta Pol\u00edtica de Privacidad:<\/p>\n\n\n\n<p>Proveedores de servicios necesarios para desempe\u00f1ar nuestra actividad, como por ejemplo, agencias de viajes con las que colaboramos para realizar nuestros viajes deportivos o clubes donde se impartan las clases deportivas o donde se celebren partidos y\/o torneos, entre otros.<\/p>\n\n\n\n<p>Empresas de tarjetas de cr\u00e9dito y de d\u00e9bito que facilitan los pagos que nos haces y la detecci\u00f3n de fraudes, para lo cual puede necesitar datos sobre el m\u00e9todo de pago para procesar el pago o garantizar la seguridad de tu transacci\u00f3n de pago.<\/p>\n\n\n\n<hr class=\"wp-block-separator has-text-color has-accent-color has-css-opacity has-accent-background-color has-background is-style-dots\"\/>\n\n\n\n<h3 class=\"wp-block-heading\">7. \u00bfC\u00f3mo utiliza GM Racket Sports las redes sociales?<\/h3>\n\n\n\n<p>Queremos informarte tambi\u00e9n que, en el caso en el que quieras darte de alta como usuario de GM Racket Sports a trav\u00e9s de cuentas creadas en ciertas redes sociales, esto nos permite recopilar algunos de tus datos personales o que dicho proveedor reciba parte de tus datos. Siempre que nos lo permitas, podremos utilizar tambi\u00e9n algunas de las herramientas que nos proporcione el proveedor de este tipo de servicios para que recibas nuestra publicidad.<\/p>\n\n\n\n<p>En GM Racket Sports utilizamos las redes sociales principalmente para promocionar nuestros productos y servicios con el fin de facilitar el uso de los mismos, as\u00ed como para publicar fotograf\u00edas de la academia, los eventos deportivos realizados y los torneos celebrados de cualquiera de los deportes de raqueta que gestionamos.<\/p>\n\n\n\n<p>Por consiguiente, al aceptar nuestra pol\u00edtica de privacidad estar\u00e1s d\u00e1ndonos el consentimiento que podamos publicar fotograf\u00edas de eventos donde aparezcas.<\/p>\n\n\n\n<hr class=\"wp-block-separator has-text-color has-accent-color has-css-opacity has-accent-background-color has-background is-style-dots\"\/>\n\n\n\n<h3 class=\"wp-block-heading\">8. \u00bfDurante cu\u00e1nto tiempo vamos a conservar tus datos personales?<\/h3>\n\n\n\n<p>GM Racket Sports va a conservar tus datos personales durante el tiempo que sean necesarios para cumplir con lo que nos has pedido, o mientras tengamos tu autorizaci\u00f3n. Una vez haya pasado este tiempo, conservaremos bloqueados tus datos el tiempo que legalmente se establezca.<\/p>\n\n\n\n<p>No obstante, tambi\u00e9n has de tener presente que la Ley nos impone la obligaci\u00f3n de conservarlos durante alg\u00fan plazo adicional, sobre todo para atender a posibles reclamaciones.<\/p>\n\n\n\n<hr class=\"wp-block-separator has-text-color has-accent-color has-css-opacity has-accent-background-color has-background is-style-dots\"\/>\n\n\n\n<h3 class=\"wp-block-heading\"><\/h3>\n","protected":false},"excerpt":{"rendered":"<p>1. Pol\u00edtica de Privacidad Gracias por utilizar GM Racket Sports. En GM Racket Sports valoramos mucho que conf\u00edes en nosotros cuando utilizas nuestros servicios y nos importa mucho tu privacidad; por eso nos comprometemos a proteger todos los datos personales que nos des cuando utilices nuestros servicios. Hemos preparado este documento detallando c\u00f3mo tratamos tus &#8230; <a title=\"Pol\u00edtica de privacidad\" class=\"read-more\" href=\"https:\/\/gmracketsports.us\/es\/politica-privacidad\/\" aria-label=\"M\u00e1s en Pol\u00edtica de privacidad\">Leer m\u00e1s<\/a><\/p>\n","protected":false},"author":1,"featured_media":0,"parent":0,"menu_order":0,"comment_status":"closed","ping_status":"closed","template":"","meta":{"footnotes":""},"class_list":["post-3","page","type-page","status-publish"],"yoast_head":"<!-- This site is optimized with the Yoast SEO plugin v24.0 - https:\/\/yoast.com\/wordpress\/plugins\/seo\/ -->\n<title>Pol\u00edtica de privacidad &#171; GM Racket Sports<\/title>\n<meta name=\"robots\" content=\"index, follow, max-snippet:-1, max-image-preview:large, max-video-preview:-1\" \/>\n<link rel=\"canonical\" href=\"https:\/\/gmracketsports.us\/es\/politica-privacidad\/\" \/>\n<meta property=\"og:locale\" content=\"es_ES\" \/>\n<meta property=\"og:type\" content=\"article\" \/>\n<meta property=\"og:title\" content=\"Pol\u00edtica de privacidad &#171; GM Racket Sports\" \/>\n<meta property=\"og:description\" content=\"1. Pol\u00edtica de Privacidad Gracias por utilizar GM Racket Sports. En GM Racket Sports valoramos mucho que conf\u00edes en nosotros cuando utilizas nuestros servicios y nos importa mucho tu privacidad; por eso nos comprometemos a proteger todos los datos personales que nos des cuando utilices nuestros servicios. Hemos preparado este documento detallando c\u00f3mo tratamos tus ... Leer m\u00e1s\" \/>\n<meta property=\"og:url\" content=\"https:\/\/gmracketsports.us\/es\/politica-privacidad\/\" \/>\n<meta property=\"og:site_name\" content=\"GM Racket Sports\" \/>\n<meta property=\"article:modified_time\" content=\"2024-12-19T06:06:07+00:00\" \/>\n<meta name=\"twitter:card\" content=\"summary_large_image\" \/>\n<meta name=\"twitter:label1\" content=\"Tiempo de lectura\" \/>\n\t<meta name=\"twitter:data1\" content=\"8 minutos\" \/>\n<script type=\"application\/ld+json\" class=\"yoast-schema-graph\">{\"@context\":\"https:\/\/schema.org\",\"@graph\":[{\"@type\":\"WebPage\",\"@id\":\"https:\/\/gmracketsports.us\/es\/politica-privacidad\/\",\"url\":\"https:\/\/gmracketsports.us\/es\/politica-privacidad\/\",\"name\":\"Pol\u00edtica de privacidad &#171; GM Racket Sports\",\"isPartOf\":{\"@id\":\"https:\/\/gmracketsports.us\/es\/#website\"},\"datePublished\":\"2021-11-22T17:08:12+00:00\",\"dateModified\":\"2024-12-19T06:06:07+00:00\",\"breadcrumb\":{\"@id\":\"https:\/\/gmracketsports.us\/es\/politica-privacidad\/#breadcrumb\"},\"inLanguage\":\"es\",\"potentialAction\":[{\"@type\":\"ReadAction\",\"target\":[\"https:\/\/gmracketsports.us\/es\/politica-privacidad\/\"]}]},{\"@type\":\"BreadcrumbList\",\"@id\":\"https:\/\/gmracketsports.us\/es\/politica-privacidad\/#breadcrumb\",\"itemListElement\":[{\"@type\":\"ListItem\",\"position\":1,\"name\":\"Portada\",\"item\":\"https:\/\/gmracketsports.us\/es\/\"},{\"@type\":\"ListItem\",\"position\":2,\"name\":\"Pol\u00edtica de privacidad\"}]},{\"@type\":\"WebSite\",\"@id\":\"https:\/\/gmracketsports.us\/es\/#website\",\"url\":\"https:\/\/gmracketsports.us\/es\/\",\"name\":\"GM Racket Sports\",\"description\":\"GM Racket Sports\",\"publisher\":{\"@id\":\"https:\/\/gmracketsports.us\/es\/#organization\"},\"potentialAction\":[{\"@type\":\"SearchAction\",\"target\":{\"@type\":\"EntryPoint\",\"urlTemplate\":\"https:\/\/gmracketsports.us\/es\/?s={search_term_string}\"},\"query-input\":{\"@type\":\"PropertyValueSpecification\",\"valueRequired\":true,\"valueName\":\"search_term_string\"}}],\"inLanguage\":\"es\"},{\"@type\":\"Organization\",\"@id\":\"https:\/\/gmracketsports.us\/es\/#organization\",\"name\":\"GM Racket Sports\",\"url\":\"https:\/\/gmracketsports.us\/es\/\",\"logo\":{\"@type\":\"ImageObject\",\"inLanguage\":\"es\",\"@id\":\"https:\/\/gmracketsports.us\/es\/#\/schema\/logo\/image\/\",\"url\":\"https:\/\/gmracketsports.us\/wp-content\/uploads\/2021\/11\/gmrsescudo-y-nombrergb-e1637684202102.png\",\"contentUrl\":\"https:\/\/gmracketsports.us\/wp-content\/uploads\/2021\/11\/gmrsescudo-y-nombrergb-e1637684202102.png\",\"width\":1000,\"height\":567,\"caption\":\"GM Racket Sports\"},\"image\":{\"@id\":\"https:\/\/gmracketsports.us\/es\/#\/schema\/logo\/image\/\"}}]}<\/script>\n<!-- \/ Yoast SEO plugin. -->","yoast_head_json":{"title":"Pol\u00edtica de privacidad &#171; GM Racket Sports","robots":{"index":"index","follow":"follow","max-snippet":"max-snippet:-1","max-image-preview":"max-image-preview:large","max-video-preview":"max-video-preview:-1"},"canonical":"https:\/\/gmracketsports.us\/es\/politica-privacidad\/","og_locale":"es_ES","og_type":"article","og_title":"Pol\u00edtica de privacidad &#171; GM Racket Sports","og_description":"1. Pol\u00edtica de Privacidad Gracias por utilizar GM Racket Sports. En GM Racket Sports valoramos mucho que conf\u00edes en nosotros cuando utilizas nuestros servicios y nos importa mucho tu privacidad; por eso nos comprometemos a proteger todos los datos personales que nos des cuando utilices nuestros servicios. Hemos preparado este documento detallando c\u00f3mo tratamos tus ... Leer m\u00e1s","og_url":"https:\/\/gmracketsports.us\/es\/politica-privacidad\/","og_site_name":"GM Racket Sports","article_modified_time":"2024-12-19T06:06:07+00:00","twitter_card":"summary_large_image","twitter_misc":{"Tiempo de lectura":"8 minutos"},"schema":{"@context":"https:\/\/schema.org","@graph":[{"@type":"WebPage","@id":"https:\/\/gmracketsports.us\/es\/politica-privacidad\/","url":"https:\/\/gmracketsports.us\/es\/politica-privacidad\/","name":"Pol\u00edtica de privacidad &#171; GM Racket Sports","isPartOf":{"@id":"https:\/\/gmracketsports.us\/es\/#website"},"datePublished":"2021-11-22T17:08:12+00:00","dateModified":"2024-12-19T06:06:07+00:00","breadcrumb":{"@id":"https:\/\/gmracketsports.us\/es\/politica-privacidad\/#breadcrumb"},"inLanguage":"es","potentialAction":[{"@type":"ReadAction","target":["https:\/\/gmracketsports.us\/es\/politica-privacidad\/"]}]},{"@type":"BreadcrumbList","@id":"https:\/\/gmracketsports.us\/es\/politica-privacidad\/#breadcrumb","itemListElement":[{"@type":"ListItem","position":1,"name":"Portada","item":"https:\/\/gmracketsports.us\/es\/"},{"@type":"ListItem","position":2,"name":"Pol\u00edtica de privacidad"}]},{"@type":"WebSite","@id":"https:\/\/gmracketsports.us\/es\/#website","url":"https:\/\/gmracketsports.us\/es\/","name":"GM Racket Sports","description":"GM Racket Sports","publisher":{"@id":"https:\/\/gmracketsports.us\/es\/#organization"},"potentialAction":[{"@type":"SearchAction","target":{"@type":"EntryPoint","urlTemplate":"https:\/\/gmracketsports.us\/es\/?s={search_term_string}"},"query-input":{"@type":"PropertyValueSpecification","valueRequired":true,"valueName":"search_term_string"}}],"inLanguage":"es"},{"@type":"Organization","@id":"https:\/\/gmracketsports.us\/es\/#organization","name":"GM Racket Sports","url":"https:\/\/gmracketsports.us\/es\/","logo":{"@type":"ImageObject","inLanguage":"es","@id":"https:\/\/gmracketsports.us\/es\/#\/schema\/logo\/image\/","url":"https:\/\/gmracketsports.us\/wp-content\/uploads\/2021\/11\/gmrsescudo-y-nombrergb-e1637684202102.png","contentUrl":"https:\/\/gmracketsports.us\/wp-content\/uploads\/2021\/11\/gmrsescudo-y-nombrergb-e1637684202102.png","width":1000,"height":567,"caption":"GM Racket Sports"},"image":{"@id":"https:\/\/gmracketsports.us\/es\/#\/schema\/logo\/image\/"}}]}},"_links":{"self":[{"href":"https:\/\/gmracketsports.us\/es\/wp-json\/wp\/v2\/pages\/3","targetHints":{"allow":["GET"]}}],"collection":[{"href":"https:\/\/gmracketsports.us\/es\/wp-json\/wp\/v2\/pages"}],"about":[{"href":"https:\/\/gmracketsports.us\/es\/wp-json\/wp\/v2\/types\/page"}],"author":[{"embeddable":true,"href":"https:\/\/gmracketsports.us\/es\/wp-json\/wp\/v2\/users\/1"}],"replies":[{"embeddable":true,"href":"https:\/\/gmracketsports.us\/es\/wp-json\/wp\/v2\/comments?post=3"}],"version-history":[{"count":6,"href":"https:\/\/gmracketsports.us\/es\/wp-json\/wp\/v2\/pages\/3\/revisions"}],"predecessor-version":[{"id":8249,"href":"https:\/\/gmracketsports.us\/es\/wp-json\/wp\/v2\/pages\/3\/revisions\/8249"}],"wp:attachment":[{"href":"https:\/\/gmracketsports.us\/es\/wp-json\/wp\/v2\/media?parent=3"}],"curies":[{"name":"wp","href":"https:\/\/api.w.org\/{rel}","templated":true}]}}