{"id":20,"date":"2021-11-22T19:18:41","date_gmt":"2021-11-22T18:18:41","guid":{"rendered":"https:\/\/gmracketsports.us\/?page_id=20"},"modified":"2026-01-02T20:35:21","modified_gmt":"2026-01-02T19:35:21","slug":"quienes-somos","status":"publish","type":"page","link":"https:\/\/gmracketsports.us\/es\/quienes-somos\/","title":{"rendered":"Qui\u00e9nes somos"},"content":{"rendered":"\t\t<div data-elementor-type=\"wp-page\" data-elementor-id=\"20\" class=\"elementor elementor-20\" data-elementor-post-type=\"page\">\n\t\t\t\t\t\t<section class=\"elementor-section elementor-top-section elementor-element elementor-element-2044cb9 elementor-section-boxed elementor-section-height-default elementor-section-height-default\" data-id=\"2044cb9\" data-element_type=\"section\">\n\t\t\t\t\t\t<div class=\"elementor-container elementor-column-gap-default\">\n\t\t\t\t\t<div class=\"elementor-column elementor-col-100 elementor-top-column elementor-element elementor-element-7fe36b5\" data-id=\"7fe36b5\" data-element_type=\"column\">\n\t\t\t<div class=\"elementor-widget-wrap elementor-element-populated\">\n\t\t\t\t\t\t<div class=\"elementor-element elementor-element-ab43592 elementor-widget elementor-widget-video\" data-id=\"ab43592\" data-element_type=\"widget\" data-settings=\"{&quot;youtube_url&quot;:&quot;https:\\\/\\\/www.youtube.com\\\/watch?v=EIRvUdCVa-E&quot;,&quot;autoplay&quot;:&quot;yes&quot;,&quot;play_on_mobile&quot;:&quot;yes&quot;,&quot;loop&quot;:&quot;yes&quot;,&quot;video_type&quot;:&quot;youtube&quot;,&quot;controls&quot;:&quot;yes&quot;}\" data-widget_type=\"video.default\">\n\t\t\t\t<div class=\"elementor-widget-container\">\n\t\t\t\t\t<div class=\"elementor-wrapper elementor-open-inline\">\n\t\t\t<div class=\"elementor-video\"><\/div>\t\t<\/div>\n\t\t\t\t<\/div>\n\t\t\t\t<\/div>\n\t\t\t\t\t<\/div>\n\t\t<\/div>\n\t\t\t\t\t<\/div>\n\t\t<\/section>\n\t\t\t\t<section class=\"elementor-section elementor-top-section elementor-element elementor-element-fad3c25 elementor-section-boxed elementor-section-height-default elementor-section-height-default\" data-id=\"fad3c25\" data-element_type=\"section\">\n\t\t\t\t\t\t<div class=\"elementor-container elementor-column-gap-default\">\n\t\t\t\t\t<div class=\"elementor-column elementor-col-100 elementor-top-column elementor-element elementor-element-5f9f7e5\" data-id=\"5f9f7e5\" data-element_type=\"column\">\n\t\t\t<div class=\"elementor-widget-wrap elementor-element-populated\">\n\t\t\t\t\t\t\t<\/div>\n\t\t<\/div>\n\t\t\t\t\t<\/div>\n\t\t<\/section>\n\t\t\t\t<section class=\"elementor-section elementor-top-section elementor-element elementor-element-2d352e1a elementor-section-boxed elementor-section-height-default elementor-section-height-default\" data-id=\"2d352e1a\" data-element_type=\"section\">\n\t\t\t\t\t\t<div class=\"elementor-container elementor-column-gap-no\">\n\t\t\t\t\t<div class=\"elementor-column elementor-col-100 elementor-top-column elementor-element elementor-element-7868bac0\" data-id=\"7868bac0\" data-element_type=\"column\">\n\t\t\t<div class=\"elementor-widget-wrap elementor-element-populated\">\n\t\t\t\t\t\t<div class=\"elementor-element elementor-element-8c88e5a elementor-widget elementor-widget-heading\" data-id=\"8c88e5a\" data-element_type=\"widget\" data-widget_type=\"heading.default\">\n\t\t\t\t<div class=\"elementor-widget-container\">\n\t\t\t<h2 class=\"elementor-heading-title elementor-size-default\">Staff<\/h2>\t\t<\/div>\n\t\t\t\t<\/div>\n\t\t\t\t\t<\/div>\n\t\t<\/div>\n\t\t\t\t\t<\/div>\n\t\t<\/section>\n\t\t\t\t<section class=\"elementor-section elementor-top-section elementor-element elementor-element-9992c88 elementor-section-boxed elementor-section-height-default elementor-section-height-default\" data-id=\"9992c88\" data-element_type=\"section\">\n\t\t\t\t\t\t<div class=\"elementor-container elementor-column-gap-no\">\n\t\t\t\t\t<div class=\"elementor-column elementor-col-100 elementor-top-column elementor-element elementor-element-19974ff\" data-id=\"19974ff\" data-element_type=\"column\">\n\t\t\t<div class=\"elementor-widget-wrap elementor-element-populated\">\n\t\t\t\t\t\t<section class=\"elementor-section elementor-inner-section elementor-element elementor-element-6cf429d elementor-section-boxed elementor-section-height-default elementor-section-height-default\" data-id=\"6cf429d\" data-element_type=\"section\">\n\t\t\t\t\t\t<div class=\"elementor-container elementor-column-gap-default\">\n\t\t\t\t\t<div class=\"elementor-column elementor-col-50 elementor-inner-column elementor-element elementor-element-e788912\" data-id=\"e788912\" data-element_type=\"column\">\n\t\t\t<div class=\"elementor-widget-wrap elementor-element-populated\">\n\t\t\t\t\t\t<div class=\"elementor-element elementor-element-d35b92b elementor-widget__width-initial elementor-widget elementor-widget-text-editor\" data-id=\"d35b92b\" data-element_type=\"widget\" data-widget_type=\"text-editor.default\">\n\t\t\t\t<div class=\"elementor-widget-container\">\n\t\t\t\t\t\t\t<p>GM Racket Sports se compone de un conjunto de profesionales especializados en los deportes de raqueta y con muchos a\u00f1os de experiencia a sus espaldas.<\/p><p>En enero de 2021, despu\u00e9s de analizar el mercado espa\u00f1ol, se estableci\u00f3 GM Racket Sports, con el objetivo de mejorar la visibilidad y el crecimiento de la industria de los deportes de raqueta en toda el \u00e1rea de Barcelona y el resto de Espa\u00f1a.<\/p><p><span style=\"color: var( --e-global-color-text ); font-family: var( --e-global-typography-text-font-family ), Sans-serif; background-color: var(--base-3);\">En junio de 2023, GM Racket Sports USA se lanz\u00f3 oficialmente para expandir estrat\u00e9gicamente sus operaciones a Florida, todo Estados Unidos y algunos pa\u00edses de Am\u00e9rica, ofreciendo servicios diferenciados en p\u00e1del, pickleball y tenis. Este enfoque integral brinda una experiencia de 360 grados tanto para jugadores como para instalaciones deportivas<\/span>.<\/p><p><span style=\"color: var( --e-global-color-text ); font-family: var( --e-global-typography-text-font-family ), Sans-serif; background-color: var(--base-3);\">Nuestra identidad se define por el profesionalismo, servicios personalizados, el aprovechamiento de la tecnolog\u00eda para impulsar la innovaci\u00f3n en el deporte, la cercan\u00eda con el cliente y la pasi\u00f3n por lo que hacemos<\/span>.<\/p><p>Pod\u00e9is contactarnos cuando lo dese\u00e9is escribi\u00e9ndonos a info@gmracketsports.com o siguiendo alguno de los m\u00e9todos adicionales que detallamos en el apartado contacto de esta web.<\/p><p>\u00a1Ser\u00e1 un placer daros la bienvenida!<\/p>\t\t\t\t\t\t<\/div>\n\t\t\t\t<\/div>\n\t\t\t\t\t<\/div>\n\t\t<\/div>\n\t\t\t\t<div class=\"elementor-column elementor-col-50 elementor-inner-column elementor-element elementor-element-d10fbbc\" data-id=\"d10fbbc\" data-element_type=\"column\">\n\t\t\t<div class=\"elementor-widget-wrap elementor-element-populated\">\n\t\t\t\t\t\t\t<\/div>\n\t\t<\/div>\n\t\t\t\t\t<\/div>\n\t\t<\/section>\n\t\t\t\t<div class=\"elementor-element elementor-element-56e5e0b elementor-hidden-desktop elementor-hidden-tablet elementor-hidden-mobile elementor-widget elementor-widget-heading\" data-id=\"56e5e0b\" data-element_type=\"widget\" data-widget_type=\"heading.default\">\n\t\t\t\t<div class=\"elementor-widget-container\">\n\t\t\t<h2 class=\"elementor-heading-title elementor-size-default\">Equipo GM Racket Sports<\/h2>\t\t<\/div>\n\t\t\t\t<\/div>\n\t\t\t\t<section class=\"elementor-section elementor-inner-section elementor-element elementor-element-754db3f elementor-hidden-desktop elementor-hidden-tablet elementor-hidden-mobile elementor-section-boxed elementor-section-height-default elementor-section-height-default\" data-id=\"754db3f\" data-element_type=\"section\">\n\t\t\t\t\t\t<div class=\"elementor-container elementor-column-gap-default\">\n\t\t\t\t\t<div class=\"elementor-column elementor-col-50 elementor-inner-column elementor-element elementor-element-93a61f6\" data-id=\"93a61f6\" data-element_type=\"column\">\n\t\t\t<div class=\"elementor-widget-wrap elementor-element-populated\">\n\t\t\t\t\t\t<div class=\"elementor-element elementor-element-07c72fc elementor-widget elementor-widget-image\" data-id=\"07c72fc\" data-element_type=\"widget\" data-widget_type=\"image.default\">\n\t\t\t\t<div class=\"elementor-widget-container\">\n\t\t\t\t\t\t\t\t\t\t\t\t\t<img fetchpriority=\"high\" decoding=\"async\" width=\"300\" height=\"300\" src=\"https:\/\/gmracketsports.us\/wp-content\/uploads\/2021\/11\/david-guillen.jpg\" class=\"attachment-large size-large wp-image-218\" alt=\"David Guillen\" srcset=\"https:\/\/gmracketsports.us\/wp-content\/uploads\/2021\/11\/david-guillen.jpg 300w, https:\/\/gmracketsports.us\/wp-content\/uploads\/2021\/11\/david-guillen-150x150.jpg 150w, https:\/\/gmracketsports.us\/wp-content\/uploads\/2021\/11\/david-guillen-100x100.jpg 100w\" sizes=\"(max-width: 300px) 100vw, 300px\" \/>\t\t\t\t\t\t\t\t\t\t\t\t\t<\/div>\n\t\t\t\t<\/div>\n\t\t\t\t\t<\/div>\n\t\t<\/div>\n\t\t\t\t<div class=\"elementor-column elementor-col-50 elementor-inner-column elementor-element elementor-element-b67ed64\" data-id=\"b67ed64\" data-element_type=\"column\" data-settings=\"{&quot;background_background&quot;:&quot;classic&quot;}\">\n\t\t\t<div class=\"elementor-widget-wrap elementor-element-populated\">\n\t\t\t\t\t\t<div class=\"elementor-element elementor-element-e6b3faa elementor-widget elementor-widget-heading\" data-id=\"e6b3faa\" data-element_type=\"widget\" data-widget_type=\"heading.default\">\n\t\t\t\t<div class=\"elementor-widget-container\">\n\t\t\t<h2 class=\"elementor-heading-title elementor-size-default\">David Guill\u00e9n<\/h2>\t\t<\/div>\n\t\t\t\t<\/div>\n\t\t\t\t<div class=\"elementor-element elementor-element-870261a elementor-widget elementor-widget-text-editor\" data-id=\"870261a\" data-element_type=\"widget\" data-widget_type=\"text-editor.default\">\n\t\t\t\t<div class=\"elementor-widget-container\">\n\t\t\t\t\t\t\t<p>T\u00e9cnico de Tenis, P\u00e1del y Tenis playa. M\u00e1s de 25 a\u00f1os trabajando en la ense\u00f1anza y la competici\u00f3n. Inquieto y apasionado de estas modalidades deportivas.<\/p>\n<p>Funda DGSports con la voluntad de aportar sus conocimientos e ideas a estos deportes, para mejorar el rendimiento de aficionados y profesionales.<\/p>\t\t\t\t\t\t<\/div>\n\t\t\t\t<\/div>\n\t\t\t\t\t<\/div>\n\t\t<\/div>\n\t\t\t\t\t<\/div>\n\t\t<\/section>\n\t\t\t\t<section class=\"elementor-section elementor-inner-section elementor-element elementor-element-f537a72 elementor-hidden-desktop elementor-hidden-tablet elementor-hidden-mobile elementor-section-boxed elementor-section-height-default elementor-section-height-default\" data-id=\"f537a72\" data-element_type=\"section\">\n\t\t\t\t\t\t<div class=\"elementor-container elementor-column-gap-default\">\n\t\t\t\t\t<div class=\"elementor-column elementor-col-50 elementor-inner-column elementor-element elementor-element-11ac4ac\" data-id=\"11ac4ac\" data-element_type=\"column\">\n\t\t\t<div class=\"elementor-widget-wrap elementor-element-populated\">\n\t\t\t\t\t\t<div class=\"elementor-element elementor-element-c0ff668 elementor-widget elementor-widget-image\" data-id=\"c0ff668\" data-element_type=\"widget\" data-widget_type=\"image.default\">\n\t\t\t\t<div class=\"elementor-widget-container\">\n\t\t\t\t\t\t\t\t\t\t\t\t\t<img decoding=\"async\" width=\"600\" height=\"271\" src=\"https:\/\/gmracketsports.us\/wp-content\/uploads\/2021\/12\/gmracketwhitetransp.png\" class=\"attachment-large size-large wp-image-1073\" alt=\"Gmracketwhitetransp\" srcset=\"https:\/\/gmracketsports.us\/wp-content\/uploads\/2021\/12\/gmracketwhitetransp.png 600w, https:\/\/gmracketsports.us\/wp-content\/uploads\/2021\/12\/gmracketwhitetransp-300x136.png 300w\" sizes=\"(max-width: 600px) 100vw, 600px\" \/>\t\t\t\t\t\t\t\t\t\t\t\t\t<\/div>\n\t\t\t\t<\/div>\n\t\t\t\t\t<\/div>\n\t\t<\/div>\n\t\t\t\t<div class=\"elementor-column elementor-col-50 elementor-inner-column elementor-element elementor-element-65f61d9\" data-id=\"65f61d9\" data-element_type=\"column\" data-settings=\"{&quot;background_background&quot;:&quot;classic&quot;}\">\n\t\t\t<div class=\"elementor-widget-wrap elementor-element-populated\">\n\t\t\t\t\t\t<div class=\"elementor-element elementor-element-a00a720 elementor-widget elementor-widget-heading\" data-id=\"a00a720\" data-element_type=\"widget\" data-widget_type=\"heading.default\">\n\t\t\t\t<div class=\"elementor-widget-container\">\n\t\t\t<h2 class=\"elementor-heading-title elementor-size-default\">Paco Mar\u00edn<\/h2>\t\t<\/div>\n\t\t\t\t<\/div>\n\t\t\t\t<div class=\"elementor-element elementor-element-a2b912c elementor-widget elementor-widget-text-editor\" data-id=\"a2b912c\" data-element_type=\"widget\" data-widget_type=\"text-editor.default\">\n\t\t\t\t<div class=\"elementor-widget-container\">\n\t\t\t\t\t\t\t<p>T\u00e9cnico de Tenis, P\u00e1del y Tenis playa. M\u00e1s de 25 a\u00f1os trabajando en la ense\u00f1anza y la competici\u00f3n. Inquieto y apasionado de estas modalidades deportivas.<\/p>\n<p>Funda DGSports con la voluntad de aportar sus conocimientos e ideas a estos deportes, para mejorar el rendimiento de aficionados y profesionales.<\/p>\t\t\t\t\t\t<\/div>\n\t\t\t\t<\/div>\n\t\t\t\t\t<\/div>\n\t\t<\/div>\n\t\t\t\t\t<\/div>\n\t\t<\/section>\n\t\t\t\t<div class=\"elementor-element elementor-element-43576a8 elementor-widget elementor-widget-heading\" data-id=\"43576a8\" data-element_type=\"widget\" data-widget_type=\"heading.default\">\n\t\t\t\t<div class=\"elementor-widget-container\">\n\t\t\t<h2 class=\"elementor-heading-title elementor-size-default\">COLABORADORES<\/h2>\t\t<\/div>\n\t\t\t\t<\/div>\n\t\t\t\t<section class=\"elementor-section elementor-inner-section elementor-element elementor-element-1428dbe elementor-section-boxed elementor-section-height-default elementor-section-height-default\" data-id=\"1428dbe\" data-element_type=\"section\">\n\t\t\t\t\t\t<div class=\"elementor-container elementor-column-gap-default\">\n\t\t\t\t\t<div class=\"elementor-column elementor-col-33 elementor-inner-column elementor-element elementor-element-eb79ed7\" data-id=\"eb79ed7\" data-element_type=\"column\">\n\t\t\t<div class=\"elementor-widget-wrap elementor-element-populated\">\n\t\t\t\t\t\t<div class=\"elementor-element elementor-element-5f00f6a elementor-widget elementor-widget-heading\" data-id=\"5f00f6a\" data-element_type=\"widget\" data-widget_type=\"heading.default\">\n\t\t\t\t<div class=\"elementor-widget-container\">\n\t\t\t<h4 class=\"elementor-heading-title elementor-size-default\">Coming<\/h4>\t\t<\/div>\n\t\t\t\t<\/div>\n\t\t\t\t<div class=\"elementor-element elementor-element-e603a2b elementor-widget elementor-widget-text-editor\" data-id=\"e603a2b\" data-element_type=\"widget\" data-widget_type=\"text-editor.default\">\n\t\t\t\t<div class=\"elementor-widget-container\">\n\t\t\t\t\t\t\t<p>Soon<\/p>\t\t\t\t\t\t<\/div>\n\t\t\t\t<\/div>\n\t\t\t\t\t<\/div>\n\t\t<\/div>\n\t\t\t\t<div class=\"elementor-column elementor-col-33 elementor-inner-column elementor-element elementor-element-e02f708\" data-id=\"e02f708\" data-element_type=\"column\">\n\t\t\t<div class=\"elementor-widget-wrap elementor-element-populated\">\n\t\t\t\t\t\t\t<\/div>\n\t\t<\/div>\n\t\t\t\t<div class=\"elementor-column elementor-col-33 elementor-inner-column elementor-element elementor-element-7e76de0\" data-id=\"7e76de0\" data-element_type=\"column\">\n\t\t\t<div class=\"elementor-widget-wrap elementor-element-populated\">\n\t\t\t\t\t\t\t<\/div>\n\t\t<\/div>\n\t\t\t\t\t<\/div>\n\t\t<\/section>\n\t\t\t\t<section class=\"elementor-section elementor-inner-section elementor-element elementor-element-5ab40f9 elementor-section-boxed elementor-section-height-default elementor-section-height-default\" data-id=\"5ab40f9\" data-element_type=\"section\">\n\t\t\t\t\t\t<div class=\"elementor-container elementor-column-gap-default\">\n\t\t\t\t\t<div class=\"elementor-column elementor-col-33 elementor-inner-column elementor-element elementor-element-3d9d3b3\" data-id=\"3d9d3b3\" data-element_type=\"column\">\n\t\t\t<div class=\"elementor-widget-wrap elementor-element-populated\">\n\t\t\t\t\t\t\t<\/div>\n\t\t<\/div>\n\t\t\t\t<div class=\"elementor-column elementor-col-33 elementor-inner-column elementor-element elementor-element-0b65d65\" data-id=\"0b65d65\" data-element_type=\"column\">\n\t\t\t<div class=\"elementor-widget-wrap elementor-element-populated\">\n\t\t\t\t\t\t\t<\/div>\n\t\t<\/div>\n\t\t\t\t<div class=\"elementor-column elementor-col-33 elementor-inner-column elementor-element elementor-element-64b5546\" data-id=\"64b5546\" data-element_type=\"column\">\n\t\t\t<div class=\"elementor-widget-wrap\">\n\t\t\t\t\t\t\t<\/div>\n\t\t<\/div>\n\t\t\t\t\t<\/div>\n\t\t<\/section>\n\t\t\t\t\t<\/div>\n\t\t<\/div>\n\t\t\t\t\t<\/div>\n\t\t<\/section>\n\t\t\t\t<\/div>\n\t\t","protected":false},"excerpt":{"rendered":"<p>Staff GM Racket Sports se compone de un conjunto de profesionales especializados en los deportes de raqueta y con muchos a\u00f1os de experiencia a sus espaldas. En enero de 2021, despu\u00e9s de analizar el mercado espa\u00f1ol, se estableci\u00f3 GM Racket Sports, con el objetivo de mejorar la visibilidad y el crecimiento de la industria de &#8230; <a title=\"Qui\u00e9nes somos\" class=\"read-more\" href=\"https:\/\/gmracketsports.us\/es\/quienes-somos\/\" aria-label=\"M\u00e1s en Qui\u00e9nes somos\">Leer m\u00e1s<\/a><\/p>\n","protected":false},"author":1,"featured_media":0,"parent":0,"menu_order":0,"comment_status":"closed","ping_status":"closed","template":"","meta":{"footnotes":""},"class_list":["post-20","page","type-page","status-publish"],"yoast_head":"<!-- This site is optimized with the Yoast SEO plugin v24.0 - https:\/\/yoast.com\/wordpress\/plugins\/seo\/ -->\n<title>Qui\u00e9nes somos &#171; GM Racket Sports<\/title>\n<meta name=\"robots\" content=\"index, follow, max-snippet:-1, max-image-preview:large, max-video-preview:-1\" \/>\n<link rel=\"canonical\" href=\"https:\/\/gmracketsports.us\/es\/quienes-somos\/\" \/>\n<meta property=\"og:locale\" content=\"es_ES\" \/>\n<meta property=\"og:type\" content=\"article\" \/>\n<meta property=\"og:title\" content=\"Qui\u00e9nes somos &#171; GM Racket Sports\" \/>\n<meta property=\"og:description\" content=\"Staff GM Racket Sports se compone de un conjunto de profesionales especializados en los deportes de raqueta y con muchos a\u00f1os de experiencia a sus espaldas. En enero de 2021, despu\u00e9s de analizar el mercado espa\u00f1ol, se estableci\u00f3 GM Racket Sports, con el objetivo de mejorar la visibilidad y el crecimiento de la industria de ... Leer m\u00e1s\" \/>\n<meta property=\"og:url\" content=\"https:\/\/gmracketsports.us\/es\/quienes-somos\/\" \/>\n<meta property=\"og:site_name\" content=\"GM Racket Sports\" \/>\n<meta property=\"article:modified_time\" content=\"2026-01-02T19:35:21+00:00\" \/>\n<meta property=\"og:image\" content=\"https:\/\/gmracketsports.us\/wp-content\/uploads\/2021\/11\/david-guillen.jpg\" \/>\n\t<meta property=\"og:image:width\" content=\"300\" \/>\n\t<meta property=\"og:image:height\" content=\"300\" \/>\n\t<meta property=\"og:image:type\" content=\"image\/jpeg\" \/>\n<meta name=\"twitter:card\" content=\"summary_large_image\" \/>\n<meta name=\"twitter:label1\" content=\"Tiempo de lectura\" \/>\n\t<meta name=\"twitter:data1\" content=\"2 minutos\" \/>\n<script type=\"application\/ld+json\" class=\"yoast-schema-graph\">{\"@context\":\"https:\/\/schema.org\",\"@graph\":[{\"@type\":\"WebPage\",\"@id\":\"https:\/\/gmracketsports.us\/es\/quienes-somos\/\",\"url\":\"https:\/\/gmracketsports.us\/es\/quienes-somos\/\",\"name\":\"Qui\u00e9nes somos &#171; GM Racket Sports\",\"isPartOf\":{\"@id\":\"https:\/\/gmracketsports.us\/es\/#website\"},\"primaryImageOfPage\":{\"@id\":\"https:\/\/gmracketsports.us\/es\/quienes-somos\/#primaryimage\"},\"image\":{\"@id\":\"https:\/\/gmracketsports.us\/es\/quienes-somos\/#primaryimage\"},\"thumbnailUrl\":\"https:\/\/gmracketsports.us\/wp-content\/uploads\/2021\/11\/david-guillen.jpg\",\"datePublished\":\"2021-11-22T18:18:41+00:00\",\"dateModified\":\"2026-01-02T19:35:21+00:00\",\"breadcrumb\":{\"@id\":\"https:\/\/gmracketsports.us\/es\/quienes-somos\/#breadcrumb\"},\"inLanguage\":\"es\",\"potentialAction\":[{\"@type\":\"ReadAction\",\"target\":[\"https:\/\/gmracketsports.us\/es\/quienes-somos\/\"]}]},{\"@type\":\"ImageObject\",\"inLanguage\":\"es\",\"@id\":\"https:\/\/gmracketsports.us\/es\/quienes-somos\/#primaryimage\",\"url\":\"https:\/\/gmracketsports.us\/wp-content\/uploads\/2021\/11\/david-guillen.jpg\",\"contentUrl\":\"https:\/\/gmracketsports.us\/wp-content\/uploads\/2021\/11\/david-guillen.jpg\"},{\"@type\":\"BreadcrumbList\",\"@id\":\"https:\/\/gmracketsports.us\/es\/quienes-somos\/#breadcrumb\",\"itemListElement\":[{\"@type\":\"ListItem\",\"position\":1,\"name\":\"Portada\",\"item\":\"https:\/\/gmracketsports.us\/es\/\"},{\"@type\":\"ListItem\",\"position\":2,\"name\":\"Qui\u00e9nes somos\"}]},{\"@type\":\"WebSite\",\"@id\":\"https:\/\/gmracketsports.us\/es\/#website\",\"url\":\"https:\/\/gmracketsports.us\/es\/\",\"name\":\"GM Racket Sports\",\"description\":\"GM Racket Sports\",\"publisher\":{\"@id\":\"https:\/\/gmracketsports.us\/es\/#organization\"},\"potentialAction\":[{\"@type\":\"SearchAction\",\"target\":{\"@type\":\"EntryPoint\",\"urlTemplate\":\"https:\/\/gmracketsports.us\/es\/?s={search_term_string}\"},\"query-input\":{\"@type\":\"PropertyValueSpecification\",\"valueRequired\":true,\"valueName\":\"search_term_string\"}}],\"inLanguage\":\"es\"},{\"@type\":\"Organization\",\"@id\":\"https:\/\/gmracketsports.us\/es\/#organization\",\"name\":\"GM Racket Sports\",\"url\":\"https:\/\/gmracketsports.us\/es\/\",\"logo\":{\"@type\":\"ImageObject\",\"inLanguage\":\"es\",\"@id\":\"https:\/\/gmracketsports.us\/es\/#\/schema\/logo\/image\/\",\"url\":\"https:\/\/gmracketsports.us\/wp-content\/uploads\/2021\/11\/gmrsescudo-y-nombrergb-e1637684202102.png\",\"contentUrl\":\"https:\/\/gmracketsports.us\/wp-content\/uploads\/2021\/11\/gmrsescudo-y-nombrergb-e1637684202102.png\",\"width\":1000,\"height\":567,\"caption\":\"GM Racket Sports\"},\"image\":{\"@id\":\"https:\/\/gmracketsports.us\/es\/#\/schema\/logo\/image\/\"}}]}<\/script>\n<!-- \/ Yoast SEO plugin. -->","yoast_head_json":{"title":"Qui\u00e9nes somos &#171; GM Racket Sports","robots":{"index":"index","follow":"follow","max-snippet":"max-snippet:-1","max-image-preview":"max-image-preview:large","max-video-preview":"max-video-preview:-1"},"canonical":"https:\/\/gmracketsports.us\/es\/quienes-somos\/","og_locale":"es_ES","og_type":"article","og_title":"Qui\u00e9nes somos &#171; GM Racket Sports","og_description":"Staff GM Racket Sports se compone de un conjunto de profesionales especializados en los deportes de raqueta y con muchos a\u00f1os de experiencia a sus espaldas. En enero de 2021, despu\u00e9s de analizar el mercado espa\u00f1ol, se estableci\u00f3 GM Racket Sports, con el objetivo de mejorar la visibilidad y el crecimiento de la industria de ... Leer m\u00e1s","og_url":"https:\/\/gmracketsports.us\/es\/quienes-somos\/","og_site_name":"GM Racket Sports","article_modified_time":"2026-01-02T19:35:21+00:00","og_image":[{"width":300,"height":300,"url":"https:\/\/gmracketsports.us\/wp-content\/uploads\/2021\/11\/david-guillen.jpg","type":"image\/jpeg"}],"twitter_card":"summary_large_image","twitter_misc":{"Tiempo de lectura":"2 minutos"},"schema":{"@context":"https:\/\/schema.org","@graph":[{"@type":"WebPage","@id":"https:\/\/gmracketsports.us\/es\/quienes-somos\/","url":"https:\/\/gmracketsports.us\/es\/quienes-somos\/","name":"Qui\u00e9nes somos &#171; GM Racket Sports","isPartOf":{"@id":"https:\/\/gmracketsports.us\/es\/#website"},"primaryImageOfPage":{"@id":"https:\/\/gmracketsports.us\/es\/quienes-somos\/#primaryimage"},"image":{"@id":"https:\/\/gmracketsports.us\/es\/quienes-somos\/#primaryimage"},"thumbnailUrl":"https:\/\/gmracketsports.us\/wp-content\/uploads\/2021\/11\/david-guillen.jpg","datePublished":"2021-11-22T18:18:41+00:00","dateModified":"2026-01-02T19:35:21+00:00","breadcrumb":{"@id":"https:\/\/gmracketsports.us\/es\/quienes-somos\/#breadcrumb"},"inLanguage":"es","potentialAction":[{"@type":"ReadAction","target":["https:\/\/gmracketsports.us\/es\/quienes-somos\/"]}]},{"@type":"ImageObject","inLanguage":"es","@id":"https:\/\/gmracketsports.us\/es\/quienes-somos\/#primaryimage","url":"https:\/\/gmracketsports.us\/wp-content\/uploads\/2021\/11\/david-guillen.jpg","contentUrl":"https:\/\/gmracketsports.us\/wp-content\/uploads\/2021\/11\/david-guillen.jpg"},{"@type":"BreadcrumbList","@id":"https:\/\/gmracketsports.us\/es\/quienes-somos\/#breadcrumb","itemListElement":[{"@type":"ListItem","position":1,"name":"Portada","item":"https:\/\/gmracketsports.us\/es\/"},{"@type":"ListItem","position":2,"name":"Qui\u00e9nes somos"}]},{"@type":"WebSite","@id":"https:\/\/gmracketsports.us\/es\/#website","url":"https:\/\/gmracketsports.us\/es\/","name":"GM Racket Sports","description":"GM Racket Sports","publisher":{"@id":"https:\/\/gmracketsports.us\/es\/#organization"},"potentialAction":[{"@type":"SearchAction","target":{"@type":"EntryPoint","urlTemplate":"https:\/\/gmracketsports.us\/es\/?s={search_term_string}"},"query-input":{"@type":"PropertyValueSpecification","valueRequired":true,"valueName":"search_term_string"}}],"inLanguage":"es"},{"@type":"Organization","@id":"https:\/\/gmracketsports.us\/es\/#organization","name":"GM Racket Sports","url":"https:\/\/gmracketsports.us\/es\/","logo":{"@type":"ImageObject","inLanguage":"es","@id":"https:\/\/gmracketsports.us\/es\/#\/schema\/logo\/image\/","url":"https:\/\/gmracketsports.us\/wp-content\/uploads\/2021\/11\/gmrsescudo-y-nombrergb-e1637684202102.png","contentUrl":"https:\/\/gmracketsports.us\/wp-content\/uploads\/2021\/11\/gmrsescudo-y-nombrergb-e1637684202102.png","width":1000,"height":567,"caption":"GM Racket Sports"},"image":{"@id":"https:\/\/gmracketsports.us\/es\/#\/schema\/logo\/image\/"}}]}},"_links":{"self":[{"href":"https:\/\/gmracketsports.us\/es\/wp-json\/wp\/v2\/pages\/20","targetHints":{"allow":["GET"]}}],"collection":[{"href":"https:\/\/gmracketsports.us\/es\/wp-json\/wp\/v2\/pages"}],"about":[{"href":"https:\/\/gmracketsports.us\/es\/wp-json\/wp\/v2\/types\/page"}],"author":[{"embeddable":true,"href":"https:\/\/gmracketsports.us\/es\/wp-json\/wp\/v2\/users\/1"}],"replies":[{"embeddable":true,"href":"https:\/\/gmracketsports.us\/es\/wp-json\/wp\/v2\/comments?post=20"}],"version-history":[{"count":20,"href":"https:\/\/gmracketsports.us\/es\/wp-json\/wp\/v2\/pages\/20\/revisions"}],"predecessor-version":[{"id":8517,"href":"https:\/\/gmracketsports.us\/es\/wp-json\/wp\/v2\/pages\/20\/revisions\/8517"}],"wp:attachment":[{"href":"https:\/\/gmracketsports.us\/es\/wp-json\/wp\/v2\/media?parent=20"}],"curies":[{"name":"wp","href":"https:\/\/api.w.org\/{rel}","templated":true}]}}