{"id":1604,"date":"2021-12-30T10:05:21","date_gmt":"2021-12-30T09:05:21","guid":{"rendered":"https:\/\/gmracketsports.us\/?page_id=1604"},"modified":"2024-12-19T06:39:50","modified_gmt":"2024-12-19T05:39:50","slug":"condiciones-de-uso","status":"publish","type":"page","link":"https:\/\/gmracketsports.us\/es\/condiciones-de-uso\/","title":{"rendered":"Condiciones de uso"},"content":{"rendered":"\n<h3 class=\"wp-block-heading\"><strong>1. Objeto<\/strong><\/h3>\n\n\n\n<p>Las presentes condiciones regulan el acceso y el uso de los servicios prestados a trav\u00e9s de este sitio web (el \u00abSitio Web\u00bb) que GM Racket Sports LLC, con EIN n\u00famero 30-1369686, registrada el 14 de junio de 2023 en el estado de Florida, EEUU, y teniendo como direcci\u00f3n principal 1000 Brickell Avenue, Ste 715, 33131, Miami, Estados Unidos de Am\u00e9rica (\u201cGM Racket Sports\u201d), pone a disposici\u00f3n del usuario (el \u201cUsuario\u201d).<\/p>\n\n\n\n<p>La utilizaci\u00f3n del Sitio Web por el Usuario implica la plena aceptaci\u00f3n de las disposiciones incluidas en estas condiciones en la versi\u00f3n publicada por GM Racket Sports en el momento en que el Usuario acceda al Sitio Web. GM Racket Sports pone en conocimiento de los Usuarios que estas condiciones de acceso y uso del Sitio Web pueden ser modificadas sin notificaci\u00f3n previa, recomend\u00e1ndose en consecuencia la lectura peri\u00f3dica de su contenido.<\/p>\n\n\n\n<p>La utilizaci\u00f3n de ciertos servicios ofrecidos a los Usuarios a trav\u00e9s del Sitio Web puede encontrarse sometida a condiciones particulares propias que, seg\u00fan los casos, sustituyen, completan y\/o modifican las presentes condiciones. Por lo tanto, con anterioridad a la utilizaci\u00f3n de dichos servicios, el Usuario tambi\u00e9n ha de leer atentamente y aceptar las correspondientes condiciones particulares que resulten aplicables.<\/p>\n\n\n\n<hr class=\"wp-block-separator has-text-color has-accent-color has-css-opacity has-accent-background-color has-background is-style-dots\"\/>\n\n\n\n<h3 class=\"wp-block-heading\"><strong>2. Contenido<\/strong><\/h3>\n\n\n\n<p>GM Racket Sports intentar\u00e1 razonablemente que los contenidos del Sitio Web est\u00e9n actualizados y revisados, sin que ello implique ofrecer garant\u00eda alguna sobre la adecuaci\u00f3n, exactitud o integridad de la informaci\u00f3n proporcionada. GM Racket Sports no garantiza, en definitiva, que la informaci\u00f3n contenida en el Sitio Web sea exacta, completa o actualizada y declina expresamente cualquier responsabilidad por error u omisi\u00f3n en la informaci\u00f3n contenida en el Sitio Web.<\/p>\n\n\n\n<p>Igualmente, GM Racket Sports no ser\u00e1 en ning\u00fan caso responsable de:<\/p>\n\n\n\n<ul class=\"wp-block-list\">\n<li>Los contenidos que pudieran visualizarse directa o indirectamente en el Sitio Web mediante links o hiperv\u00ednculos, que podr\u00e1n ser retirados unilateralmente por GM Racket Sports en cualquier momento. Los enlaces contenidos en el Sitio Web no indican la existencia de relaci\u00f3n contractual alguna entre las empresas titulares de los websites referenciados y GM Racket Sports.<\/li>\n\n\n\n<li>La informaci\u00f3n eventualmente aportada por los Usuarios a trav\u00e9s del Sitio Web o de cualquier foro que pudiera vincularse al mismo. En este sentido, el Usuario se compromete a\n<ul class=\"wp-block-list\">\n<li>No utilizar cualquiera de los materiales e informaciones contenidos en este Sitio Web con fines il\u00edcitos y expresamente prohibidos en las presentes condiciones y\/o en las condiciones particulares que, en su caso, se habiliten;\u00a0<\/li>\n\n\n\n<li>Hacer un uso diligente del Sitio Web y de los servicios accesibles desde el mismo, de conformidad con la normativa vigente, las buenas costumbres, las presentes condiciones y, en su caso, las condiciones particulares aplicables, as\u00ed como manteniendo el debido respeto a los dem\u00e1s Usuarios.<\/li>\n<\/ul>\n<\/li>\n<\/ul>\n\n\n\n<p>GM Racket Sports se reserva el derecho de retirar, sin necesidad de previo aviso o posterior notificaci\u00f3n, los links que aparecen en el Sitio Web y\/o impedir el acceso a cualquiera que incumpla lo dispuesto en las presentes condiciones, reserv\u00e1ndose el derecho de ejercer las medidas legales que considere oportunas.<\/p>\n\n\n\n<hr class=\"wp-block-separator has-text-color has-accent-color has-css-opacity has-accent-background-color has-background is-style-dots\"\/>\n\n\n\n<h3 class=\"wp-block-heading\"><strong>3. Condiciones de acceso<\/strong><\/h3>\n\n\n\n<p>GM Racket Sports se compromete a realizar los m\u00e1ximos esfuerzos para ofrecer una navegaci\u00f3n en el Sitio Web en las mejores condiciones y evitar cualquier perjuicio a los Usuarios. Sin embargo, GM Racket Sports no garantiza la disponibilidad, continuidad e infalibilidad del funcionamiento del Sitio Web, y, en consecuencia, excluye cualquier responsabilidad por los da\u00f1os y perjuicios de cualquier naturaleza que pudieran surgir por las dificultades experimentadas por los Usuarios en el acceso y uso del Sitio Web.<\/p>\n\n\n\n<p>En particular, GM Racket Sports no se hace responsable de los da\u00f1os que se pudieran ocasionar a los Usuarios bien por un uso inadecuado del Sitio Web, bien por las ca\u00eddas o interrupciones en las telecomunicaciones que pudieran afectar a las operaciones de compra de productos o contrataci\u00f3n de servicios a trav\u00e9s del Sitio Web.<\/p>\n\n\n\n<hr class=\"wp-block-separator has-text-color has-accent-color has-css-opacity has-accent-background-color has-background is-style-dots\"\/>\n\n\n\n<h3 class=\"wp-block-heading\"><strong>4. Propiedad Industrial y Propiedad Intelectual<\/strong><\/h3>\n\n\n\n<p><strong>Propiedad Industrial<\/strong><\/p>\n\n\n\n<p>Los signos distintivos (gr\u00e1ficos o denominativos) que aparecen en este Sitio Web se encuentran debidamente registrados. GM Racket Sports ostenta el derecho exclusivo a utilizarlos en el tr\u00e1fico econ\u00f3mico y, por consiguiente, queda prohibida su utilizaci\u00f3n por parte de terceros que carezcan de expresa autorizaci\u00f3n.<\/p>\n\n\n\n<p>La eventual presencia en el Sitio Web de signos distintivos titularidad de un tercero se efect\u00faa con la autorizaci\u00f3n de sus leg\u00edtimos propietarios.<\/p>\n\n\n\n<p><strong>Nombre de dominio<\/strong><\/p>\n\n\n\n<p>El nombre de dominio \u00abgmracketsports.us\u00bb y todos aquellos que sirvan para acceder de forma directa al presente Sitio Web son titularidad de GM Racket Sports y su utilizaci\u00f3n le corresponde a \u00e9sta en exclusiva. La indebida utilizaci\u00f3n de los mismos en el tr\u00e1fico econ\u00f3mico supondr\u00eda una infracci\u00f3n de los derechos conferidos por su registro.<\/p>\n\n\n\n<p><strong>Propiedad intelectual<\/strong><\/p>\n\n\n\n<p>Los contenidos, textos, fotograf\u00edas, dise\u00f1os, logotipos, im\u00e1genes, sonidos, v\u00eddeos, animaciones, grabaciones, programas de ordenador, c\u00f3digos fuente y, en general, cualquier creaci\u00f3n intelectual existente en este Sitio web est\u00e1n protegidos por la legislaci\u00f3n en materia de propiedad intelectual o son de licencia libre.<\/p>\n\n\n\n<p>El acceso al Sitio Web no otorga al Usuario ning\u00fan derecho sobre sus contenidos, que no podr\u00e1n ser objeto de explotaci\u00f3n, reproducci\u00f3n, distribuci\u00f3n, modificaci\u00f3n, comunicaci\u00f3n p\u00fablica, cesi\u00f3n o transformaci\u00f3n por ning\u00fan Usuario sin el previo consentimiento por escrito de GM Racket Sports.<\/p>\n\n\n\n<p>GM Racket Sports se reserva la posibilidad de ejercer las acciones judiciales que correspondan contra los Usuarios que infrinjan los derechos de propiedad intelectual o industrial.<\/p>\n\n\n\n<hr class=\"wp-block-separator has-text-color has-accent-color has-css-opacity has-accent-background-color has-background is-style-dots\"\/>\n\n\n\n<h3 class=\"wp-block-heading\"><\/h3>\n","protected":false},"excerpt":{"rendered":"<p>1. Objeto Las presentes condiciones regulan el acceso y el uso de los servicios prestados a trav\u00e9s de este sitio web (el \u00abSitio Web\u00bb) que GM Racket Sports LLC, con EIN n\u00famero 30-1369686, registrada el 14 de junio de 2023 en el estado de Florida, EEUU, y teniendo como direcci\u00f3n principal 1000 Brickell Avenue, Ste &#8230; <a title=\"Condiciones de uso\" class=\"read-more\" href=\"https:\/\/gmracketsports.us\/es\/condiciones-de-uso\/\" aria-label=\"M\u00e1s en Condiciones de uso\">Leer m\u00e1s<\/a><\/p>\n","protected":false},"author":1,"featured_media":0,"parent":0,"menu_order":0,"comment_status":"closed","ping_status":"closed","template":"","meta":{"footnotes":""},"class_list":["post-1604","page","type-page","status-publish"],"yoast_head":"<!-- This site is optimized with the Yoast SEO plugin v24.0 - https:\/\/yoast.com\/wordpress\/plugins\/seo\/ -->\n<title>Condiciones de uso &#171; GM Racket Sports<\/title>\n<meta name=\"robots\" content=\"index, follow, max-snippet:-1, max-image-preview:large, max-video-preview:-1\" \/>\n<link rel=\"canonical\" href=\"https:\/\/gmracketsports.us\/es\/condiciones-de-uso\/\" \/>\n<meta property=\"og:locale\" content=\"es_ES\" \/>\n<meta property=\"og:type\" content=\"article\" \/>\n<meta property=\"og:title\" content=\"Condiciones de uso &#171; GM Racket Sports\" \/>\n<meta property=\"og:description\" content=\"1. Objeto Las presentes condiciones regulan el acceso y el uso de los servicios prestados a trav\u00e9s de este sitio web (el \u00abSitio Web\u00bb) que GM Racket Sports LLC, con EIN n\u00famero 30-1369686, registrada el 14 de junio de 2023 en el estado de Florida, EEUU, y teniendo como direcci\u00f3n principal 1000 Brickell Avenue, Ste ... Leer m\u00e1s\" \/>\n<meta property=\"og:url\" content=\"https:\/\/gmracketsports.us\/es\/condiciones-de-uso\/\" \/>\n<meta property=\"og:site_name\" content=\"GM Racket Sports\" \/>\n<meta property=\"article:modified_time\" content=\"2024-12-19T05:39:50+00:00\" \/>\n<meta name=\"twitter:card\" content=\"summary_large_image\" \/>\n<meta name=\"twitter:label1\" content=\"Tiempo de lectura\" \/>\n\t<meta name=\"twitter:data1\" content=\"5 minutos\" \/>\n<script type=\"application\/ld+json\" class=\"yoast-schema-graph\">{\"@context\":\"https:\/\/schema.org\",\"@graph\":[{\"@type\":\"WebPage\",\"@id\":\"https:\/\/gmracketsports.us\/es\/condiciones-de-uso\/\",\"url\":\"https:\/\/gmracketsports.us\/es\/condiciones-de-uso\/\",\"name\":\"Condiciones de uso &#171; GM Racket Sports\",\"isPartOf\":{\"@id\":\"https:\/\/gmracketsports.us\/es\/#website\"},\"datePublished\":\"2021-12-30T09:05:21+00:00\",\"dateModified\":\"2024-12-19T05:39:50+00:00\",\"breadcrumb\":{\"@id\":\"https:\/\/gmracketsports.us\/es\/condiciones-de-uso\/#breadcrumb\"},\"inLanguage\":\"es\",\"potentialAction\":[{\"@type\":\"ReadAction\",\"target\":[\"https:\/\/gmracketsports.us\/es\/condiciones-de-uso\/\"]}]},{\"@type\":\"BreadcrumbList\",\"@id\":\"https:\/\/gmracketsports.us\/es\/condiciones-de-uso\/#breadcrumb\",\"itemListElement\":[{\"@type\":\"ListItem\",\"position\":1,\"name\":\"Portada\",\"item\":\"https:\/\/gmracketsports.us\/es\/\"},{\"@type\":\"ListItem\",\"position\":2,\"name\":\"Condiciones de uso\"}]},{\"@type\":\"WebSite\",\"@id\":\"https:\/\/gmracketsports.us\/es\/#website\",\"url\":\"https:\/\/gmracketsports.us\/es\/\",\"name\":\"GM Racket Sports\",\"description\":\"GM Racket Sports\",\"publisher\":{\"@id\":\"https:\/\/gmracketsports.us\/es\/#organization\"},\"potentialAction\":[{\"@type\":\"SearchAction\",\"target\":{\"@type\":\"EntryPoint\",\"urlTemplate\":\"https:\/\/gmracketsports.us\/es\/?s={search_term_string}\"},\"query-input\":{\"@type\":\"PropertyValueSpecification\",\"valueRequired\":true,\"valueName\":\"search_term_string\"}}],\"inLanguage\":\"es\"},{\"@type\":\"Organization\",\"@id\":\"https:\/\/gmracketsports.us\/es\/#organization\",\"name\":\"GM Racket Sports\",\"url\":\"https:\/\/gmracketsports.us\/es\/\",\"logo\":{\"@type\":\"ImageObject\",\"inLanguage\":\"es\",\"@id\":\"https:\/\/gmracketsports.us\/es\/#\/schema\/logo\/image\/\",\"url\":\"https:\/\/gmracketsports.us\/wp-content\/uploads\/2021\/11\/gmrsescudo-y-nombrergb-e1637684202102.png\",\"contentUrl\":\"https:\/\/gmracketsports.us\/wp-content\/uploads\/2021\/11\/gmrsescudo-y-nombrergb-e1637684202102.png\",\"width\":1000,\"height\":567,\"caption\":\"GM Racket Sports\"},\"image\":{\"@id\":\"https:\/\/gmracketsports.us\/es\/#\/schema\/logo\/image\/\"}}]}<\/script>\n<!-- \/ Yoast SEO plugin. -->","yoast_head_json":{"title":"Condiciones de uso &#171; GM Racket Sports","robots":{"index":"index","follow":"follow","max-snippet":"max-snippet:-1","max-image-preview":"max-image-preview:large","max-video-preview":"max-video-preview:-1"},"canonical":"https:\/\/gmracketsports.us\/es\/condiciones-de-uso\/","og_locale":"es_ES","og_type":"article","og_title":"Condiciones de uso &#171; GM Racket Sports","og_description":"1. Objeto Las presentes condiciones regulan el acceso y el uso de los servicios prestados a trav\u00e9s de este sitio web (el \u00abSitio Web\u00bb) que GM Racket Sports LLC, con EIN n\u00famero 30-1369686, registrada el 14 de junio de 2023 en el estado de Florida, EEUU, y teniendo como direcci\u00f3n principal 1000 Brickell Avenue, Ste ... Leer m\u00e1s","og_url":"https:\/\/gmracketsports.us\/es\/condiciones-de-uso\/","og_site_name":"GM Racket Sports","article_modified_time":"2024-12-19T05:39:50+00:00","twitter_card":"summary_large_image","twitter_misc":{"Tiempo de lectura":"5 minutos"},"schema":{"@context":"https:\/\/schema.org","@graph":[{"@type":"WebPage","@id":"https:\/\/gmracketsports.us\/es\/condiciones-de-uso\/","url":"https:\/\/gmracketsports.us\/es\/condiciones-de-uso\/","name":"Condiciones de uso &#171; GM Racket Sports","isPartOf":{"@id":"https:\/\/gmracketsports.us\/es\/#website"},"datePublished":"2021-12-30T09:05:21+00:00","dateModified":"2024-12-19T05:39:50+00:00","breadcrumb":{"@id":"https:\/\/gmracketsports.us\/es\/condiciones-de-uso\/#breadcrumb"},"inLanguage":"es","potentialAction":[{"@type":"ReadAction","target":["https:\/\/gmracketsports.us\/es\/condiciones-de-uso\/"]}]},{"@type":"BreadcrumbList","@id":"https:\/\/gmracketsports.us\/es\/condiciones-de-uso\/#breadcrumb","itemListElement":[{"@type":"ListItem","position":1,"name":"Portada","item":"https:\/\/gmracketsports.us\/es\/"},{"@type":"ListItem","position":2,"name":"Condiciones de uso"}]},{"@type":"WebSite","@id":"https:\/\/gmracketsports.us\/es\/#website","url":"https:\/\/gmracketsports.us\/es\/","name":"GM Racket Sports","description":"GM Racket Sports","publisher":{"@id":"https:\/\/gmracketsports.us\/es\/#organization"},"potentialAction":[{"@type":"SearchAction","target":{"@type":"EntryPoint","urlTemplate":"https:\/\/gmracketsports.us\/es\/?s={search_term_string}"},"query-input":{"@type":"PropertyValueSpecification","valueRequired":true,"valueName":"search_term_string"}}],"inLanguage":"es"},{"@type":"Organization","@id":"https:\/\/gmracketsports.us\/es\/#organization","name":"GM Racket Sports","url":"https:\/\/gmracketsports.us\/es\/","logo":{"@type":"ImageObject","inLanguage":"es","@id":"https:\/\/gmracketsports.us\/es\/#\/schema\/logo\/image\/","url":"https:\/\/gmracketsports.us\/wp-content\/uploads\/2021\/11\/gmrsescudo-y-nombrergb-e1637684202102.png","contentUrl":"https:\/\/gmracketsports.us\/wp-content\/uploads\/2021\/11\/gmrsescudo-y-nombrergb-e1637684202102.png","width":1000,"height":567,"caption":"GM Racket Sports"},"image":{"@id":"https:\/\/gmracketsports.us\/es\/#\/schema\/logo\/image\/"}}]}},"_links":{"self":[{"href":"https:\/\/gmracketsports.us\/es\/wp-json\/wp\/v2\/pages\/1604","targetHints":{"allow":["GET"]}}],"collection":[{"href":"https:\/\/gmracketsports.us\/es\/wp-json\/wp\/v2\/pages"}],"about":[{"href":"https:\/\/gmracketsports.us\/es\/wp-json\/wp\/v2\/types\/page"}],"author":[{"embeddable":true,"href":"https:\/\/gmracketsports.us\/es\/wp-json\/wp\/v2\/users\/1"}],"replies":[{"embeddable":true,"href":"https:\/\/gmracketsports.us\/es\/wp-json\/wp\/v2\/comments?post=1604"}],"version-history":[{"count":4,"href":"https:\/\/gmracketsports.us\/es\/wp-json\/wp\/v2\/pages\/1604\/revisions"}],"predecessor-version":[{"id":8246,"href":"https:\/\/gmracketsports.us\/es\/wp-json\/wp\/v2\/pages\/1604\/revisions\/8246"}],"wp:attachment":[{"href":"https:\/\/gmracketsports.us\/es\/wp-json\/wp\/v2\/media?parent=1604"}],"curies":[{"name":"wp","href":"https:\/\/api.w.org\/{rel}","templated":true}]}}