{"id":16,"date":"2021-11-22T19:18:12","date_gmt":"2021-11-22T18:18:12","guid":{"rendered":"https:\/\/gmracketsports.us\/?page_id=16"},"modified":"2025-01-17T05:26:44","modified_gmt":"2025-01-17T04:26:44","slug":"academia-padel","status":"publish","type":"page","link":"https:\/\/gmracketsports.us\/es\/padel\/academia-padel\/","title":{"rendered":"Academia P\u00e1del"},"content":{"rendered":"\t\t<div data-elementor-type=\"wp-page\" data-elementor-id=\"16\" class=\"elementor elementor-16\" data-elementor-post-type=\"page\">\n\t\t\t\t\t\t<section class=\"elementor-section elementor-top-section elementor-element elementor-element-e1ab34d elementor-section-boxed elementor-section-height-default elementor-section-height-default\" data-id=\"e1ab34d\" data-element_type=\"section\">\n\t\t\t\t\t\t<div class=\"elementor-container elementor-column-gap-no\">\n\t\t\t\t\t<div class=\"elementor-column elementor-col-100 elementor-top-column elementor-element elementor-element-9e052b3\" data-id=\"9e052b3\" data-element_type=\"column\">\n\t\t\t<div class=\"elementor-widget-wrap elementor-element-populated\">\n\t\t\t\t\t\t<section class=\"elementor-section elementor-inner-section elementor-element elementor-element-9837c7c elementor-section-boxed elementor-section-height-default elementor-section-height-default\" data-id=\"9837c7c\" data-element_type=\"section\">\n\t\t\t\t\t\t<div class=\"elementor-container elementor-column-gap-no\">\n\t\t\t\t\t<div class=\"elementor-column elementor-col-50 elementor-inner-column elementor-element elementor-element-301f2a6\" data-id=\"301f2a6\" data-element_type=\"column\">\n\t\t\t<div class=\"elementor-widget-wrap elementor-element-populated\">\n\t\t\t\t\t\t<div class=\"elementor-element elementor-element-8933d04 elementor-widget elementor-widget-text-editor\" data-id=\"8933d04\" data-element_type=\"widget\" data-widget_type=\"text-editor.default\">\n\t\t\t\t<div class=\"elementor-widget-container\">\n\t\t\t\t\t\t\t<p>En la <strong>Academia de p\u00e1del GM Racket Sports<\/strong> <strong>USA<\/strong> tenemos muy interiorizado en nuestro ADN que <strong>el cliente es nuestra raz\u00f3n de ser<\/strong>.<\/p><p>No tiene sentido nuestra pasi\u00f3n por la docencia de este deporte, en constante crecimiento, sin la presencia de nuestros estimados alumnos.<\/p><p><strong>Cada uno de nuestros alumnos es diferente y, por eso, personalizamos nuestras clases para adaptarlas a las necesidades de cada persona<\/strong>.<\/p><p>Con esta premisa, y con un grado de exigencia y profesionalidad alto, ofrecemos los siguientes servicios:<\/p>\t\t\t\t\t\t<\/div>\n\t\t\t\t<\/div>\n\t\t\t\t\t<\/div>\n\t\t<\/div>\n\t\t\t\t<div class=\"elementor-column elementor-col-50 elementor-inner-column elementor-element elementor-element-9251965\" data-id=\"9251965\" data-element_type=\"column\" data-settings=\"{&quot;background_background&quot;:&quot;classic&quot;}\">\n\t\t\t<div class=\"elementor-widget-wrap elementor-element-populated\">\n\t\t\t\t\t\t<div class=\"elementor-element elementor-element-8fb437c elementor-widget elementor-widget-image\" data-id=\"8fb437c\" data-element_type=\"widget\" data-widget_type=\"image.default\">\n\t\t\t\t<div class=\"elementor-widget-container\">\n\t\t\t\t\t\t\t\t\t\t\t\t\t<img fetchpriority=\"high\" decoding=\"async\" width=\"1024\" height=\"697\" src=\"https:\/\/gmracketsports.us\/wp-content\/uploads\/2025\/01\/screen-shot-2025-01-16-at-111016-pm-1024x697.jpg\" class=\"attachment-large size-large wp-image-8324\" alt=\"Screen Shot 2025 01 16 At 11.10.16 Pm\" srcset=\"https:\/\/gmracketsports.us\/wp-content\/uploads\/2025\/01\/screen-shot-2025-01-16-at-111016-pm-1024x697.jpg 1024w, https:\/\/gmracketsports.us\/wp-content\/uploads\/2025\/01\/screen-shot-2025-01-16-at-111016-pm-300x204.jpg 300w, https:\/\/gmracketsports.us\/wp-content\/uploads\/2025\/01\/screen-shot-2025-01-16-at-111016-pm-768x522.jpg 768w, https:\/\/gmracketsports.us\/wp-content\/uploads\/2025\/01\/screen-shot-2025-01-16-at-111016-pm.jpg 1132w\" sizes=\"(max-width: 1024px) 100vw, 1024px\" \/>\t\t\t\t\t\t\t\t\t\t\t\t\t<\/div>\n\t\t\t\t<\/div>\n\t\t\t\t\t<\/div>\n\t\t<\/div>\n\t\t\t\t\t<\/div>\n\t\t<\/section>\n\t\t\t\t\t<\/div>\n\t\t<\/div>\n\t\t\t\t\t<\/div>\n\t\t<\/section>\n\t\t\t\t<section class=\"elementor-section elementor-top-section elementor-element elementor-element-2426b6f elementor-section-boxed elementor-section-height-default elementor-section-height-default\" data-id=\"2426b6f\" data-element_type=\"section\">\n\t\t\t\t\t\t<div class=\"elementor-container elementor-column-gap-no\">\n\t\t\t\t\t<div class=\"elementor-column elementor-col-100 elementor-top-column elementor-element elementor-element-bb86725\" data-id=\"bb86725\" data-element_type=\"column\">\n\t\t\t<div class=\"elementor-widget-wrap elementor-element-populated\">\n\t\t\t\t\t\t<section class=\"elementor-section elementor-inner-section elementor-element elementor-element-aada6a6 elementor-section-boxed elementor-section-height-default elementor-section-height-default\" data-id=\"aada6a6\" data-element_type=\"section\">\n\t\t\t\t\t\t<div class=\"elementor-container elementor-column-gap-default\">\n\t\t\t\t\t<div class=\"elementor-column elementor-col-50 elementor-inner-column elementor-element elementor-element-8099432\" data-id=\"8099432\" data-element_type=\"column\">\n\t\t\t<div class=\"elementor-widget-wrap elementor-element-populated\">\n\t\t\t\t\t\t<div class=\"elementor-element elementor-element-72edf4b elementor-align-left elementor-icon-list--layout-traditional elementor-list-item-link-full_width elementor-widget elementor-widget-icon-list\" data-id=\"72edf4b\" data-element_type=\"widget\" data-widget_type=\"icon-list.default\">\n\t\t\t\t<div class=\"elementor-widget-container\">\n\t\t\t\t\t<ul class=\"elementor-icon-list-items\">\n\t\t\t\t\t\t\t<li class=\"elementor-icon-list-item\">\n\t\t\t\t\t\t\t\t\t\t\t<span class=\"elementor-icon-list-icon\">\n\t\t\t\t\t\t\t<i aria-hidden=\"true\" class=\"fas fa-check\"><\/i>\t\t\t\t\t\t<\/span>\n\t\t\t\t\t\t\t\t\t\t<span class=\"elementor-icon-list-text\">Clases particulares (60 minutos) para todas las edades a partir de los 6 a\u00f1os.<\/span>\n\t\t\t\t\t\t\t\t\t<\/li>\n\t\t\t\t\t\t\t\t<li class=\"elementor-icon-list-item\">\n\t\t\t\t\t\t\t\t\t\t\t<span class=\"elementor-icon-list-icon\">\n\t\t\t\t\t\t\t<i aria-hidden=\"true\" class=\"fas fa-check\"><\/i>\t\t\t\t\t\t<\/span>\n\t\t\t\t\t\t\t\t\t\t<span class=\"elementor-icon-list-text\">Clases grupales (60 minutos).<\/span>\n\t\t\t\t\t\t\t\t\t<\/li>\n\t\t\t\t\t\t\t\t<li class=\"elementor-icon-list-item\">\n\t\t\t\t\t\t\t\t\t\t\t<span class=\"elementor-icon-list-icon\">\n\t\t\t\t\t\t\t<i aria-hidden=\"true\" class=\"fas fa-check\"><\/i>\t\t\t\t\t\t<\/span>\n\t\t\t\t\t\t\t\t\t\t<span class=\"elementor-icon-list-text\">Clases partido (60 minutos)<\/span>\n\t\t\t\t\t\t\t\t\t<\/li>\n\t\t\t\t\t\t<\/ul>\n\t\t\t\t<\/div>\n\t\t\t\t<\/div>\n\t\t\t\t\t<\/div>\n\t\t<\/div>\n\t\t\t\t<div class=\"elementor-column elementor-col-50 elementor-inner-column elementor-element elementor-element-d3e5864\" data-id=\"d3e5864\" data-element_type=\"column\">\n\t\t\t<div class=\"elementor-widget-wrap elementor-element-populated\">\n\t\t\t\t\t\t<div class=\"elementor-element elementor-element-b1c0022 elementor-align-left elementor-icon-list--layout-traditional elementor-list-item-link-full_width elementor-widget elementor-widget-icon-list\" data-id=\"b1c0022\" data-element_type=\"widget\" data-widget_type=\"icon-list.default\">\n\t\t\t\t<div class=\"elementor-widget-container\">\n\t\t\t\t\t<ul class=\"elementor-icon-list-items\">\n\t\t\t\t\t\t\t<li class=\"elementor-icon-list-item\">\n\t\t\t\t\t\t\t\t\t\t\t<span class=\"elementor-icon-list-icon\">\n\t\t\t\t\t\t\t<i aria-hidden=\"true\" class=\"fas fa-check\"><\/i>\t\t\t\t\t\t<\/span>\n\t\t\t\t\t\t\t\t\t\t<span class=\"elementor-icon-list-text\">Organizaci\u00f3n de partidos amistosos entre nuestros alumnos.<\/span>\n\t\t\t\t\t\t\t\t\t<\/li>\n\t\t\t\t\t\t\t\t<li class=\"elementor-icon-list-item\">\n\t\t\t\t\t\t\t\t\t\t\t<span class=\"elementor-icon-list-icon\">\n\t\t\t\t\t\t\t<i aria-hidden=\"true\" class=\"fas fa-check\"><\/i>\t\t\t\t\t\t<\/span>\n\t\t\t\t\t\t\t\t\t\t<span class=\"elementor-icon-list-text\">Soporte al p\u00e1del con preparador f\u00edsico, psic\u00f3logo, grabaci\u00f3n y an\u00e1lisis en video y material deportivo. <\/span>\n\t\t\t\t\t\t\t\t\t<\/li>\n\t\t\t\t\t\t<\/ul>\n\t\t\t\t<\/div>\n\t\t\t\t<\/div>\n\t\t\t\t\t<\/div>\n\t\t<\/div>\n\t\t\t\t\t<\/div>\n\t\t<\/section>\n\t\t\t\t\t<\/div>\n\t\t<\/div>\n\t\t\t\t\t<\/div>\n\t\t<\/section>\n\t\t\t\t<section class=\"elementor-section elementor-top-section elementor-element elementor-element-5d40885 elementor-section-boxed elementor-section-height-default elementor-section-height-default\" data-id=\"5d40885\" data-element_type=\"section\">\n\t\t\t\t\t\t<div class=\"elementor-container elementor-column-gap-default\">\n\t\t\t\t\t<div class=\"elementor-column elementor-col-100 elementor-top-column elementor-element elementor-element-34a30e1\" data-id=\"34a30e1\" data-element_type=\"column\">\n\t\t\t<div class=\"elementor-widget-wrap elementor-element-populated\">\n\t\t\t\t\t\t<div class=\"elementor-element elementor-element-4d055a4 elementor-align-center elementor-widget elementor-widget-button\" data-id=\"4d055a4\" data-element_type=\"widget\" data-widget_type=\"button.default\">\n\t\t\t\t<div class=\"elementor-widget-container\">\n\t\t\t\t\t\t\t<div class=\"elementor-button-wrapper\">\n\t\t\t\t\t<a class=\"elementor-button elementor-button-link elementor-size-sm\" href=\"https:\/\/gmracketsports.us\/contacto\/\">\n\t\t\t\t\t\t<span class=\"elementor-button-content-wrapper\">\n\t\t\t\t\t\t\t\t\t<span class=\"elementor-button-text\">Para m\u00e1s informaci\u00f3n, por favor, cont\u00e1ctanos<\/span>\n\t\t\t\t\t<\/span>\n\t\t\t\t\t<\/a>\n\t\t\t\t<\/div>\n\t\t\t\t\t\t<\/div>\n\t\t\t\t<\/div>\n\t\t\t\t\t<\/div>\n\t\t<\/div>\n\t\t\t\t\t<\/div>\n\t\t<\/section>\n\t\t\t\t<\/div>\n\t\t","protected":false},"excerpt":{"rendered":"<p>En la Academia de p\u00e1del GM Racket Sports USA tenemos muy interiorizado en nuestro ADN que el cliente es nuestra raz\u00f3n de ser. No tiene sentido nuestra pasi\u00f3n por la docencia de este deporte, en constante crecimiento, sin la presencia de nuestros estimados alumnos. Cada uno de nuestros alumnos es diferente y, por eso, personalizamos &#8230; <a title=\"Academia P\u00e1del\" class=\"read-more\" href=\"https:\/\/gmracketsports.us\/es\/padel\/academia-padel\/\" aria-label=\"M\u00e1s en Academia P\u00e1del\">Leer m\u00e1s<\/a><\/p>\n","protected":false},"author":1,"featured_media":0,"parent":1554,"menu_order":0,"comment_status":"closed","ping_status":"closed","template":"","meta":{"footnotes":""},"class_list":["post-16","page","type-page","status-publish"],"yoast_head":"<!-- This site is optimized with the Yoast SEO plugin v24.0 - https:\/\/yoast.com\/wordpress\/plugins\/seo\/ -->\n<title>Academia P\u00e1del &#171; GM Racket Sports<\/title>\n<meta name=\"robots\" content=\"index, follow, max-snippet:-1, max-image-preview:large, max-video-preview:-1\" \/>\n<link rel=\"canonical\" href=\"https:\/\/gmracketsports.us\/es\/padel\/academia-padel\/\" \/>\n<meta property=\"og:locale\" content=\"es_ES\" \/>\n<meta property=\"og:type\" content=\"article\" \/>\n<meta property=\"og:title\" content=\"Academia P\u00e1del &#171; GM Racket Sports\" \/>\n<meta property=\"og:description\" content=\"En la Academia de p\u00e1del GM Racket Sports USA tenemos muy interiorizado en nuestro ADN que el cliente es nuestra raz\u00f3n de ser. No tiene sentido nuestra pasi\u00f3n por la docencia de este deporte, en constante crecimiento, sin la presencia de nuestros estimados alumnos. Cada uno de nuestros alumnos es diferente y, por eso, personalizamos ... Leer m\u00e1s\" \/>\n<meta property=\"og:url\" content=\"https:\/\/gmracketsports.us\/es\/padel\/academia-padel\/\" \/>\n<meta property=\"og:site_name\" content=\"GM Racket Sports\" \/>\n<meta property=\"article:modified_time\" content=\"2025-01-17T04:26:44+00:00\" \/>\n<meta property=\"og:image\" content=\"https:\/\/gmracketsports.us\/wp-content\/uploads\/2025\/01\/screen-shot-2025-01-16-at-111016-pm.jpg\" \/>\n\t<meta property=\"og:image:width\" content=\"1132\" \/>\n\t<meta property=\"og:image:height\" content=\"770\" \/>\n\t<meta property=\"og:image:type\" content=\"image\/jpeg\" \/>\n<meta name=\"twitter:card\" content=\"summary_large_image\" \/>\n<meta name=\"twitter:label1\" content=\"Tiempo de lectura\" \/>\n\t<meta name=\"twitter:data1\" content=\"1 minuto\" \/>\n<script type=\"application\/ld+json\" class=\"yoast-schema-graph\">{\"@context\":\"https:\/\/schema.org\",\"@graph\":[{\"@type\":\"WebPage\",\"@id\":\"https:\/\/gmracketsports.us\/es\/padel\/academia-padel\/\",\"url\":\"https:\/\/gmracketsports.us\/es\/padel\/academia-padel\/\",\"name\":\"Academia P\u00e1del &#171; GM Racket Sports\",\"isPartOf\":{\"@id\":\"https:\/\/gmracketsports.us\/es\/#website\"},\"primaryImageOfPage\":{\"@id\":\"https:\/\/gmracketsports.us\/es\/padel\/academia-padel\/#primaryimage\"},\"image\":{\"@id\":\"https:\/\/gmracketsports.us\/es\/padel\/academia-padel\/#primaryimage\"},\"thumbnailUrl\":\"https:\/\/gmracketsports.us\/wp-content\/uploads\/2025\/01\/screen-shot-2025-01-16-at-111016-pm-1024x697.jpg\",\"datePublished\":\"2021-11-22T18:18:12+00:00\",\"dateModified\":\"2025-01-17T04:26:44+00:00\",\"breadcrumb\":{\"@id\":\"https:\/\/gmracketsports.us\/es\/padel\/academia-padel\/#breadcrumb\"},\"inLanguage\":\"es\",\"potentialAction\":[{\"@type\":\"ReadAction\",\"target\":[\"https:\/\/gmracketsports.us\/es\/padel\/academia-padel\/\"]}]},{\"@type\":\"ImageObject\",\"inLanguage\":\"es\",\"@id\":\"https:\/\/gmracketsports.us\/es\/padel\/academia-padel\/#primaryimage\",\"url\":\"https:\/\/gmracketsports.us\/wp-content\/uploads\/2025\/01\/screen-shot-2025-01-16-at-111016-pm-1024x697.jpg\",\"contentUrl\":\"https:\/\/gmracketsports.us\/wp-content\/uploads\/2025\/01\/screen-shot-2025-01-16-at-111016-pm-1024x697.jpg\"},{\"@type\":\"BreadcrumbList\",\"@id\":\"https:\/\/gmracketsports.us\/es\/padel\/academia-padel\/#breadcrumb\",\"itemListElement\":[{\"@type\":\"ListItem\",\"position\":1,\"name\":\"Portada\",\"item\":\"https:\/\/gmracketsports.us\/es\/\"},{\"@type\":\"ListItem\",\"position\":2,\"name\":\"P\u00e1del\",\"item\":\"https:\/\/gmracketsports.us\/es\/padel\/\"},{\"@type\":\"ListItem\",\"position\":3,\"name\":\"Academia P\u00e1del\"}]},{\"@type\":\"WebSite\",\"@id\":\"https:\/\/gmracketsports.us\/es\/#website\",\"url\":\"https:\/\/gmracketsports.us\/es\/\",\"name\":\"GM Racket Sports\",\"description\":\"GM Racket Sports\",\"publisher\":{\"@id\":\"https:\/\/gmracketsports.us\/es\/#organization\"},\"potentialAction\":[{\"@type\":\"SearchAction\",\"target\":{\"@type\":\"EntryPoint\",\"urlTemplate\":\"https:\/\/gmracketsports.us\/es\/?s={search_term_string}\"},\"query-input\":{\"@type\":\"PropertyValueSpecification\",\"valueRequired\":true,\"valueName\":\"search_term_string\"}}],\"inLanguage\":\"es\"},{\"@type\":\"Organization\",\"@id\":\"https:\/\/gmracketsports.us\/es\/#organization\",\"name\":\"GM Racket Sports\",\"url\":\"https:\/\/gmracketsports.us\/es\/\",\"logo\":{\"@type\":\"ImageObject\",\"inLanguage\":\"es\",\"@id\":\"https:\/\/gmracketsports.us\/es\/#\/schema\/logo\/image\/\",\"url\":\"https:\/\/gmracketsports.us\/wp-content\/uploads\/2021\/11\/gmrsescudo-y-nombrergb-e1637684202102.png\",\"contentUrl\":\"https:\/\/gmracketsports.us\/wp-content\/uploads\/2021\/11\/gmrsescudo-y-nombrergb-e1637684202102.png\",\"width\":1000,\"height\":567,\"caption\":\"GM Racket Sports\"},\"image\":{\"@id\":\"https:\/\/gmracketsports.us\/es\/#\/schema\/logo\/image\/\"}}]}<\/script>\n<!-- \/ Yoast SEO plugin. -->","yoast_head_json":{"title":"Academia P\u00e1del &#171; GM Racket Sports","robots":{"index":"index","follow":"follow","max-snippet":"max-snippet:-1","max-image-preview":"max-image-preview:large","max-video-preview":"max-video-preview:-1"},"canonical":"https:\/\/gmracketsports.us\/es\/padel\/academia-padel\/","og_locale":"es_ES","og_type":"article","og_title":"Academia P\u00e1del &#171; GM Racket Sports","og_description":"En la Academia de p\u00e1del GM Racket Sports USA tenemos muy interiorizado en nuestro ADN que el cliente es nuestra raz\u00f3n de ser. No tiene sentido nuestra pasi\u00f3n por la docencia de este deporte, en constante crecimiento, sin la presencia de nuestros estimados alumnos. Cada uno de nuestros alumnos es diferente y, por eso, personalizamos ... Leer m\u00e1s","og_url":"https:\/\/gmracketsports.us\/es\/padel\/academia-padel\/","og_site_name":"GM Racket Sports","article_modified_time":"2025-01-17T04:26:44+00:00","og_image":[{"width":1132,"height":770,"url":"https:\/\/gmracketsports.us\/wp-content\/uploads\/2025\/01\/screen-shot-2025-01-16-at-111016-pm.jpg","type":"image\/jpeg"}],"twitter_card":"summary_large_image","twitter_misc":{"Tiempo de lectura":"1 minuto"},"schema":{"@context":"https:\/\/schema.org","@graph":[{"@type":"WebPage","@id":"https:\/\/gmracketsports.us\/es\/padel\/academia-padel\/","url":"https:\/\/gmracketsports.us\/es\/padel\/academia-padel\/","name":"Academia P\u00e1del &#171; GM Racket Sports","isPartOf":{"@id":"https:\/\/gmracketsports.us\/es\/#website"},"primaryImageOfPage":{"@id":"https:\/\/gmracketsports.us\/es\/padel\/academia-padel\/#primaryimage"},"image":{"@id":"https:\/\/gmracketsports.us\/es\/padel\/academia-padel\/#primaryimage"},"thumbnailUrl":"https:\/\/gmracketsports.us\/wp-content\/uploads\/2025\/01\/screen-shot-2025-01-16-at-111016-pm-1024x697.jpg","datePublished":"2021-11-22T18:18:12+00:00","dateModified":"2025-01-17T04:26:44+00:00","breadcrumb":{"@id":"https:\/\/gmracketsports.us\/es\/padel\/academia-padel\/#breadcrumb"},"inLanguage":"es","potentialAction":[{"@type":"ReadAction","target":["https:\/\/gmracketsports.us\/es\/padel\/academia-padel\/"]}]},{"@type":"ImageObject","inLanguage":"es","@id":"https:\/\/gmracketsports.us\/es\/padel\/academia-padel\/#primaryimage","url":"https:\/\/gmracketsports.us\/wp-content\/uploads\/2025\/01\/screen-shot-2025-01-16-at-111016-pm-1024x697.jpg","contentUrl":"https:\/\/gmracketsports.us\/wp-content\/uploads\/2025\/01\/screen-shot-2025-01-16-at-111016-pm-1024x697.jpg"},{"@type":"BreadcrumbList","@id":"https:\/\/gmracketsports.us\/es\/padel\/academia-padel\/#breadcrumb","itemListElement":[{"@type":"ListItem","position":1,"name":"Portada","item":"https:\/\/gmracketsports.us\/es\/"},{"@type":"ListItem","position":2,"name":"P\u00e1del","item":"https:\/\/gmracketsports.us\/es\/padel\/"},{"@type":"ListItem","position":3,"name":"Academia P\u00e1del"}]},{"@type":"WebSite","@id":"https:\/\/gmracketsports.us\/es\/#website","url":"https:\/\/gmracketsports.us\/es\/","name":"GM Racket Sports","description":"GM Racket Sports","publisher":{"@id":"https:\/\/gmracketsports.us\/es\/#organization"},"potentialAction":[{"@type":"SearchAction","target":{"@type":"EntryPoint","urlTemplate":"https:\/\/gmracketsports.us\/es\/?s={search_term_string}"},"query-input":{"@type":"PropertyValueSpecification","valueRequired":true,"valueName":"search_term_string"}}],"inLanguage":"es"},{"@type":"Organization","@id":"https:\/\/gmracketsports.us\/es\/#organization","name":"GM Racket Sports","url":"https:\/\/gmracketsports.us\/es\/","logo":{"@type":"ImageObject","inLanguage":"es","@id":"https:\/\/gmracketsports.us\/es\/#\/schema\/logo\/image\/","url":"https:\/\/gmracketsports.us\/wp-content\/uploads\/2021\/11\/gmrsescudo-y-nombrergb-e1637684202102.png","contentUrl":"https:\/\/gmracketsports.us\/wp-content\/uploads\/2021\/11\/gmrsescudo-y-nombrergb-e1637684202102.png","width":1000,"height":567,"caption":"GM Racket Sports"},"image":{"@id":"https:\/\/gmracketsports.us\/es\/#\/schema\/logo\/image\/"}}]}},"_links":{"self":[{"href":"https:\/\/gmracketsports.us\/es\/wp-json\/wp\/v2\/pages\/16","targetHints":{"allow":["GET"]}}],"collection":[{"href":"https:\/\/gmracketsports.us\/es\/wp-json\/wp\/v2\/pages"}],"about":[{"href":"https:\/\/gmracketsports.us\/es\/wp-json\/wp\/v2\/types\/page"}],"author":[{"embeddable":true,"href":"https:\/\/gmracketsports.us\/es\/wp-json\/wp\/v2\/users\/1"}],"replies":[{"embeddable":true,"href":"https:\/\/gmracketsports.us\/es\/wp-json\/wp\/v2\/comments?post=16"}],"version-history":[{"count":8,"href":"https:\/\/gmracketsports.us\/es\/wp-json\/wp\/v2\/pages\/16\/revisions"}],"predecessor-version":[{"id":8328,"href":"https:\/\/gmracketsports.us\/es\/wp-json\/wp\/v2\/pages\/16\/revisions\/8328"}],"up":[{"embeddable":true,"href":"https:\/\/gmracketsports.us\/es\/wp-json\/wp\/v2\/pages\/1554"}],"wp:attachment":[{"href":"https:\/\/gmracketsports.us\/es\/wp-json\/wp\/v2\/media?parent=16"}],"curies":[{"name":"wp","href":"https:\/\/api.w.org\/{rel}","templated":true}]}}