{"id":157,"date":"2021-11-23T17:37:21","date_gmt":"2021-11-23T16:37:21","guid":{"rendered":"https:\/\/gmracketsports.us\/?page_id=157"},"modified":"2025-08-09T23:38:23","modified_gmt":"2025-08-09T21:38:23","slug":"eventos-padel","status":"publish","type":"page","link":"https:\/\/gmracketsports.us\/es\/padel\/eventos-padel\/","title":{"rendered":"Eventos P\u00e1del"},"content":{"rendered":"\t\t<div data-elementor-type=\"wp-page\" data-elementor-id=\"157\" class=\"elementor elementor-157\" data-elementor-post-type=\"page\">\n\t\t\t\t\t\t<section class=\"elementor-section elementor-top-section elementor-element elementor-element-bedb495 elementor-section-boxed elementor-section-height-default elementor-section-height-default\" data-id=\"bedb495\" data-element_type=\"section\">\n\t\t\t\t\t\t<div class=\"elementor-container elementor-column-gap-default\">\n\t\t\t\t\t<div class=\"elementor-column elementor-col-100 elementor-top-column elementor-element elementor-element-f3f5094\" data-id=\"f3f5094\" data-element_type=\"column\">\n\t\t\t<div class=\"elementor-widget-wrap elementor-element-populated\">\n\t\t\t\t\t\t<div class=\"elementor-element elementor-element-49ca91d elementor-widget elementor-widget-text-editor\" data-id=\"49ca91d\" data-element_type=\"widget\" data-widget_type=\"text-editor.default\">\n\t\t\t\t<div class=\"elementor-widget-container\">\n\t\t\t\t\t\t\t<section class=\"elementor-section elementor-top-section elementor-element elementor-element-bac24c5 elementor-section-boxed elementor-section-height-default elementor-section-height-default\" data-id=\"bac24c5\" data-element_type=\"section\"><div class=\"elementor-container elementor-column-gap-default\"><div class=\"elementor-column elementor-col-100 elementor-top-column elementor-element elementor-element-a256b26\" data-id=\"a256b26\" data-element_type=\"column\"><div class=\"elementor-widget-wrap elementor-element-populated\"><div class=\"elementor-element elementor-element-d69e24d elementor-widget elementor-widget-text-editor\" data-id=\"d69e24d\" data-element_type=\"widget\" data-widget_type=\"text-editor.default\"><div class=\"elementor-widget-container\"><p>En esta secci\u00f3n, os mostraremos toda la informaci\u00f3n de los eventos de p\u00e1del organizados, o\u00a0 esponsorizados, por GM Racket Sports USA.<\/p><\/div><\/div><\/div><\/div><\/div><\/section><section class=\"elementor-section elementor-top-section elementor-element elementor-element-dcad542 elementor-section-boxed elementor-section-height-default elementor-section-height-default\" data-id=\"dcad542\" data-element_type=\"section\"><div class=\"elementor-container elementor-column-gap-default\"><div class=\"elementor-column elementor-col-100 elementor-top-column elementor-element elementor-element-d40dc18\" data-id=\"d40dc18\" data-element_type=\"column\"><div class=\"elementor-widget-wrap elementor-element-populated\"><div class=\"elementor-element elementor-element-6c292ec elementor-widget elementor-widget-text-editor\" data-id=\"6c292ec\" data-element_type=\"widget\" data-widget_type=\"text-editor.default\"><div class=\"elementor-widget-container\"><p>Nuestra historia viene avalada por los eventos que organizamos desde hace a\u00f1os\u00a0 en GM Racket Sports Espa\u00f1a.<\/p><\/div><\/div><\/div><\/div><\/div><\/section>\t\t\t\t\t\t<\/div>\n\t\t\t\t<\/div>\n\t\t\t\t\t<\/div>\n\t\t<\/div>\n\t\t\t\t\t<\/div>\n\t\t<\/section>\n\t\t\t\t<section class=\"elementor-section elementor-top-section elementor-element elementor-element-dbdaa38 elementor-section-boxed elementor-section-height-default elementor-section-height-default\" data-id=\"dbdaa38\" data-element_type=\"section\">\n\t\t\t\t\t\t<div class=\"elementor-container elementor-column-gap-default\">\n\t\t\t\t\t<div class=\"elementor-column elementor-col-100 elementor-top-column elementor-element elementor-element-24b9c36\" data-id=\"24b9c36\" data-element_type=\"column\">\n\t\t\t<div class=\"elementor-widget-wrap elementor-element-populated\">\n\t\t\t\t\t\t<div class=\"elementor-element elementor-element-20aea02 elementor-widget elementor-widget-image\" data-id=\"20aea02\" data-element_type=\"widget\" data-widget_type=\"image.default\">\n\t\t\t\t<div class=\"elementor-widget-container\">\n\t\t\t\t\t\t\t\t\t\t\t\t\t<img fetchpriority=\"high\" decoding=\"async\" width=\"1024\" height=\"552\" src=\"https:\/\/gmracketsports.us\/wp-content\/uploads\/2025\/01\/screen-shot-2025-01-16-at-105956-pm-1024x552.jpg\" class=\"attachment-large size-large wp-image-8344\" alt=\"Screen Shot 2025 01 16 At 10.59.56 Pm\" srcset=\"https:\/\/gmracketsports.us\/wp-content\/uploads\/2025\/01\/screen-shot-2025-01-16-at-105956-pm-1024x552.jpg 1024w, https:\/\/gmracketsports.us\/wp-content\/uploads\/2025\/01\/screen-shot-2025-01-16-at-105956-pm-300x162.jpg 300w, https:\/\/gmracketsports.us\/wp-content\/uploads\/2025\/01\/screen-shot-2025-01-16-at-105956-pm-768x414.jpg 768w, https:\/\/gmracketsports.us\/wp-content\/uploads\/2025\/01\/screen-shot-2025-01-16-at-105956-pm.jpg 1434w\" sizes=\"(max-width: 1024px) 100vw, 1024px\" \/>\t\t\t\t\t\t\t\t\t\t\t\t\t<\/div>\n\t\t\t\t<\/div>\n\t\t\t\t\t<\/div>\n\t\t<\/div>\n\t\t\t\t\t<\/div>\n\t\t<\/section>\n\t\t\t\t<\/div>\n\t\t","protected":false},"excerpt":{"rendered":"<p>En esta secci\u00f3n, os mostraremos toda la informaci\u00f3n de los eventos de p\u00e1del organizados, o\u00a0 esponsorizados, por GM Racket Sports USA. Nuestra historia viene avalada por los eventos que organizamos desde hace a\u00f1os\u00a0 en GM Racket Sports Espa\u00f1a.<\/p>\n","protected":false},"author":1,"featured_media":0,"parent":1554,"menu_order":0,"comment_status":"closed","ping_status":"closed","template":"","meta":{"footnotes":""},"class_list":["post-157","page","type-page","status-publish"],"yoast_head":"<!-- This site is optimized with the Yoast SEO plugin v24.0 - https:\/\/yoast.com\/wordpress\/plugins\/seo\/ -->\n<title>Eventos P\u00e1del &#171; GM Racket Sports<\/title>\n<meta name=\"robots\" content=\"index, follow, max-snippet:-1, max-image-preview:large, max-video-preview:-1\" \/>\n<link rel=\"canonical\" href=\"https:\/\/gmracketsports.us\/es\/padel\/eventos-padel\/\" \/>\n<meta property=\"og:locale\" content=\"es_ES\" \/>\n<meta property=\"og:type\" content=\"article\" \/>\n<meta property=\"og:title\" content=\"Eventos P\u00e1del &#171; GM Racket Sports\" \/>\n<meta property=\"og:description\" content=\"En esta secci\u00f3n, os mostraremos toda la informaci\u00f3n de los eventos de p\u00e1del organizados, o\u00a0 esponsorizados, por GM Racket Sports USA. Nuestra historia viene avalada por los eventos que organizamos desde hace a\u00f1os\u00a0 en GM Racket Sports Espa\u00f1a.\" \/>\n<meta property=\"og:url\" content=\"https:\/\/gmracketsports.us\/es\/padel\/eventos-padel\/\" \/>\n<meta property=\"og:site_name\" content=\"GM Racket Sports\" \/>\n<meta property=\"article:modified_time\" content=\"2025-08-09T21:38:23+00:00\" \/>\n<meta property=\"og:image\" content=\"https:\/\/gmracketsports.us\/wp-content\/uploads\/2025\/01\/screen-shot-2025-01-16-at-105956-pm.jpg\" \/>\n\t<meta property=\"og:image:width\" content=\"1434\" \/>\n\t<meta property=\"og:image:height\" content=\"773\" \/>\n\t<meta property=\"og:image:type\" content=\"image\/jpeg\" \/>\n<meta name=\"twitter:card\" content=\"summary_large_image\" \/>\n<meta name=\"twitter:label1\" content=\"Tiempo de lectura\" \/>\n\t<meta name=\"twitter:data1\" content=\"1 minuto\" \/>\n<script type=\"application\/ld+json\" class=\"yoast-schema-graph\">{\"@context\":\"https:\/\/schema.org\",\"@graph\":[{\"@type\":\"WebPage\",\"@id\":\"https:\/\/gmracketsports.us\/es\/padel\/eventos-padel\/\",\"url\":\"https:\/\/gmracketsports.us\/es\/padel\/eventos-padel\/\",\"name\":\"Eventos P\u00e1del &#171; GM Racket Sports\",\"isPartOf\":{\"@id\":\"https:\/\/gmracketsports.us\/es\/#website\"},\"primaryImageOfPage\":{\"@id\":\"https:\/\/gmracketsports.us\/es\/padel\/eventos-padel\/#primaryimage\"},\"image\":{\"@id\":\"https:\/\/gmracketsports.us\/es\/padel\/eventos-padel\/#primaryimage\"},\"thumbnailUrl\":\"https:\/\/gmracketsports.us\/wp-content\/uploads\/2025\/01\/screen-shot-2025-01-16-at-105956-pm-1024x552.jpg\",\"datePublished\":\"2021-11-23T16:37:21+00:00\",\"dateModified\":\"2025-08-09T21:38:23+00:00\",\"breadcrumb\":{\"@id\":\"https:\/\/gmracketsports.us\/es\/padel\/eventos-padel\/#breadcrumb\"},\"inLanguage\":\"es\",\"potentialAction\":[{\"@type\":\"ReadAction\",\"target\":[\"https:\/\/gmracketsports.us\/es\/padel\/eventos-padel\/\"]}]},{\"@type\":\"ImageObject\",\"inLanguage\":\"es\",\"@id\":\"https:\/\/gmracketsports.us\/es\/padel\/eventos-padel\/#primaryimage\",\"url\":\"https:\/\/gmracketsports.us\/wp-content\/uploads\/2025\/01\/screen-shot-2025-01-16-at-105956-pm-1024x552.jpg\",\"contentUrl\":\"https:\/\/gmracketsports.us\/wp-content\/uploads\/2025\/01\/screen-shot-2025-01-16-at-105956-pm-1024x552.jpg\"},{\"@type\":\"BreadcrumbList\",\"@id\":\"https:\/\/gmracketsports.us\/es\/padel\/eventos-padel\/#breadcrumb\",\"itemListElement\":[{\"@type\":\"ListItem\",\"position\":1,\"name\":\"Portada\",\"item\":\"https:\/\/gmracketsports.us\/es\/\"},{\"@type\":\"ListItem\",\"position\":2,\"name\":\"P\u00e1del\",\"item\":\"https:\/\/gmracketsports.us\/es\/padel\/\"},{\"@type\":\"ListItem\",\"position\":3,\"name\":\"Eventos P\u00e1del\"}]},{\"@type\":\"WebSite\",\"@id\":\"https:\/\/gmracketsports.us\/es\/#website\",\"url\":\"https:\/\/gmracketsports.us\/es\/\",\"name\":\"GM Racket Sports\",\"description\":\"GM Racket Sports\",\"publisher\":{\"@id\":\"https:\/\/gmracketsports.us\/es\/#organization\"},\"potentialAction\":[{\"@type\":\"SearchAction\",\"target\":{\"@type\":\"EntryPoint\",\"urlTemplate\":\"https:\/\/gmracketsports.us\/es\/?s={search_term_string}\"},\"query-input\":{\"@type\":\"PropertyValueSpecification\",\"valueRequired\":true,\"valueName\":\"search_term_string\"}}],\"inLanguage\":\"es\"},{\"@type\":\"Organization\",\"@id\":\"https:\/\/gmracketsports.us\/es\/#organization\",\"name\":\"GM Racket Sports\",\"url\":\"https:\/\/gmracketsports.us\/es\/\",\"logo\":{\"@type\":\"ImageObject\",\"inLanguage\":\"es\",\"@id\":\"https:\/\/gmracketsports.us\/es\/#\/schema\/logo\/image\/\",\"url\":\"https:\/\/gmracketsports.us\/wp-content\/uploads\/2021\/11\/gmrsescudo-y-nombrergb-e1637684202102.png\",\"contentUrl\":\"https:\/\/gmracketsports.us\/wp-content\/uploads\/2021\/11\/gmrsescudo-y-nombrergb-e1637684202102.png\",\"width\":1000,\"height\":567,\"caption\":\"GM Racket Sports\"},\"image\":{\"@id\":\"https:\/\/gmracketsports.us\/es\/#\/schema\/logo\/image\/\"}}]}<\/script>\n<!-- \/ Yoast SEO plugin. -->","yoast_head_json":{"title":"Eventos P\u00e1del &#171; GM Racket Sports","robots":{"index":"index","follow":"follow","max-snippet":"max-snippet:-1","max-image-preview":"max-image-preview:large","max-video-preview":"max-video-preview:-1"},"canonical":"https:\/\/gmracketsports.us\/es\/padel\/eventos-padel\/","og_locale":"es_ES","og_type":"article","og_title":"Eventos P\u00e1del &#171; GM Racket Sports","og_description":"En esta secci\u00f3n, os mostraremos toda la informaci\u00f3n de los eventos de p\u00e1del organizados, o\u00a0 esponsorizados, por GM Racket Sports USA. Nuestra historia viene avalada por los eventos que organizamos desde hace a\u00f1os\u00a0 en GM Racket Sports Espa\u00f1a.","og_url":"https:\/\/gmracketsports.us\/es\/padel\/eventos-padel\/","og_site_name":"GM Racket Sports","article_modified_time":"2025-08-09T21:38:23+00:00","og_image":[{"width":1434,"height":773,"url":"https:\/\/gmracketsports.us\/wp-content\/uploads\/2025\/01\/screen-shot-2025-01-16-at-105956-pm.jpg","type":"image\/jpeg"}],"twitter_card":"summary_large_image","twitter_misc":{"Tiempo de lectura":"1 minuto"},"schema":{"@context":"https:\/\/schema.org","@graph":[{"@type":"WebPage","@id":"https:\/\/gmracketsports.us\/es\/padel\/eventos-padel\/","url":"https:\/\/gmracketsports.us\/es\/padel\/eventos-padel\/","name":"Eventos P\u00e1del &#171; GM Racket Sports","isPartOf":{"@id":"https:\/\/gmracketsports.us\/es\/#website"},"primaryImageOfPage":{"@id":"https:\/\/gmracketsports.us\/es\/padel\/eventos-padel\/#primaryimage"},"image":{"@id":"https:\/\/gmracketsports.us\/es\/padel\/eventos-padel\/#primaryimage"},"thumbnailUrl":"https:\/\/gmracketsports.us\/wp-content\/uploads\/2025\/01\/screen-shot-2025-01-16-at-105956-pm-1024x552.jpg","datePublished":"2021-11-23T16:37:21+00:00","dateModified":"2025-08-09T21:38:23+00:00","breadcrumb":{"@id":"https:\/\/gmracketsports.us\/es\/padel\/eventos-padel\/#breadcrumb"},"inLanguage":"es","potentialAction":[{"@type":"ReadAction","target":["https:\/\/gmracketsports.us\/es\/padel\/eventos-padel\/"]}]},{"@type":"ImageObject","inLanguage":"es","@id":"https:\/\/gmracketsports.us\/es\/padel\/eventos-padel\/#primaryimage","url":"https:\/\/gmracketsports.us\/wp-content\/uploads\/2025\/01\/screen-shot-2025-01-16-at-105956-pm-1024x552.jpg","contentUrl":"https:\/\/gmracketsports.us\/wp-content\/uploads\/2025\/01\/screen-shot-2025-01-16-at-105956-pm-1024x552.jpg"},{"@type":"BreadcrumbList","@id":"https:\/\/gmracketsports.us\/es\/padel\/eventos-padel\/#breadcrumb","itemListElement":[{"@type":"ListItem","position":1,"name":"Portada","item":"https:\/\/gmracketsports.us\/es\/"},{"@type":"ListItem","position":2,"name":"P\u00e1del","item":"https:\/\/gmracketsports.us\/es\/padel\/"},{"@type":"ListItem","position":3,"name":"Eventos P\u00e1del"}]},{"@type":"WebSite","@id":"https:\/\/gmracketsports.us\/es\/#website","url":"https:\/\/gmracketsports.us\/es\/","name":"GM Racket Sports","description":"GM Racket Sports","publisher":{"@id":"https:\/\/gmracketsports.us\/es\/#organization"},"potentialAction":[{"@type":"SearchAction","target":{"@type":"EntryPoint","urlTemplate":"https:\/\/gmracketsports.us\/es\/?s={search_term_string}"},"query-input":{"@type":"PropertyValueSpecification","valueRequired":true,"valueName":"search_term_string"}}],"inLanguage":"es"},{"@type":"Organization","@id":"https:\/\/gmracketsports.us\/es\/#organization","name":"GM Racket Sports","url":"https:\/\/gmracketsports.us\/es\/","logo":{"@type":"ImageObject","inLanguage":"es","@id":"https:\/\/gmracketsports.us\/es\/#\/schema\/logo\/image\/","url":"https:\/\/gmracketsports.us\/wp-content\/uploads\/2021\/11\/gmrsescudo-y-nombrergb-e1637684202102.png","contentUrl":"https:\/\/gmracketsports.us\/wp-content\/uploads\/2021\/11\/gmrsescudo-y-nombrergb-e1637684202102.png","width":1000,"height":567,"caption":"GM Racket Sports"},"image":{"@id":"https:\/\/gmracketsports.us\/es\/#\/schema\/logo\/image\/"}}]}},"_links":{"self":[{"href":"https:\/\/gmracketsports.us\/es\/wp-json\/wp\/v2\/pages\/157","targetHints":{"allow":["GET"]}}],"collection":[{"href":"https:\/\/gmracketsports.us\/es\/wp-json\/wp\/v2\/pages"}],"about":[{"href":"https:\/\/gmracketsports.us\/es\/wp-json\/wp\/v2\/types\/page"}],"author":[{"embeddable":true,"href":"https:\/\/gmracketsports.us\/es\/wp-json\/wp\/v2\/users\/1"}],"replies":[{"embeddable":true,"href":"https:\/\/gmracketsports.us\/es\/wp-json\/wp\/v2\/comments?post=157"}],"version-history":[{"count":11,"href":"https:\/\/gmracketsports.us\/es\/wp-json\/wp\/v2\/pages\/157\/revisions"}],"predecessor-version":[{"id":8435,"href":"https:\/\/gmracketsports.us\/es\/wp-json\/wp\/v2\/pages\/157\/revisions\/8435"}],"up":[{"embeddable":true,"href":"https:\/\/gmracketsports.us\/es\/wp-json\/wp\/v2\/pages\/1554"}],"wp:attachment":[{"href":"https:\/\/gmracketsports.us\/es\/wp-json\/wp\/v2\/media?parent=157"}],"curies":[{"name":"wp","href":"https:\/\/api.w.org\/{rel}","templated":true}]}}