{"id":1554,"date":"2021-12-29T11:27:19","date_gmt":"2021-12-29T10:27:19","guid":{"rendered":"https:\/\/gmracketsports.us\/?page_id=1554"},"modified":"2026-01-03T00:51:06","modified_gmt":"2026-01-02T23:51:06","slug":"padel","status":"publish","type":"page","link":"https:\/\/gmracketsports.us\/es\/padel\/","title":{"rendered":"P\u00e1del"},"content":{"rendered":"\t\t<div data-elementor-type=\"wp-page\" data-elementor-id=\"1554\" class=\"elementor elementor-1554\" data-elementor-post-type=\"page\">\n\t\t\t\t\t\t<section class=\"elementor-section elementor-top-section elementor-element elementor-element-e2aed5e elementor-section-boxed elementor-section-height-default elementor-section-height-default\" data-id=\"e2aed5e\" data-element_type=\"section\">\n\t\t\t\t\t\t<div class=\"elementor-container elementor-column-gap-no\">\n\t\t\t\t\t<div class=\"elementor-column elementor-col-100 elementor-top-column elementor-element elementor-element-af1b6d6\" data-id=\"af1b6d6\" data-element_type=\"column\">\n\t\t\t<div class=\"elementor-widget-wrap elementor-element-populated\">\n\t\t\t\t\t\t<section class=\"elementor-section elementor-inner-section elementor-element elementor-element-9b66f1a elementor-section-boxed elementor-section-height-default elementor-section-height-default\" data-id=\"9b66f1a\" data-element_type=\"section\">\n\t\t\t\t\t\t<div class=\"elementor-container elementor-column-gap-no\">\n\t\t\t\t\t<div class=\"elementor-column elementor-col-100 elementor-inner-column elementor-element elementor-element-0769406\" data-id=\"0769406\" data-element_type=\"column\">\n\t\t\t<div class=\"elementor-widget-wrap elementor-element-populated\">\n\t\t\t\t\t\t<div class=\"elementor-element elementor-element-7f528dc elementor-widget elementor-widget-text-editor\" data-id=\"7f528dc\" data-element_type=\"widget\" data-widget_type=\"text-editor.default\">\n\t\t\t\t<div class=\"elementor-widget-container\">\n\t\t\t\t\t\t\t<p>El p\u00e1del es considerado el segundo deporte m\u00e1s practicado en Espa\u00f1a (seg\u00fan datos del 2021) despu\u00e9s del f\u00fatbol. Se estima que lo practican 5 millones de jugadores en todo el territorio espa\u00f1ol y, adem\u00e1s, crece r\u00e1pidamente en otros pa\u00edses de Europa, como Suecia, Italia, Francia, B\u00e9lgica o Pa\u00edses Bajos, y en todo el mundo donde cada vez hay m\u00e1s pa\u00edses que se unen a la fiebre del p\u00e1del.<\/p><p>La curva de aprendizaje del p\u00e1del podr\u00edamos decir que hace forma de meseta, donde alcanzar un nivel b\u00e1sico\/normal es relativamente sencillo pero luego mejorar ya es m\u00e1s costoso. Al jugarse en parejas, siempre vas a depender de otra persona ya que el juego no solo depender\u00e1 de ti. Realizar clases de p\u00e1del con monitores certificados te ayudar\u00e1n a alcanzar un mejor nivel de tu juego.\u00a0<\/p><p>En conclusi\u00f3n, el p\u00e1del es un deporte divertido, adictivo, saludable y con un buen trabajo cardiovascular, con un componente social muy importante, unisex y de f\u00e1cil aprendizaje.<\/p><p>\u00a1An\u00edmate a probarlo o a mejorar tu juego!<\/p>\t\t\t\t\t\t<\/div>\n\t\t\t\t<\/div>\n\t\t\t\t\t<\/div>\n\t\t<\/div>\n\t\t\t\t\t<\/div>\n\t\t<\/section>\n\t\t\t\t\t<\/div>\n\t\t<\/div>\n\t\t\t\t\t<\/div>\n\t\t<\/section>\n\t\t\t\t<section class=\"elementor-section elementor-top-section elementor-element elementor-element-fd50c9f elementor-section-full_width elementor-section-stretched elementor-section-height-default elementor-section-height-default\" data-id=\"fd50c9f\" data-element_type=\"section\" data-settings=\"{&quot;stretch_section&quot;:&quot;section-stretched&quot;,&quot;background_background&quot;:&quot;classic&quot;}\">\n\t\t\t\t\t\t<div class=\"elementor-container elementor-column-gap-default\">\n\t\t\t\t\t<div class=\"elementor-column elementor-col-100 elementor-top-column elementor-element elementor-element-0fa46f1\" data-id=\"0fa46f1\" data-element_type=\"column\">\n\t\t\t<div class=\"elementor-widget-wrap elementor-element-populated\">\n\t\t\t\t\t\t<section class=\"elementor-section elementor-inner-section elementor-element elementor-element-3c12d79 elementor-section-boxed elementor-section-height-default elementor-section-height-default\" data-id=\"3c12d79\" data-element_type=\"section\">\n\t\t\t\t\t\t<div class=\"elementor-container elementor-column-gap-no\">\n\t\t\t\t\t<div class=\"elementor-column elementor-col-33 elementor-inner-column elementor-element elementor-element-53fc7cc\" data-id=\"53fc7cc\" data-element_type=\"column\">\n\t\t\t<div class=\"elementor-widget-wrap elementor-element-populated\">\n\t\t\t\t\t\t<div class=\"elementor-element elementor-element-ea52a90 elementor-invisible elementor-widget elementor-widget-image\" data-id=\"ea52a90\" data-element_type=\"widget\" data-settings=\"{&quot;_animation&quot;:&quot;fadeIn&quot;}\" data-widget_type=\"image.default\">\n\t\t\t\t<div class=\"elementor-widget-container\">\n\t\t\t\t\t\t\t\t\t\t\t\t\t\t<a href=\"https:\/\/gmracketsports.us\/padel\/academia-padel\/\">\n\t\t\t\t\t\t\t<img decoding=\"async\" width=\"150\" height=\"150\" src=\"https:\/\/gmracketsports.us\/wp-content\/uploads\/2026\/01\/screen-shot-2026-01-02-at-64354-pm-150x150.png\" class=\"attachment-thumbnail size-thumbnail wp-image-8543\" alt=\"Screen Shot 2026 01 02 At 6.43.54 Pm\" \/>\t\t\t\t\t\t\t\t<\/a>\n\t\t\t\t\t\t\t\t\t\t\t\t\t<\/div>\n\t\t\t\t<\/div>\n\t\t\t\t<div class=\"elementor-element elementor-element-6e7d3da elementor-widget elementor-widget-heading\" data-id=\"6e7d3da\" data-element_type=\"widget\" data-widget_type=\"heading.default\">\n\t\t\t\t<div class=\"elementor-widget-container\">\n\t\t\t<h2 class=\"elementor-heading-title elementor-size-default\"><a href=\"https:\/\/gmracketsports.us\/padel\/academia-padel\/\">ACADEMIA<\/a><\/h2>\t\t<\/div>\n\t\t\t\t<\/div>\n\t\t\t\t\t<\/div>\n\t\t<\/div>\n\t\t\t\t<div class=\"elementor-column elementor-col-33 elementor-inner-column elementor-element elementor-element-81e61a0\" data-id=\"81e61a0\" data-element_type=\"column\">\n\t\t\t<div class=\"elementor-widget-wrap elementor-element-populated\">\n\t\t\t\t\t\t<div class=\"elementor-element elementor-element-422bb95 elementor-invisible elementor-widget elementor-widget-image\" data-id=\"422bb95\" data-element_type=\"widget\" data-settings=\"{&quot;_animation&quot;:&quot;fadeIn&quot;}\" data-widget_type=\"image.default\">\n\t\t\t\t<div class=\"elementor-widget-container\">\n\t\t\t\t\t\t\t\t\t\t\t\t\t\t<a href=\"https:\/\/gmracketsports.us\/padel\/torneos-padel\/\">\n\t\t\t\t\t\t\t<img decoding=\"async\" width=\"150\" height=\"150\" src=\"https:\/\/gmracketsports.us\/wp-content\/uploads\/2021\/12\/saque-en-padel-150x150.jpg\" class=\"attachment-thumbnail size-thumbnail wp-image-1189\" alt=\"Saque En Padel\" srcset=\"https:\/\/gmracketsports.us\/wp-content\/uploads\/2021\/12\/saque-en-padel-150x150.jpg 150w, https:\/\/gmracketsports.us\/wp-content\/uploads\/2021\/12\/saque-en-padel-300x300.jpg 300w, https:\/\/gmracketsports.us\/wp-content\/uploads\/2021\/12\/saque-en-padel-100x100.jpg 100w\" sizes=\"(max-width: 150px) 100vw, 150px\" \/>\t\t\t\t\t\t\t\t<\/a>\n\t\t\t\t\t\t\t\t\t\t\t\t\t<\/div>\n\t\t\t\t<\/div>\n\t\t\t\t<div class=\"elementor-element elementor-element-0ed7f99 elementor-widget elementor-widget-heading\" data-id=\"0ed7f99\" data-element_type=\"widget\" data-widget_type=\"heading.default\">\n\t\t\t\t<div class=\"elementor-widget-container\">\n\t\t\t<h2 class=\"elementor-heading-title elementor-size-default\"><a href=\"https:\/\/gmracketsports.us\/padel\/torneos-padel\/\">TORNEOS<\/a><\/h2>\t\t<\/div>\n\t\t\t\t<\/div>\n\t\t\t\t\t<\/div>\n\t\t<\/div>\n\t\t\t\t<div class=\"elementor-column elementor-col-33 elementor-inner-column elementor-element elementor-element-0642a49\" data-id=\"0642a49\" data-element_type=\"column\">\n\t\t\t<div class=\"elementor-widget-wrap elementor-element-populated\">\n\t\t\t\t\t\t<div class=\"elementor-element elementor-element-e7c6e5d elementor-invisible elementor-widget elementor-widget-image\" data-id=\"e7c6e5d\" data-element_type=\"widget\" data-settings=\"{&quot;_animation&quot;:&quot;fadeIn&quot;}\" data-widget_type=\"image.default\">\n\t\t\t\t<div class=\"elementor-widget-container\">\n\t\t\t\t\t\t\t\t\t\t\t\t\t\t<a href=\"https:\/\/gmracketsports.us\/padel\/eventos-padel\/\">\n\t\t\t\t\t\t\t<img decoding=\"async\" width=\"150\" height=\"150\" src=\"https:\/\/gmracketsports.us\/wp-content\/uploads\/2026\/01\/screen-shot-2026-01-02-at-64842-pm-150x150.png\" class=\"attachment-thumbnail size-thumbnail wp-image-8548\" alt=\"\" \/>\t\t\t\t\t\t\t\t<\/a>\n\t\t\t\t\t\t\t\t\t\t\t\t\t<\/div>\n\t\t\t\t<\/div>\n\t\t\t\t<div class=\"elementor-element elementor-element-3bba3fb elementor-widget elementor-widget-heading\" data-id=\"3bba3fb\" data-element_type=\"widget\" data-widget_type=\"heading.default\">\n\t\t\t\t<div class=\"elementor-widget-container\">\n\t\t\t<h2 class=\"elementor-heading-title elementor-size-default\"><a href=\"https:\/\/gmracketsports.us\/padel\/eventos-padel\/\">EVENTOS<\/a><\/h2>\t\t<\/div>\n\t\t\t\t<\/div>\n\t\t\t\t\t<\/div>\n\t\t<\/div>\n\t\t\t\t\t<\/div>\n\t\t<\/section>\n\t\t\t\t\t<\/div>\n\t\t<\/div>\n\t\t\t\t\t<\/div>\n\t\t<\/section>\n\t\t\t\t<\/div>\n\t\t","protected":false},"excerpt":{"rendered":"<p>El p\u00e1del es considerado el segundo deporte m\u00e1s practicado en Espa\u00f1a (seg\u00fan datos del 2021) despu\u00e9s del f\u00fatbol. Se estima que lo practican 5 millones de jugadores en todo el territorio espa\u00f1ol y, adem\u00e1s, crece r\u00e1pidamente en otros pa\u00edses de Europa, como Suecia, Italia, Francia, B\u00e9lgica o Pa\u00edses Bajos, y en todo el mundo donde &#8230; <a title=\"P\u00e1del\" class=\"read-more\" href=\"https:\/\/gmracketsports.us\/es\/padel\/\" aria-label=\"M\u00e1s en P\u00e1del\">Leer m\u00e1s<\/a><\/p>\n","protected":false},"author":1,"featured_media":0,"parent":0,"menu_order":0,"comment_status":"closed","ping_status":"closed","template":"","meta":{"footnotes":""},"class_list":["post-1554","page","type-page","status-publish"],"yoast_head":"<!-- This site is optimized with the Yoast SEO plugin v24.0 - https:\/\/yoast.com\/wordpress\/plugins\/seo\/ -->\n<title>P\u00e1del &#171; GM Racket Sports<\/title>\n<meta name=\"robots\" content=\"index, follow, max-snippet:-1, max-image-preview:large, max-video-preview:-1\" \/>\n<link rel=\"canonical\" href=\"https:\/\/gmracketsports.us\/es\/padel\/\" \/>\n<meta property=\"og:locale\" content=\"es_ES\" \/>\n<meta property=\"og:type\" content=\"article\" \/>\n<meta property=\"og:title\" content=\"P\u00e1del &#171; GM Racket Sports\" \/>\n<meta property=\"og:description\" content=\"El p\u00e1del es considerado el segundo deporte m\u00e1s practicado en Espa\u00f1a (seg\u00fan datos del 2021) despu\u00e9s del f\u00fatbol. Se estima que lo practican 5 millones de jugadores en todo el territorio espa\u00f1ol y, adem\u00e1s, crece r\u00e1pidamente en otros pa\u00edses de Europa, como Suecia, Italia, Francia, B\u00e9lgica o Pa\u00edses Bajos, y en todo el mundo donde ... Leer m\u00e1s\" \/>\n<meta property=\"og:url\" content=\"https:\/\/gmracketsports.us\/es\/padel\/\" \/>\n<meta property=\"og:site_name\" content=\"GM Racket Sports\" \/>\n<meta property=\"article:modified_time\" content=\"2026-01-02T23:51:06+00:00\" \/>\n<meta property=\"og:image\" content=\"https:\/\/gmracketsports.us\/wp-content\/uploads\/2026\/01\/screen-shot-2026-01-02-at-64354-pm.png\" \/>\n\t<meta property=\"og:image:width\" content=\"242\" \/>\n\t<meta property=\"og:image:height\" content=\"172\" \/>\n\t<meta property=\"og:image:type\" content=\"image\/png\" \/>\n<meta name=\"twitter:card\" content=\"summary_large_image\" \/>\n<meta name=\"twitter:label1\" content=\"Tiempo de lectura\" \/>\n\t<meta name=\"twitter:data1\" content=\"2 minutos\" \/>\n<script type=\"application\/ld+json\" class=\"yoast-schema-graph\">{\"@context\":\"https:\/\/schema.org\",\"@graph\":[{\"@type\":\"WebPage\",\"@id\":\"https:\/\/gmracketsports.us\/es\/padel\/\",\"url\":\"https:\/\/gmracketsports.us\/es\/padel\/\",\"name\":\"P\u00e1del &#171; GM Racket Sports\",\"isPartOf\":{\"@id\":\"https:\/\/gmracketsports.us\/es\/#website\"},\"primaryImageOfPage\":{\"@id\":\"https:\/\/gmracketsports.us\/es\/padel\/#primaryimage\"},\"image\":{\"@id\":\"https:\/\/gmracketsports.us\/es\/padel\/#primaryimage\"},\"thumbnailUrl\":\"https:\/\/gmracketsports.us\/wp-content\/uploads\/2026\/01\/screen-shot-2026-01-02-at-64354-pm-150x150.png\",\"datePublished\":\"2021-12-29T10:27:19+00:00\",\"dateModified\":\"2026-01-02T23:51:06+00:00\",\"breadcrumb\":{\"@id\":\"https:\/\/gmracketsports.us\/es\/padel\/#breadcrumb\"},\"inLanguage\":\"es\",\"potentialAction\":[{\"@type\":\"ReadAction\",\"target\":[\"https:\/\/gmracketsports.us\/es\/padel\/\"]}]},{\"@type\":\"ImageObject\",\"inLanguage\":\"es\",\"@id\":\"https:\/\/gmracketsports.us\/es\/padel\/#primaryimage\",\"url\":\"https:\/\/gmracketsports.us\/wp-content\/uploads\/2026\/01\/screen-shot-2026-01-02-at-64354-pm-150x150.png\",\"contentUrl\":\"https:\/\/gmracketsports.us\/wp-content\/uploads\/2026\/01\/screen-shot-2026-01-02-at-64354-pm-150x150.png\"},{\"@type\":\"BreadcrumbList\",\"@id\":\"https:\/\/gmracketsports.us\/es\/padel\/#breadcrumb\",\"itemListElement\":[{\"@type\":\"ListItem\",\"position\":1,\"name\":\"Portada\",\"item\":\"https:\/\/gmracketsports.us\/es\/\"},{\"@type\":\"ListItem\",\"position\":2,\"name\":\"P\u00e1del\"}]},{\"@type\":\"WebSite\",\"@id\":\"https:\/\/gmracketsports.us\/es\/#website\",\"url\":\"https:\/\/gmracketsports.us\/es\/\",\"name\":\"GM Racket Sports\",\"description\":\"GM Racket Sports\",\"publisher\":{\"@id\":\"https:\/\/gmracketsports.us\/es\/#organization\"},\"potentialAction\":[{\"@type\":\"SearchAction\",\"target\":{\"@type\":\"EntryPoint\",\"urlTemplate\":\"https:\/\/gmracketsports.us\/es\/?s={search_term_string}\"},\"query-input\":{\"@type\":\"PropertyValueSpecification\",\"valueRequired\":true,\"valueName\":\"search_term_string\"}}],\"inLanguage\":\"es\"},{\"@type\":\"Organization\",\"@id\":\"https:\/\/gmracketsports.us\/es\/#organization\",\"name\":\"GM Racket Sports\",\"url\":\"https:\/\/gmracketsports.us\/es\/\",\"logo\":{\"@type\":\"ImageObject\",\"inLanguage\":\"es\",\"@id\":\"https:\/\/gmracketsports.us\/es\/#\/schema\/logo\/image\/\",\"url\":\"https:\/\/gmracketsports.us\/wp-content\/uploads\/2021\/11\/gmrsescudo-y-nombrergb-e1637684202102.png\",\"contentUrl\":\"https:\/\/gmracketsports.us\/wp-content\/uploads\/2021\/11\/gmrsescudo-y-nombrergb-e1637684202102.png\",\"width\":1000,\"height\":567,\"caption\":\"GM Racket Sports\"},\"image\":{\"@id\":\"https:\/\/gmracketsports.us\/es\/#\/schema\/logo\/image\/\"}}]}<\/script>\n<!-- \/ Yoast SEO plugin. -->","yoast_head_json":{"title":"P\u00e1del &#171; GM Racket Sports","robots":{"index":"index","follow":"follow","max-snippet":"max-snippet:-1","max-image-preview":"max-image-preview:large","max-video-preview":"max-video-preview:-1"},"canonical":"https:\/\/gmracketsports.us\/es\/padel\/","og_locale":"es_ES","og_type":"article","og_title":"P\u00e1del &#171; GM Racket Sports","og_description":"El p\u00e1del es considerado el segundo deporte m\u00e1s practicado en Espa\u00f1a (seg\u00fan datos del 2021) despu\u00e9s del f\u00fatbol. Se estima que lo practican 5 millones de jugadores en todo el territorio espa\u00f1ol y, adem\u00e1s, crece r\u00e1pidamente en otros pa\u00edses de Europa, como Suecia, Italia, Francia, B\u00e9lgica o Pa\u00edses Bajos, y en todo el mundo donde ... Leer m\u00e1s","og_url":"https:\/\/gmracketsports.us\/es\/padel\/","og_site_name":"GM Racket Sports","article_modified_time":"2026-01-02T23:51:06+00:00","og_image":[{"width":242,"height":172,"url":"https:\/\/gmracketsports.us\/wp-content\/uploads\/2026\/01\/screen-shot-2026-01-02-at-64354-pm.png","type":"image\/png"}],"twitter_card":"summary_large_image","twitter_misc":{"Tiempo de lectura":"2 minutos"},"schema":{"@context":"https:\/\/schema.org","@graph":[{"@type":"WebPage","@id":"https:\/\/gmracketsports.us\/es\/padel\/","url":"https:\/\/gmracketsports.us\/es\/padel\/","name":"P\u00e1del &#171; GM Racket Sports","isPartOf":{"@id":"https:\/\/gmracketsports.us\/es\/#website"},"primaryImageOfPage":{"@id":"https:\/\/gmracketsports.us\/es\/padel\/#primaryimage"},"image":{"@id":"https:\/\/gmracketsports.us\/es\/padel\/#primaryimage"},"thumbnailUrl":"https:\/\/gmracketsports.us\/wp-content\/uploads\/2026\/01\/screen-shot-2026-01-02-at-64354-pm-150x150.png","datePublished":"2021-12-29T10:27:19+00:00","dateModified":"2026-01-02T23:51:06+00:00","breadcrumb":{"@id":"https:\/\/gmracketsports.us\/es\/padel\/#breadcrumb"},"inLanguage":"es","potentialAction":[{"@type":"ReadAction","target":["https:\/\/gmracketsports.us\/es\/padel\/"]}]},{"@type":"ImageObject","inLanguage":"es","@id":"https:\/\/gmracketsports.us\/es\/padel\/#primaryimage","url":"https:\/\/gmracketsports.us\/wp-content\/uploads\/2026\/01\/screen-shot-2026-01-02-at-64354-pm-150x150.png","contentUrl":"https:\/\/gmracketsports.us\/wp-content\/uploads\/2026\/01\/screen-shot-2026-01-02-at-64354-pm-150x150.png"},{"@type":"BreadcrumbList","@id":"https:\/\/gmracketsports.us\/es\/padel\/#breadcrumb","itemListElement":[{"@type":"ListItem","position":1,"name":"Portada","item":"https:\/\/gmracketsports.us\/es\/"},{"@type":"ListItem","position":2,"name":"P\u00e1del"}]},{"@type":"WebSite","@id":"https:\/\/gmracketsports.us\/es\/#website","url":"https:\/\/gmracketsports.us\/es\/","name":"GM Racket Sports","description":"GM Racket Sports","publisher":{"@id":"https:\/\/gmracketsports.us\/es\/#organization"},"potentialAction":[{"@type":"SearchAction","target":{"@type":"EntryPoint","urlTemplate":"https:\/\/gmracketsports.us\/es\/?s={search_term_string}"},"query-input":{"@type":"PropertyValueSpecification","valueRequired":true,"valueName":"search_term_string"}}],"inLanguage":"es"},{"@type":"Organization","@id":"https:\/\/gmracketsports.us\/es\/#organization","name":"GM Racket Sports","url":"https:\/\/gmracketsports.us\/es\/","logo":{"@type":"ImageObject","inLanguage":"es","@id":"https:\/\/gmracketsports.us\/es\/#\/schema\/logo\/image\/","url":"https:\/\/gmracketsports.us\/wp-content\/uploads\/2021\/11\/gmrsescudo-y-nombrergb-e1637684202102.png","contentUrl":"https:\/\/gmracketsports.us\/wp-content\/uploads\/2021\/11\/gmrsescudo-y-nombrergb-e1637684202102.png","width":1000,"height":567,"caption":"GM Racket Sports"},"image":{"@id":"https:\/\/gmracketsports.us\/es\/#\/schema\/logo\/image\/"}}]}},"_links":{"self":[{"href":"https:\/\/gmracketsports.us\/es\/wp-json\/wp\/v2\/pages\/1554","targetHints":{"allow":["GET"]}}],"collection":[{"href":"https:\/\/gmracketsports.us\/es\/wp-json\/wp\/v2\/pages"}],"about":[{"href":"https:\/\/gmracketsports.us\/es\/wp-json\/wp\/v2\/types\/page"}],"author":[{"embeddable":true,"href":"https:\/\/gmracketsports.us\/es\/wp-json\/wp\/v2\/users\/1"}],"replies":[{"embeddable":true,"href":"https:\/\/gmracketsports.us\/es\/wp-json\/wp\/v2\/comments?post=1554"}],"version-history":[{"count":8,"href":"https:\/\/gmracketsports.us\/es\/wp-json\/wp\/v2\/pages\/1554\/revisions"}],"predecessor-version":[{"id":8554,"href":"https:\/\/gmracketsports.us\/es\/wp-json\/wp\/v2\/pages\/1554\/revisions\/8554"}],"wp:attachment":[{"href":"https:\/\/gmracketsports.us\/es\/wp-json\/wp\/v2\/media?parent=1554"}],"curies":[{"name":"wp","href":"https:\/\/api.w.org\/{rel}","templated":true}]}}