{"id":1552,"date":"2021-12-29T11:27:05","date_gmt":"2021-12-29T10:27:05","guid":{"rendered":"https:\/\/gmracketsports.us\/?page_id=1552"},"modified":"2026-01-03T00:31:55","modified_gmt":"2026-01-02T23:31:55","slug":"tenis","status":"publish","type":"page","link":"https:\/\/gmracketsports.us\/es\/tenis\/","title":{"rendered":"Tenis"},"content":{"rendered":"\t\t<div data-elementor-type=\"wp-page\" data-elementor-id=\"1552\" class=\"elementor elementor-1552\" data-elementor-post-type=\"page\">\n\t\t\t\t\t\t<section class=\"elementor-section elementor-top-section elementor-element elementor-element-95e43df elementor-section-boxed elementor-section-height-default elementor-section-height-default\" data-id=\"95e43df\" data-element_type=\"section\">\n\t\t\t\t\t\t<div class=\"elementor-container elementor-column-gap-no\">\n\t\t\t\t\t<div class=\"elementor-column elementor-col-100 elementor-top-column elementor-element elementor-element-4967443\" data-id=\"4967443\" data-element_type=\"column\">\n\t\t\t<div class=\"elementor-widget-wrap elementor-element-populated\">\n\t\t\t\t\t\t<section class=\"elementor-section elementor-inner-section elementor-element elementor-element-9227b09 elementor-section-boxed elementor-section-height-default elementor-section-height-default\" data-id=\"9227b09\" data-element_type=\"section\">\n\t\t\t\t\t\t<div class=\"elementor-container elementor-column-gap-no\">\n\t\t\t\t\t<div class=\"elementor-column elementor-col-100 elementor-inner-column elementor-element elementor-element-e289f07\" data-id=\"e289f07\" data-element_type=\"column\">\n\t\t\t<div class=\"elementor-widget-wrap elementor-element-populated\">\n\t\t\t\t\t\t<div class=\"elementor-element elementor-element-031cb52 elementor-widget elementor-widget-text-editor\" data-id=\"031cb52\" data-element_type=\"widget\" data-widget_type=\"text-editor.default\">\n\t\t\t\t<div class=\"elementor-widget-container\">\n\t\t\t\t\t\t\t<p>El tenis es el segundo deporte m\u00e1s seguido en TV por los telespectadores espa\u00f1oles y el cuarto a nivel mundial. Sigue siendo el deporte de raqueta por excelencia y prueba de ello es su longevidad, ya que fue fundado a mediados del siglo XIX en Inglaterra.<\/p><p><span style=\"color: var( --e-global-color-text ); font-family: var( --e-global-typography-text-font-family ), Sans-serif; background-color: var(--base-3);\">El tenis se incluy\u00f3 en los primeros Juegos Ol\u00edmpicos modernos en 1896 aunque luego se eliminar\u00eda como deporte ol\u00edmpico. En 1998 volvi\u00f3 a ser deporte ol\u00edmpico donde permanece con \u00e9xito de seguimiento.\u00a0<\/span><\/p><p><span style=\"color: var( --e-global-color-text ); font-family: var( --e-global-typography-text-font-family ), Sans-serif; background-color: var(--base-3);\">La curva de aprendizaje en el tenis es progresiva ya que desde el inicio nos damos cuenta de su dificultad. Para ir progresando, este deporte requiere de disciplina, constancia y dedicaci\u00f3n. Si lo consigues, estar\u00e1s practicando uno de los deportes m\u00e1s completos, t\u00e9cnicos y bellos que existen. Adem\u00e1s, en muchas ocasiones, lo practicaras solo (y no en la modalidad de dobles) por lo que se puede decir que te enfrentar\u00e1s \u00fanicamente t\u00fa mismo contra tu adversario, que no te asuste y t\u00f3malo como un bonito reto personal.\u00a0<\/span><\/p><p><span style=\"color: var( --e-global-color-text ); font-family: var( --e-global-typography-text-font-family ), Sans-serif; background-color: var(--base-3);\">\u00a1La arcilla, la hierba o el cemento te esperan!\u00a0<\/span><\/p>\t\t\t\t\t\t<\/div>\n\t\t\t\t<\/div>\n\t\t\t\t\t<\/div>\n\t\t<\/div>\n\t\t\t\t\t<\/div>\n\t\t<\/section>\n\t\t\t\t\t<\/div>\n\t\t<\/div>\n\t\t\t\t\t<\/div>\n\t\t<\/section>\n\t\t\t\t<section class=\"elementor-section elementor-top-section elementor-element elementor-element-9742ed2 elementor-section-full_width elementor-section-stretched elementor-section-height-default elementor-section-height-default\" data-id=\"9742ed2\" data-element_type=\"section\" data-settings=\"{&quot;stretch_section&quot;:&quot;section-stretched&quot;,&quot;background_background&quot;:&quot;classic&quot;}\">\n\t\t\t\t\t\t<div class=\"elementor-container elementor-column-gap-default\">\n\t\t\t\t\t<div class=\"elementor-column elementor-col-100 elementor-top-column elementor-element elementor-element-3c864b3\" data-id=\"3c864b3\" data-element_type=\"column\">\n\t\t\t<div class=\"elementor-widget-wrap elementor-element-populated\">\n\t\t\t\t\t\t<section class=\"elementor-section elementor-inner-section elementor-element elementor-element-ecb047e elementor-section-boxed elementor-section-height-default elementor-section-height-default\" data-id=\"ecb047e\" data-element_type=\"section\">\n\t\t\t\t\t\t<div class=\"elementor-container elementor-column-gap-no\">\n\t\t\t\t\t<div class=\"elementor-column elementor-col-33 elementor-inner-column elementor-element elementor-element-b8bb5fc\" data-id=\"b8bb5fc\" data-element_type=\"column\">\n\t\t\t<div class=\"elementor-widget-wrap elementor-element-populated\">\n\t\t\t\t\t\t<div class=\"elementor-element elementor-element-d2e97d0 elementor-invisible elementor-widget elementor-widget-image\" data-id=\"d2e97d0\" data-element_type=\"widget\" data-settings=\"{&quot;_animation&quot;:&quot;fadeIn&quot;}\" data-widget_type=\"image.default\">\n\t\t\t\t<div class=\"elementor-widget-container\">\n\t\t\t\t\t\t\t\t\t\t\t\t\t\t<a href=\"https:\/\/gmracketsports.us\/tenis\/academia-tenis\/\">\n\t\t\t\t\t\t\t<img decoding=\"async\" width=\"150\" height=\"150\" src=\"https:\/\/gmracketsports.us\/wp-content\/uploads\/2026\/01\/screen-shot-2026-01-02-at-63014-pm-150x150.png\" class=\"attachment-thumbnail size-thumbnail wp-image-8521\" alt=\"Screen Shot 2026 01 02 At 6.30.14 Pm\" \/>\t\t\t\t\t\t\t\t<\/a>\n\t\t\t\t\t\t\t\t\t\t\t\t\t<\/div>\n\t\t\t\t<\/div>\n\t\t\t\t<div class=\"elementor-element elementor-element-95ac7df elementor-widget elementor-widget-heading\" data-id=\"95ac7df\" data-element_type=\"widget\" data-widget_type=\"heading.default\">\n\t\t\t\t<div class=\"elementor-widget-container\">\n\t\t\t<h2 class=\"elementor-heading-title elementor-size-default\"><a href=\"https:\/\/gmracketsports.us\/tenis\/academia-tenis\/\">ACADEMIA<\/a><\/h2>\t\t<\/div>\n\t\t\t\t<\/div>\n\t\t\t\t\t<\/div>\n\t\t<\/div>\n\t\t\t\t<div class=\"elementor-column elementor-col-33 elementor-inner-column elementor-element elementor-element-0fa1549\" data-id=\"0fa1549\" data-element_type=\"column\">\n\t\t\t<div class=\"elementor-widget-wrap elementor-element-populated\">\n\t\t\t\t\t\t<div class=\"elementor-element elementor-element-6b3249e elementor-invisible elementor-widget elementor-widget-image\" data-id=\"6b3249e\" data-element_type=\"widget\" data-settings=\"{&quot;_animation&quot;:&quot;fadeIn&quot;}\" data-widget_type=\"image.default\">\n\t\t\t\t<div class=\"elementor-widget-container\">\n\t\t\t\t\t\t\t\t\t\t\t\t\t\t<a href=\"https:\/\/gmracketsports.us\/tenis\/torneos-tenis\/\">\n\t\t\t\t\t\t\t<img decoding=\"async\" width=\"150\" height=\"150\" src=\"https:\/\/gmracketsports.us\/wp-content\/uploads\/2026\/01\/screen-shot-2026-01-02-at-63116-pm-150x150.png\" class=\"attachment-thumbnail size-thumbnail wp-image-8523\" alt=\"Screen Shot 2026 01 02 At 6.31.16 Pm\" \/>\t\t\t\t\t\t\t\t<\/a>\n\t\t\t\t\t\t\t\t\t\t\t\t\t<\/div>\n\t\t\t\t<\/div>\n\t\t\t\t<div class=\"elementor-element elementor-element-41f9f44 elementor-widget elementor-widget-heading\" data-id=\"41f9f44\" data-element_type=\"widget\" data-widget_type=\"heading.default\">\n\t\t\t\t<div class=\"elementor-widget-container\">\n\t\t\t<h2 class=\"elementor-heading-title elementor-size-default\"><a href=\"https:\/\/gmracketsports.us\/tenis\/torneos-tenis\/\">TORNEOS<\/a><\/h2>\t\t<\/div>\n\t\t\t\t<\/div>\n\t\t\t\t\t<\/div>\n\t\t<\/div>\n\t\t\t\t<div class=\"elementor-column elementor-col-33 elementor-inner-column elementor-element elementor-element-f407124\" data-id=\"f407124\" data-element_type=\"column\">\n\t\t\t<div class=\"elementor-widget-wrap elementor-element-populated\">\n\t\t\t\t\t\t<div class=\"elementor-element elementor-element-222f8c2 elementor-invisible elementor-widget elementor-widget-image\" data-id=\"222f8c2\" data-element_type=\"widget\" data-settings=\"{&quot;_animation&quot;:&quot;fadeIn&quot;}\" data-widget_type=\"image.default\">\n\t\t\t\t<div class=\"elementor-widget-container\">\n\t\t\t\t\t\t\t\t\t\t\t\t\t\t<a href=\"https:\/\/gmracketsports.us\/tenis\/eventos-tenis\/\">\n\t\t\t\t\t\t\t<img decoding=\"async\" width=\"150\" height=\"150\" src=\"https:\/\/gmracketsports.us\/wp-content\/uploads\/2026\/01\/screen-shot-2026-01-02-at-62909-pm-150x150.png\" class=\"attachment-thumbnail size-thumbnail wp-image-8519\" alt=\"Screen Shot 2026 01 02 At 6.29.09 Pm\" \/>\t\t\t\t\t\t\t\t<\/a>\n\t\t\t\t\t\t\t\t\t\t\t\t\t<\/div>\n\t\t\t\t<\/div>\n\t\t\t\t<div class=\"elementor-element elementor-element-675eeb6 elementor-widget elementor-widget-heading\" data-id=\"675eeb6\" data-element_type=\"widget\" data-widget_type=\"heading.default\">\n\t\t\t\t<div class=\"elementor-widget-container\">\n\t\t\t<h2 class=\"elementor-heading-title elementor-size-default\"><a href=\"https:\/\/gmracketsports.us\/tenis\/eventos-tenis\/\">EVENTOS<\/a><\/h2>\t\t<\/div>\n\t\t\t\t<\/div>\n\t\t\t\t\t<\/div>\n\t\t<\/div>\n\t\t\t\t\t<\/div>\n\t\t<\/section>\n\t\t\t\t\t<\/div>\n\t\t<\/div>\n\t\t\t\t\t<\/div>\n\t\t<\/section>\n\t\t\t\t<\/div>\n\t\t","protected":false},"excerpt":{"rendered":"<p>El tenis es el segundo deporte m\u00e1s seguido en TV por los telespectadores espa\u00f1oles y el cuarto a nivel mundial. Sigue siendo el deporte de raqueta por excelencia y prueba de ello es su longevidad, ya que fue fundado a mediados del siglo XIX en Inglaterra. El tenis se incluy\u00f3 en los primeros Juegos Ol\u00edmpicos &#8230; <a title=\"Tenis\" class=\"read-more\" href=\"https:\/\/gmracketsports.us\/es\/tenis\/\" aria-label=\"M\u00e1s en Tenis\">Leer m\u00e1s<\/a><\/p>\n","protected":false},"author":1,"featured_media":0,"parent":0,"menu_order":0,"comment_status":"closed","ping_status":"closed","template":"","meta":{"footnotes":""},"class_list":["post-1552","page","type-page","status-publish"],"yoast_head":"<!-- This site is optimized with the Yoast SEO plugin v24.0 - https:\/\/yoast.com\/wordpress\/plugins\/seo\/ -->\n<title>Tenis &#171; GM Racket Sports<\/title>\n<meta name=\"robots\" content=\"index, follow, max-snippet:-1, max-image-preview:large, max-video-preview:-1\" \/>\n<link rel=\"canonical\" href=\"https:\/\/gmracketsports.us\/es\/tenis\/\" \/>\n<meta property=\"og:locale\" content=\"es_ES\" \/>\n<meta property=\"og:type\" content=\"article\" \/>\n<meta property=\"og:title\" content=\"Tenis &#171; GM Racket Sports\" \/>\n<meta property=\"og:description\" content=\"El tenis es el segundo deporte m\u00e1s seguido en TV por los telespectadores espa\u00f1oles y el cuarto a nivel mundial. Sigue siendo el deporte de raqueta por excelencia y prueba de ello es su longevidad, ya que fue fundado a mediados del siglo XIX en Inglaterra. El tenis se incluy\u00f3 en los primeros Juegos Ol\u00edmpicos ... Leer m\u00e1s\" \/>\n<meta property=\"og:url\" content=\"https:\/\/gmracketsports.us\/es\/tenis\/\" \/>\n<meta property=\"og:site_name\" content=\"GM Racket Sports\" \/>\n<meta property=\"article:modified_time\" content=\"2026-01-02T23:31:55+00:00\" \/>\n<meta property=\"og:image\" content=\"https:\/\/gmracketsports.us\/wp-content\/uploads\/2026\/01\/screen-shot-2026-01-02-at-63014-pm.png\" \/>\n\t<meta property=\"og:image:width\" content=\"258\" \/>\n\t<meta property=\"og:image:height\" content=\"171\" \/>\n\t<meta property=\"og:image:type\" content=\"image\/png\" \/>\n<meta name=\"twitter:card\" content=\"summary_large_image\" \/>\n<meta name=\"twitter:label1\" content=\"Tiempo de lectura\" \/>\n\t<meta name=\"twitter:data1\" content=\"2 minutos\" \/>\n<script type=\"application\/ld+json\" class=\"yoast-schema-graph\">{\"@context\":\"https:\/\/schema.org\",\"@graph\":[{\"@type\":\"WebPage\",\"@id\":\"https:\/\/gmracketsports.us\/es\/tenis\/\",\"url\":\"https:\/\/gmracketsports.us\/es\/tenis\/\",\"name\":\"Tenis &#171; GM Racket Sports\",\"isPartOf\":{\"@id\":\"https:\/\/gmracketsports.us\/es\/#website\"},\"primaryImageOfPage\":{\"@id\":\"https:\/\/gmracketsports.us\/es\/tenis\/#primaryimage\"},\"image\":{\"@id\":\"https:\/\/gmracketsports.us\/es\/tenis\/#primaryimage\"},\"thumbnailUrl\":\"https:\/\/gmracketsports.us\/wp-content\/uploads\/2026\/01\/screen-shot-2026-01-02-at-63014-pm-150x150.png\",\"datePublished\":\"2021-12-29T10:27:05+00:00\",\"dateModified\":\"2026-01-02T23:31:55+00:00\",\"breadcrumb\":{\"@id\":\"https:\/\/gmracketsports.us\/es\/tenis\/#breadcrumb\"},\"inLanguage\":\"es\",\"potentialAction\":[{\"@type\":\"ReadAction\",\"target\":[\"https:\/\/gmracketsports.us\/es\/tenis\/\"]}]},{\"@type\":\"ImageObject\",\"inLanguage\":\"es\",\"@id\":\"https:\/\/gmracketsports.us\/es\/tenis\/#primaryimage\",\"url\":\"https:\/\/gmracketsports.us\/wp-content\/uploads\/2026\/01\/screen-shot-2026-01-02-at-63014-pm-150x150.png\",\"contentUrl\":\"https:\/\/gmracketsports.us\/wp-content\/uploads\/2026\/01\/screen-shot-2026-01-02-at-63014-pm-150x150.png\"},{\"@type\":\"BreadcrumbList\",\"@id\":\"https:\/\/gmracketsports.us\/es\/tenis\/#breadcrumb\",\"itemListElement\":[{\"@type\":\"ListItem\",\"position\":1,\"name\":\"Portada\",\"item\":\"https:\/\/gmracketsports.us\/es\/\"},{\"@type\":\"ListItem\",\"position\":2,\"name\":\"Tenis\"}]},{\"@type\":\"WebSite\",\"@id\":\"https:\/\/gmracketsports.us\/es\/#website\",\"url\":\"https:\/\/gmracketsports.us\/es\/\",\"name\":\"GM Racket Sports\",\"description\":\"GM Racket Sports\",\"publisher\":{\"@id\":\"https:\/\/gmracketsports.us\/es\/#organization\"},\"potentialAction\":[{\"@type\":\"SearchAction\",\"target\":{\"@type\":\"EntryPoint\",\"urlTemplate\":\"https:\/\/gmracketsports.us\/es\/?s={search_term_string}\"},\"query-input\":{\"@type\":\"PropertyValueSpecification\",\"valueRequired\":true,\"valueName\":\"search_term_string\"}}],\"inLanguage\":\"es\"},{\"@type\":\"Organization\",\"@id\":\"https:\/\/gmracketsports.us\/es\/#organization\",\"name\":\"GM Racket Sports\",\"url\":\"https:\/\/gmracketsports.us\/es\/\",\"logo\":{\"@type\":\"ImageObject\",\"inLanguage\":\"es\",\"@id\":\"https:\/\/gmracketsports.us\/es\/#\/schema\/logo\/image\/\",\"url\":\"https:\/\/gmracketsports.us\/wp-content\/uploads\/2021\/11\/gmrsescudo-y-nombrergb-e1637684202102.png\",\"contentUrl\":\"https:\/\/gmracketsports.us\/wp-content\/uploads\/2021\/11\/gmrsescudo-y-nombrergb-e1637684202102.png\",\"width\":1000,\"height\":567,\"caption\":\"GM Racket Sports\"},\"image\":{\"@id\":\"https:\/\/gmracketsports.us\/es\/#\/schema\/logo\/image\/\"}}]}<\/script>\n<!-- \/ Yoast SEO plugin. -->","yoast_head_json":{"title":"Tenis &#171; GM Racket Sports","robots":{"index":"index","follow":"follow","max-snippet":"max-snippet:-1","max-image-preview":"max-image-preview:large","max-video-preview":"max-video-preview:-1"},"canonical":"https:\/\/gmracketsports.us\/es\/tenis\/","og_locale":"es_ES","og_type":"article","og_title":"Tenis &#171; GM Racket Sports","og_description":"El tenis es el segundo deporte m\u00e1s seguido en TV por los telespectadores espa\u00f1oles y el cuarto a nivel mundial. Sigue siendo el deporte de raqueta por excelencia y prueba de ello es su longevidad, ya que fue fundado a mediados del siglo XIX en Inglaterra. El tenis se incluy\u00f3 en los primeros Juegos Ol\u00edmpicos ... Leer m\u00e1s","og_url":"https:\/\/gmracketsports.us\/es\/tenis\/","og_site_name":"GM Racket Sports","article_modified_time":"2026-01-02T23:31:55+00:00","og_image":[{"width":258,"height":171,"url":"https:\/\/gmracketsports.us\/wp-content\/uploads\/2026\/01\/screen-shot-2026-01-02-at-63014-pm.png","type":"image\/png"}],"twitter_card":"summary_large_image","twitter_misc":{"Tiempo de lectura":"2 minutos"},"schema":{"@context":"https:\/\/schema.org","@graph":[{"@type":"WebPage","@id":"https:\/\/gmracketsports.us\/es\/tenis\/","url":"https:\/\/gmracketsports.us\/es\/tenis\/","name":"Tenis &#171; GM Racket Sports","isPartOf":{"@id":"https:\/\/gmracketsports.us\/es\/#website"},"primaryImageOfPage":{"@id":"https:\/\/gmracketsports.us\/es\/tenis\/#primaryimage"},"image":{"@id":"https:\/\/gmracketsports.us\/es\/tenis\/#primaryimage"},"thumbnailUrl":"https:\/\/gmracketsports.us\/wp-content\/uploads\/2026\/01\/screen-shot-2026-01-02-at-63014-pm-150x150.png","datePublished":"2021-12-29T10:27:05+00:00","dateModified":"2026-01-02T23:31:55+00:00","breadcrumb":{"@id":"https:\/\/gmracketsports.us\/es\/tenis\/#breadcrumb"},"inLanguage":"es","potentialAction":[{"@type":"ReadAction","target":["https:\/\/gmracketsports.us\/es\/tenis\/"]}]},{"@type":"ImageObject","inLanguage":"es","@id":"https:\/\/gmracketsports.us\/es\/tenis\/#primaryimage","url":"https:\/\/gmracketsports.us\/wp-content\/uploads\/2026\/01\/screen-shot-2026-01-02-at-63014-pm-150x150.png","contentUrl":"https:\/\/gmracketsports.us\/wp-content\/uploads\/2026\/01\/screen-shot-2026-01-02-at-63014-pm-150x150.png"},{"@type":"BreadcrumbList","@id":"https:\/\/gmracketsports.us\/es\/tenis\/#breadcrumb","itemListElement":[{"@type":"ListItem","position":1,"name":"Portada","item":"https:\/\/gmracketsports.us\/es\/"},{"@type":"ListItem","position":2,"name":"Tenis"}]},{"@type":"WebSite","@id":"https:\/\/gmracketsports.us\/es\/#website","url":"https:\/\/gmracketsports.us\/es\/","name":"GM Racket Sports","description":"GM Racket Sports","publisher":{"@id":"https:\/\/gmracketsports.us\/es\/#organization"},"potentialAction":[{"@type":"SearchAction","target":{"@type":"EntryPoint","urlTemplate":"https:\/\/gmracketsports.us\/es\/?s={search_term_string}"},"query-input":{"@type":"PropertyValueSpecification","valueRequired":true,"valueName":"search_term_string"}}],"inLanguage":"es"},{"@type":"Organization","@id":"https:\/\/gmracketsports.us\/es\/#organization","name":"GM Racket Sports","url":"https:\/\/gmracketsports.us\/es\/","logo":{"@type":"ImageObject","inLanguage":"es","@id":"https:\/\/gmracketsports.us\/es\/#\/schema\/logo\/image\/","url":"https:\/\/gmracketsports.us\/wp-content\/uploads\/2021\/11\/gmrsescudo-y-nombrergb-e1637684202102.png","contentUrl":"https:\/\/gmracketsports.us\/wp-content\/uploads\/2021\/11\/gmrsescudo-y-nombrergb-e1637684202102.png","width":1000,"height":567,"caption":"GM Racket Sports"},"image":{"@id":"https:\/\/gmracketsports.us\/es\/#\/schema\/logo\/image\/"}}]}},"_links":{"self":[{"href":"https:\/\/gmracketsports.us\/es\/wp-json\/wp\/v2\/pages\/1552","targetHints":{"allow":["GET"]}}],"collection":[{"href":"https:\/\/gmracketsports.us\/es\/wp-json\/wp\/v2\/pages"}],"about":[{"href":"https:\/\/gmracketsports.us\/es\/wp-json\/wp\/v2\/types\/page"}],"author":[{"embeddable":true,"href":"https:\/\/gmracketsports.us\/es\/wp-json\/wp\/v2\/users\/1"}],"replies":[{"embeddable":true,"href":"https:\/\/gmracketsports.us\/es\/wp-json\/wp\/v2\/comments?post=1552"}],"version-history":[{"count":7,"href":"https:\/\/gmracketsports.us\/es\/wp-json\/wp\/v2\/pages\/1552\/revisions"}],"predecessor-version":[{"id":8527,"href":"https:\/\/gmracketsports.us\/es\/wp-json\/wp\/v2\/pages\/1552\/revisions\/8527"}],"wp:attachment":[{"href":"https:\/\/gmracketsports.us\/es\/wp-json\/wp\/v2\/media?parent=1552"}],"curies":[{"name":"wp","href":"https:\/\/api.w.org\/{rel}","templated":true}]}}