{"id":146,"date":"2021-11-23T17:34:33","date_gmt":"2021-11-23T16:34:33","guid":{"rendered":"https:\/\/gmracketsports.us\/?page_id=146"},"modified":"2025-01-17T04:45:55","modified_gmt":"2025-01-17T03:45:55","slug":"torneos-tenis","status":"publish","type":"page","link":"https:\/\/gmracketsports.us\/es\/tenis\/torneos-tenis\/","title":{"rendered":"Torneos Tenis"},"content":{"rendered":"\t\t<div data-elementor-type=\"wp-page\" data-elementor-id=\"146\" class=\"elementor elementor-146\" data-elementor-post-type=\"page\">\n\t\t\t\t\t\t<section class=\"elementor-section elementor-top-section elementor-element elementor-element-2ef4a757 elementor-section-boxed elementor-section-height-default elementor-section-height-default\" data-id=\"2ef4a757\" data-element_type=\"section\">\n\t\t\t\t\t\t<div class=\"elementor-container elementor-column-gap-default\">\n\t\t\t\t\t<div class=\"elementor-column elementor-col-100 elementor-top-column elementor-element elementor-element-4043dabc\" data-id=\"4043dabc\" data-element_type=\"column\">\n\t\t\t<div class=\"elementor-widget-wrap elementor-element-populated\">\n\t\t\t\t\t\t<div class=\"elementor-element elementor-element-142fe70b elementor-widget elementor-widget-text-editor\" data-id=\"142fe70b\" data-element_type=\"widget\" data-widget_type=\"text-editor.default\">\n\t\t\t\t<div class=\"elementor-widget-container\">\n\t\t\t\t\t\t\t<p>Desde GM Racket Sports USA organizamos todo tipo de torneos de tenis, de duraci\u00f3n variada, adapt\u00e1ndonos al nivel de los jugadores as\u00ed como a su disponibilidad y requisitos previos. No queremos que te vayas con la sensaci\u00f3n de haber jugador un torneo m\u00e1s, sino todo lo contrario. Haremos todo lo posible para que tu experiencia sea \u00fanica y pienses en repetir con nosotros.<\/p><p>Nuestra raz\u00f3n de ser no tiene sentido sin vuestra presencia. Por tanto, nuestro ADN tiene impregnados los valores de honestidad, transparencia, empat\u00eda y profesionalidad en pro de nuestros estimados jugadores.<\/p><p>Cada torneo es diferente, con sus propias caracter\u00edsticas, y as\u00ed te lo demostraremos. A continuaci\u00f3n, puedes ver el listado de torneos que podemos organizar as\u00ed como servicios asociados a los mismos:<\/p><ul><li>Organizaci\u00f3n de torneos de tenis para empresas.<\/li><li>Organizaci\u00f3n propia de torneos durante todo el a\u00f1o.<\/li><li>Emisi\u00f3n personalizada en streaming.<\/li><li>Grabaci\u00f3n de los partidos para posterior visionado y an\u00e1lisis.<\/li><li>Inclusi\u00f3n de nuevas tecnolog\u00edas para poder exprimir al m\u00e1ximo tu experiencia y obtener todo el detalle de los jugadores.<\/li><\/ul><p>Nuestra historia viene avalada por los torneos organizados desde GM Racket Sports Espa\u00f1a.<\/p>\t\t\t\t\t\t<\/div>\n\t\t\t\t<\/div>\n\t\t\t\t\t<\/div>\n\t\t<\/div>\n\t\t\t\t\t<\/div>\n\t\t<\/section>\n\t\t\t\t<\/div>\n\t\t","protected":false},"excerpt":{"rendered":"<p>Desde GM Racket Sports USA organizamos todo tipo de torneos de tenis, de duraci\u00f3n variada, adapt\u00e1ndonos al nivel de los jugadores as\u00ed como a su disponibilidad y requisitos previos. No queremos que te vayas con la sensaci\u00f3n de haber jugador un torneo m\u00e1s, sino todo lo contrario. Haremos todo lo posible para que tu experiencia &#8230; <a title=\"Torneos Tenis\" class=\"read-more\" href=\"https:\/\/gmracketsports.us\/es\/tenis\/torneos-tenis\/\" aria-label=\"M\u00e1s en Torneos Tenis\">Leer m\u00e1s<\/a><\/p>\n","protected":false},"author":1,"featured_media":0,"parent":1552,"menu_order":0,"comment_status":"closed","ping_status":"closed","template":"","meta":{"footnotes":""},"class_list":["post-146","page","type-page","status-publish"],"yoast_head":"<!-- This site is optimized with the Yoast SEO plugin v24.0 - https:\/\/yoast.com\/wordpress\/plugins\/seo\/ -->\n<title>Torneos Tenis &#171; GM Racket Sports<\/title>\n<meta name=\"robots\" content=\"index, follow, max-snippet:-1, max-image-preview:large, max-video-preview:-1\" \/>\n<link rel=\"canonical\" href=\"https:\/\/gmracketsports.us\/es\/tenis\/torneos-tenis\/\" \/>\n<meta property=\"og:locale\" content=\"es_ES\" \/>\n<meta property=\"og:type\" content=\"article\" \/>\n<meta property=\"og:title\" content=\"Torneos Tenis &#171; GM Racket Sports\" \/>\n<meta property=\"og:description\" content=\"Desde GM Racket Sports USA organizamos todo tipo de torneos de tenis, de duraci\u00f3n variada, adapt\u00e1ndonos al nivel de los jugadores as\u00ed como a su disponibilidad y requisitos previos. No queremos que te vayas con la sensaci\u00f3n de haber jugador un torneo m\u00e1s, sino todo lo contrario. Haremos todo lo posible para que tu experiencia ... Leer m\u00e1s\" \/>\n<meta property=\"og:url\" content=\"https:\/\/gmracketsports.us\/es\/tenis\/torneos-tenis\/\" \/>\n<meta property=\"og:site_name\" content=\"GM Racket Sports\" \/>\n<meta property=\"article:modified_time\" content=\"2025-01-17T03:45:55+00:00\" \/>\n<meta name=\"twitter:card\" content=\"summary_large_image\" \/>\n<meta name=\"twitter:label1\" content=\"Tiempo de lectura\" \/>\n\t<meta name=\"twitter:data1\" content=\"1 minuto\" \/>\n<script type=\"application\/ld+json\" class=\"yoast-schema-graph\">{\"@context\":\"https:\/\/schema.org\",\"@graph\":[{\"@type\":\"WebPage\",\"@id\":\"https:\/\/gmracketsports.us\/es\/tenis\/torneos-tenis\/\",\"url\":\"https:\/\/gmracketsports.us\/es\/tenis\/torneos-tenis\/\",\"name\":\"Torneos Tenis &#171; GM Racket Sports\",\"isPartOf\":{\"@id\":\"https:\/\/gmracketsports.us\/es\/#website\"},\"datePublished\":\"2021-11-23T16:34:33+00:00\",\"dateModified\":\"2025-01-17T03:45:55+00:00\",\"breadcrumb\":{\"@id\":\"https:\/\/gmracketsports.us\/es\/tenis\/torneos-tenis\/#breadcrumb\"},\"inLanguage\":\"es\",\"potentialAction\":[{\"@type\":\"ReadAction\",\"target\":[\"https:\/\/gmracketsports.us\/es\/tenis\/torneos-tenis\/\"]}]},{\"@type\":\"BreadcrumbList\",\"@id\":\"https:\/\/gmracketsports.us\/es\/tenis\/torneos-tenis\/#breadcrumb\",\"itemListElement\":[{\"@type\":\"ListItem\",\"position\":1,\"name\":\"Portada\",\"item\":\"https:\/\/gmracketsports.us\/es\/\"},{\"@type\":\"ListItem\",\"position\":2,\"name\":\"Tenis\",\"item\":\"https:\/\/gmracketsports.us\/es\/tenis\/\"},{\"@type\":\"ListItem\",\"position\":3,\"name\":\"Torneos Tenis\"}]},{\"@type\":\"WebSite\",\"@id\":\"https:\/\/gmracketsports.us\/es\/#website\",\"url\":\"https:\/\/gmracketsports.us\/es\/\",\"name\":\"GM Racket Sports\",\"description\":\"GM Racket Sports\",\"publisher\":{\"@id\":\"https:\/\/gmracketsports.us\/es\/#organization\"},\"potentialAction\":[{\"@type\":\"SearchAction\",\"target\":{\"@type\":\"EntryPoint\",\"urlTemplate\":\"https:\/\/gmracketsports.us\/es\/?s={search_term_string}\"},\"query-input\":{\"@type\":\"PropertyValueSpecification\",\"valueRequired\":true,\"valueName\":\"search_term_string\"}}],\"inLanguage\":\"es\"},{\"@type\":\"Organization\",\"@id\":\"https:\/\/gmracketsports.us\/es\/#organization\",\"name\":\"GM Racket Sports\",\"url\":\"https:\/\/gmracketsports.us\/es\/\",\"logo\":{\"@type\":\"ImageObject\",\"inLanguage\":\"es\",\"@id\":\"https:\/\/gmracketsports.us\/es\/#\/schema\/logo\/image\/\",\"url\":\"https:\/\/gmracketsports.us\/wp-content\/uploads\/2021\/11\/gmrsescudo-y-nombrergb-e1637684202102.png\",\"contentUrl\":\"https:\/\/gmracketsports.us\/wp-content\/uploads\/2021\/11\/gmrsescudo-y-nombrergb-e1637684202102.png\",\"width\":1000,\"height\":567,\"caption\":\"GM Racket Sports\"},\"image\":{\"@id\":\"https:\/\/gmracketsports.us\/es\/#\/schema\/logo\/image\/\"}}]}<\/script>\n<!-- \/ Yoast SEO plugin. -->","yoast_head_json":{"title":"Torneos Tenis &#171; GM Racket Sports","robots":{"index":"index","follow":"follow","max-snippet":"max-snippet:-1","max-image-preview":"max-image-preview:large","max-video-preview":"max-video-preview:-1"},"canonical":"https:\/\/gmracketsports.us\/es\/tenis\/torneos-tenis\/","og_locale":"es_ES","og_type":"article","og_title":"Torneos Tenis &#171; GM Racket Sports","og_description":"Desde GM Racket Sports USA organizamos todo tipo de torneos de tenis, de duraci\u00f3n variada, adapt\u00e1ndonos al nivel de los jugadores as\u00ed como a su disponibilidad y requisitos previos. No queremos que te vayas con la sensaci\u00f3n de haber jugador un torneo m\u00e1s, sino todo lo contrario. Haremos todo lo posible para que tu experiencia ... Leer m\u00e1s","og_url":"https:\/\/gmracketsports.us\/es\/tenis\/torneos-tenis\/","og_site_name":"GM Racket Sports","article_modified_time":"2025-01-17T03:45:55+00:00","twitter_card":"summary_large_image","twitter_misc":{"Tiempo de lectura":"1 minuto"},"schema":{"@context":"https:\/\/schema.org","@graph":[{"@type":"WebPage","@id":"https:\/\/gmracketsports.us\/es\/tenis\/torneos-tenis\/","url":"https:\/\/gmracketsports.us\/es\/tenis\/torneos-tenis\/","name":"Torneos Tenis &#171; GM Racket Sports","isPartOf":{"@id":"https:\/\/gmracketsports.us\/es\/#website"},"datePublished":"2021-11-23T16:34:33+00:00","dateModified":"2025-01-17T03:45:55+00:00","breadcrumb":{"@id":"https:\/\/gmracketsports.us\/es\/tenis\/torneos-tenis\/#breadcrumb"},"inLanguage":"es","potentialAction":[{"@type":"ReadAction","target":["https:\/\/gmracketsports.us\/es\/tenis\/torneos-tenis\/"]}]},{"@type":"BreadcrumbList","@id":"https:\/\/gmracketsports.us\/es\/tenis\/torneos-tenis\/#breadcrumb","itemListElement":[{"@type":"ListItem","position":1,"name":"Portada","item":"https:\/\/gmracketsports.us\/es\/"},{"@type":"ListItem","position":2,"name":"Tenis","item":"https:\/\/gmracketsports.us\/es\/tenis\/"},{"@type":"ListItem","position":3,"name":"Torneos Tenis"}]},{"@type":"WebSite","@id":"https:\/\/gmracketsports.us\/es\/#website","url":"https:\/\/gmracketsports.us\/es\/","name":"GM Racket Sports","description":"GM Racket Sports","publisher":{"@id":"https:\/\/gmracketsports.us\/es\/#organization"},"potentialAction":[{"@type":"SearchAction","target":{"@type":"EntryPoint","urlTemplate":"https:\/\/gmracketsports.us\/es\/?s={search_term_string}"},"query-input":{"@type":"PropertyValueSpecification","valueRequired":true,"valueName":"search_term_string"}}],"inLanguage":"es"},{"@type":"Organization","@id":"https:\/\/gmracketsports.us\/es\/#organization","name":"GM Racket Sports","url":"https:\/\/gmracketsports.us\/es\/","logo":{"@type":"ImageObject","inLanguage":"es","@id":"https:\/\/gmracketsports.us\/es\/#\/schema\/logo\/image\/","url":"https:\/\/gmracketsports.us\/wp-content\/uploads\/2021\/11\/gmrsescudo-y-nombrergb-e1637684202102.png","contentUrl":"https:\/\/gmracketsports.us\/wp-content\/uploads\/2021\/11\/gmrsescudo-y-nombrergb-e1637684202102.png","width":1000,"height":567,"caption":"GM Racket Sports"},"image":{"@id":"https:\/\/gmracketsports.us\/es\/#\/schema\/logo\/image\/"}}]}},"_links":{"self":[{"href":"https:\/\/gmracketsports.us\/es\/wp-json\/wp\/v2\/pages\/146","targetHints":{"allow":["GET"]}}],"collection":[{"href":"https:\/\/gmracketsports.us\/es\/wp-json\/wp\/v2\/pages"}],"about":[{"href":"https:\/\/gmracketsports.us\/es\/wp-json\/wp\/v2\/types\/page"}],"author":[{"embeddable":true,"href":"https:\/\/gmracketsports.us\/es\/wp-json\/wp\/v2\/users\/1"}],"replies":[{"embeddable":true,"href":"https:\/\/gmracketsports.us\/es\/wp-json\/wp\/v2\/comments?post=146"}],"version-history":[{"count":11,"href":"https:\/\/gmracketsports.us\/es\/wp-json\/wp\/v2\/pages\/146\/revisions"}],"predecessor-version":[{"id":8322,"href":"https:\/\/gmracketsports.us\/es\/wp-json\/wp\/v2\/pages\/146\/revisions\/8322"}],"up":[{"embeddable":true,"href":"https:\/\/gmracketsports.us\/es\/wp-json\/wp\/v2\/pages\/1552"}],"wp:attachment":[{"href":"https:\/\/gmracketsports.us\/es\/wp-json\/wp\/v2\/media?parent=146"}],"curies":[{"name":"wp","href":"https:\/\/api.w.org\/{rel}","templated":true}]}}